{"id":102,"date":"2021-06-03T16:17:50","date_gmt":"2021-06-03T14:17:50","guid":{"rendered":"https:\/\/www.heinrich-bussmann-schule.de\/?page_id=102"},"modified":"2021-09-12T17:37:09","modified_gmt":"2021-09-12T15:37:09","slug":"kontakt","status":"publish","type":"page","link":"https:\/\/heinrich-bussmann-schule.de\/?page_id=102","title":{"rendered":"Kontakt"},"content":{"rendered":"<p>Heinrich &#8211; Bu\u00dfmann &#8211; Hauptschule<br \/>\nBebelstra\u00dfe 54<br \/>\n44532 L\u00fcnen<\/p>\n<p>Tel.: 02306 \/ 206 027<br \/>\nFax.: 02306 \/ 308 368<\/p>\n<p>E-Mail: <a href=\"&#x6d;&#x61;&#x69;&#x6c;&#x74;&#111;&#58;&#49;&#52;854&#x34;&#x40;&#x73;&#x63;&#x68;&#x75;&#108;&#101;&#46;nrw&#x2e;&#x64;&#x65;\">&#49;&#x34;&#x38;&#53;&#x34;&#x34;&#64;&#x73;&#x63;&#104;&#x75;&#x6c;&#101;&#x2e;&#x6e;&#114;&#x77;&#x2e;&#100;&#x65;<\/a><\/p>\n","protected":false},"excerpt":{"rendered":"<p>Heinrich &#8211; Bu\u00dfmann &#8211; Hauptschule Bebelstra\u00dfe 54 44532 L\u00fcnen Tel.: 02306 \/ 206 027 Fax.: 02306 \/ 308 368 E-Mail: &#49;&#x34;&#56;&#x35;4&#x34;&#64;&#115;&#x63;&#104;&#x75;&#108;&#x65;&#46;&#x6e;r&#119;&#x2e;&#100;&#x65;<\/p>\n","protected":false},"author":2,"featured_media":0,"parent":0,"menu_order":3,"comment_status":"closed","ping_status":"closed","template":"","meta":{"ngg_post_thumbnail":0,"footnotes":""},"class_list":["post-102","page","type-page","status-publish","hentry"],"_links":{"self":[{"href":"https:\/\/heinrich-bussmann-schule.de\/index.php?rest_route=\/wp\/v2\/pages\/102","targetHints":{"allow":["GET"]}}],"collection":[{"href":"https:\/\/heinrich-bussmann-schule.de\/index.php?rest_route=\/wp\/v2\/pages"}],"about":[{"href":"https:\/\/heinrich-bussmann-schule.de\/index.php?rest_route=\/wp\/v2\/types\/page"}],"author":[{"embeddable":true,"href":"https:\/\/heinrich-bussmann-schule.de\/index.php?rest_route=\/wp\/v2\/users\/2"}],"replies":[{"embeddable":true,"href":"https:\/\/heinrich-bussmann-schule.de\/index.php?rest_route=%2Fwp%2Fv2%2Fcomments&post=102"}],"version-history":[{"count":1,"href":"https:\/\/heinrich-bussmann-schule.de\/index.php?rest_route=\/wp\/v2\/pages\/102\/revisions"}],"predecessor-version":[{"id":2220,"href":"https:\/\/heinrich-bussmann-schule.de\/index.php?rest_route=\/wp\/v2\/pages\/102\/revisions\/2220"}],"wp:attachment":[{"href":"https:\/\/heinrich-bussmann-schule.de\/index.php?rest_route=%2Fwp%2Fv2%2Fmedia&parent=102"}],"curies":[{"name":"wp","href":"https:\/\/api.w.org\/{rel}","templated":true}]}}