{"id":1189,"date":"2021-08-21T18:25:03","date_gmt":"2021-08-21T16:25:03","guid":{"rendered":"https:\/\/www.heinrich-bussmann-schule.de\/?page_id=1189"},"modified":"2022-03-09T16:17:31","modified_gmt":"2022-03-09T15:17:31","slug":"schulordnung","status":"publish","type":"page","link":"https:\/\/heinrich-bussmann-schule.de\/?page_id=1189","title":{"rendered":"Schulordnung"},"content":{"rendered":"<h5><img fetchpriority=\"high\" decoding=\"async\" class=\"aligncenter size-large wp-image-1214\" src=\"https:\/\/heinrich-bussmann-schule.de\/wp-content\/uploads\/2021\/08\/Schulordnung-1024x683.jpg\" alt=\"\" width=\"660\" height=\"440\" srcset=\"https:\/\/heinrich-bussmann-schule.de\/wp-content\/uploads\/2021\/08\/Schulordnung-1024x683.jpg 1024w, https:\/\/heinrich-bussmann-schule.de\/wp-content\/uploads\/2021\/08\/Schulordnung-300x200.jpg 300w, https:\/\/heinrich-bussmann-schule.de\/wp-content\/uploads\/2021\/08\/Schulordnung-768x512.jpg 768w, https:\/\/heinrich-bussmann-schule.de\/wp-content\/uploads\/2021\/08\/Schulordnung-1536x1024.jpg 1536w, https:\/\/heinrich-bussmann-schule.de\/wp-content\/uploads\/2021\/08\/Schulordnung-2048x1365.jpg 2048w, https:\/\/heinrich-bussmann-schule.de\/wp-content\/uploads\/2021\/08\/Schulordnung-660x440.jpg 660w, https:\/\/heinrich-bussmann-schule.de\/wp-content\/uploads\/2021\/08\/Schulordnung-1000x667.jpg 1000w, https:\/\/heinrich-bussmann-schule.de\/wp-content\/uploads\/2021\/08\/Schulordnung-373x248.jpg 373w\" sizes=\"(max-width: 660px) 100vw, 660px\" \/><br \/>\n<strong>1. Unterricht<\/strong><\/h5>\n<p><strong>1.1 Unterrichtszeiten<\/strong><\/p>\n<ul>\n<li>Der Unterricht beginnt um 08.00 Uhr. F\u00fcnf Minuten vorher (nach dem 1. Schellen) betreten die Sch\u00fcler:innen das Geb\u00e4ude und begeben sich unverz\u00fcglich, d.h. auf dem k\u00fcrzesten Wege, zu den Klassen- und Fachr\u00e4umen.<\/li>\n<li>Folgende Unterrichtszeiten sind g\u00fcltig:<\/li>\n<\/ul>\n<p style=\"padding-left: 80px;\">1. Stunde: 08:00 \u2013 09:00 Uhr<br \/>\n2. Stunde: 09:05 \u2013 10:05 Uhr<br \/>\nPause<br \/>\n3. Stunde: 10:25 \u2013 11:25 Uhr<br \/>\n4. Stunde: 11:30 \u2013 12:30 Uhr<br \/>\nPause<br \/>\n5. Stunde: 12:45 \u2013 13:45 Uhr<br \/>\n6. Stunde: 13:45 \u2013 14:30 Uhr (Hausaufgabenbetreuung)<br \/>\n7. Stunde: 13:45 \u2013 15:00 Uhr (Silentien, AGs)<\/p>\n<ul>\n<li>Lehrer:innen und Sch\u00fcler:innen erhalten einen Stundenplan, \u00c4nderungen sind dem Vertretungsplan zu entnehmen. Der Vertretungsplan h\u00e4ngt aus. <strong>Jede:r Sch\u00fcler:in hat sich t\u00e4glich zu informieren.<\/strong><\/li>\n<li>Nach dem Unterricht verlassen die Sch\u00fcler:innen das Schulgel\u00e4nde.<\/li>\n<\/ul>\n<p><strong>1.2 P\u00fcnktlichkeit<\/strong><\/p>\n<ul>\n<li>Alle Versp\u00e4tungen werden grunds\u00e4tzlich im Klassenbuch vermerkt (auch entschuldigte Versp\u00e4tungen und Beurlaubungen). Eine Mitteilung an die Eltern erfolgt bei anhaltender Missachtung.<\/li>\n<li>Jede:r Sch\u00fcler:in hat die Pflicht, sich \u00fcber den vers\u00e4umten Unterrichtsstoff (auch im Krankheitsfall) zu informieren und Inhalte, Hausaufgaben u.\u00c4. nachzuholen.<\/li>\n<\/ul>\n<p><strong>1.3 Entschuldigungen<\/strong><\/p>\n<p style=\"padding-left: 40px;\">Bei Schulvers\u00e4umnis sind die Erziehungsberechtigten verpflichtet, sp\u00e4testens am zweiten Tage die Schule zu benachrichtigen. Dies kann gegebenenfalls auch telefonisch erfolgen, wenn am Ende der Fehlzeit eine schriftliche Entschuldigung bzw. eine \u00e4rztliche Bescheinigung vorgelegt wird.<\/p>\n<p><strong>1.4 Verhalten im Unterricht<\/strong><\/p>\n<ul>\n<li>Zu Beginn der Unterrichtsstunde begibt sich jede:r Sch\u00fcler:in auf seinen Platz und verh\u00e4lt sich ruhig.<\/li>\n<li>St\u00f6ren des Unterrichtenden oder der Mitsch\u00fcler:innen durch Worte und Taten kann erzieherische Ma\u00dfnahmen (z.B. Unterrichtsausschluss) bzw. Ordnungsma\u00dfnahmen durch die Klassenkonferenz nach sich ziehen.<\/li>\n<li>F\u00fcr ihren Klassenraum \u00fcbernehmen die jeweiligen Lerngruppen mit der Lehrkraft die Verantwortung (Sauberkeit, Besch\u00e4digungen usw.). Jeder Schaden ist der unterrichtenden Lehrkraft umgehend zu melden. Bei mutwilligen Besch\u00e4digungen und Diebstahl haften die Eltern. Nach Unterrichtsschluss sind die St\u00fchle hoch zustellen.<\/li>\n<li>Abfall wird getrennt entsorgt. Die M\u00fclleimer werden bei Bedarf und nach interner Absprache entleert.<\/li>\n<\/ul>\n<p><strong>1.5 Vor- und Nachbereiten des Unterrichts<\/strong><\/p>\n<ul>\n<li>F\u00fcr das ordnungsgem\u00e4\u00dfe Vorhandensein von entsprechenden B\u00fcchern, Heften, Mappen und Arbeitsmaterialien sind Eltern und Sch\u00fcler:innen verantwortlich. Zu Schuljahresbeginn soll jede:r Sch\u00fcler:in eine Auflistung anzuschaffender Hefte und Materialien erhalten. Die Schule sorgt f\u00fcr alle notwendigen B\u00fccher. Eltern zahlen zu Schuljahresbeginn einen angemessenen Betrag f\u00fcr B\u00fccher und Kopierkosten.<\/li>\n<li>Zu jeder Stunde m\u00fcssen alle entsprechenden Schulb\u00fccher und Unterrichtsmaterialien vorhanden sein. Eltern und Sch\u00fcler:innen haften f\u00fcr Verlust und Besch\u00e4digung der Schulb\u00fccher.<\/li>\n<li>Das Anfertigen der Hausaufgaben ist Pflicht der Sch\u00fcler.:innen. Die Lehrer:innen kontrollieren sie, fehlende Hausaufgaben sollen nachgearbeitet werden. Das kann gegebenenfalls auch nach dem Unterricht in der HBS unter Aufsicht geschehen.<\/li>\n<\/ul>\n<p><strong>2. Pausen<\/strong><\/p>\n<ul>\n<li>Den Aufsicht f\u00fchrenden Lehrpersonen ist grunds\u00e4tzlich und unbedingt Folge zu leisten.<\/li>\n<li>Vor Beginn des Unterrichts (ab 07.35 Uhr) und in den gro\u00dfen Pausen werden die Sch\u00fcler:innen beaufsichtigt. Die Aufsicht f\u00fchrenden Lehrpersonen werden von ausgew\u00e4hlten \u00e4lteren Sch\u00fcler:innen unterst\u00fctzt.<\/li>\n<li>In der Wechselzeit bleiben die Sch\u00fcler:innen auf ihren Pl\u00e4tzen und bereiten ihr Material f\u00fcr die n\u00e4chste Stunde vor. Gegebenenfalls nutzen sie die Zeit, um den Raum zu wechseln oder das WC aufzusuchen.<\/li>\n<li>W\u00e4hrend der beiden gro\u00dfen Pausen begeben sich alle Sch\u00fcler:innen direkt auf den Schulhof (Ausnahme: Es wurde eine \u201eRegenpause\u201c ausgerufen). Durch Z\u00e4une, Hecken usw. abgetrennte Teile des Schulgel\u00e4ndes sowie der Parkplatz geh\u00f6ren nicht zu dem Aufenthaltsbereich. In den Monaten von Mai bis Oktober steht nur den Sch\u00fcler:innen aus den Jahrg\u00e4ngen 5 und 6 zus\u00e4tzlich der Spielplatz zur Verf\u00fcgung.<\/li>\n<li>Vor Beginn des Unterrichts in Fachr\u00e4umen holen die Sch\u00fcler:innen ihre Taschen aus dem Klassenraum.<\/li>\n<li>Das Verlassen des Schulhofes ist w\u00e4hrend der Unterrichtszeit und in den Pausen verboten, da u.a. der Versicherungsschutz f\u00fcr Sch\u00fcler:innen erlischt. Bei Nichtbefolgung: Mitteilung an die Eltern und gegebenenfalls Ordnungsma\u00dfnahmen.<\/li>\n<li>W\u00e4hrend der Regenpause gilt folgende Regelung: Alle Sch\u00fclerinnen und Sch\u00fcler begeben sich in den Raum der Folgestunde. Aufsicht f\u00fchren die jeweiligen Klassen- oder Fachlehrer der Folgestunde. Ausgew\u00e4hlte Sch\u00fcler:innen der Jahrgangstufe 10 unter-st\u00fctzen bei der Toilettenaufsicht.<\/li>\n<li>Die ger\u00e4uschlose Nutzung der Handys ist auf dem Schulhof in den Pausen erlaubt. Bei Regenpausen gilt diese Regelung ausnahmsweise auch im Klassenraum. <\/li>\n<li>Die Nutzung von Scootern und Fahrr\u00e4dern ist auf dem Schulgel\u00e4nde nicht gestattet. <\/li>\n<li>Das Rauchen ist auf dem gesamten Schulgel\u00e4nde nicht gestattet. <\/li>\n<\/ul>\n<p><strong>3. Toiletten<\/strong><\/p>\n<ul>\n<li>Die Sch\u00fcler:innen haben die M\u00f6glichkeit die Toilette bis 7:55 Uhr zu besuchen.<\/li>\n<li>Die Toiletten sind grunds\u00e4tzlich kein Aufenthaltsort. <\/li>\n<li>W\u00e4hrend des Unterrichts werden die Toiletten nur in dringenden F\u00e4llen besucht. Dies wird auf Toilettenlisten festgehalten. Der Schl\u00fcssel f\u00fcr die Toiletten muss im Sekretariat abgeholt werden.<\/li>\n<\/ul>\n<p><strong>4. Handynutzung<\/strong><\/p>\n<ul>\n<li>Die Handynutzung im Schulgeb\u00e4ude ist grunds\u00e4tzlich verboten. Ausnahmen bilden nur die Nutzung zu Unterrichtszwecken mit Erlaubnis der Lehrkraft und die Regenpausen.<\/li>\n<li>Die Handynutzung auf dem Schulhof ist w\u00e4hrend der gro\u00dfen Pausen ohne die St\u00f6rung anderer erlaubt.<\/li>\n<li>Als St\u00f6rung bzw. Verbot gilt hierbei u.a.:<br \/>\n&#8211;\tTelefonieren<br \/>\n&#8211;\tFoto- und Videoaufnahmen<br \/>\n&#8211;\tVerbreitung pornografischer und gewaltt\u00e4tiger Inhalte<br \/>\n&#8211;\tMusikh\u00f6ren, Handyspielen, etc. ohne Kopfh\u00f6rer<\/li>\n<\/ul>\n<p><strong>5. Kleidung<\/strong><\/p>\n<ul>\n<li>In der Schule tragen die Sch\u00fcler:innen angemessene und saubere Kleidung.<br \/>\nZu unangemessenen Kleidungsst\u00fccken geh\u00f6ren zum Beispiel: durchsichtige Bekleidung, sehr knappe Kleidung, Jogginghosen sowie Schuhe mit besonders hohen Abs\u00e4tzen.<\/li>\n<li>Im Unterricht setzen die Sch\u00fcler ihre M\u00fctze, Kapuze oder Kappe ab. Au\u00dferhalb des Klassenraums und Fachraums ist das Tragen erlaubt.<\/li>\n<\/ul>\n<p><strong>5.1. Sportkleidung<\/strong><\/p>\n<ul>\n<li>Die Eltern sind verpflichtet, ihre Kinder mit Sportkleidung und Hallenturnschuhen auszustatten. Sie geben ihren Kindern Seife, Handtuch usw. f\u00fcr die K\u00f6rperhygiene mit.<\/li>\n<li>Das Betreten der Turnhalle ohne Turnschuhe ist nicht gestattet.<\/li>\n<li>Wertsachen sollten zum Sportunterricht nicht mitgebracht werden.<\/li>\n<li>Im Sportunterricht ist es nicht gestattet, zu knappe (zu kurze\/zu enge) Kleidung zu tragen.<\/li>\n<li>Im Schwimmunterricht k\u00f6nnen Badeanz\u00fcge oder Burkinis nach Wunsch mit oder ohne Badekappe getragen werden.<\/li>\n<\/ul>\n<p><strong>6. Allgemeine Bestimmungen<\/strong><\/p>\n<ul>\n<li>Bei Verletzungen und K\u00f6rpersch\u00e4den ist neben den ausgebildeten Schulrettungssanit\u00e4tern die n\u00e4chst erreichbare Lehrkraft zu verst\u00e4ndigen. Dieser leitet die notwendigen Ma\u00dfnahmen ein.<\/li>\n<li>Das Lehrerzimmer sollte von Sch\u00fcler:innen, Eltern und anderen Personen nur in Ausnahmef\u00e4llen betreten werden.<\/li>\n<li>Die Sch\u00fcler:innen halten sich nicht im Eingangsbereich zur Verwaltung auf. Hier finden auch keine Lehrer:innen-Sch\u00fcler:innen-Gespr\u00e4che statt. Sch\u00fcler:innen steht das Sekretariat grunds\u00e4tzlich nur in den gro\u00dfen Pausen zur Verf\u00fcgung.<\/li>\n<li>Die Sch\u00fcler:innen holen ihre Lehrer:innen nach Pausen nicht vom Lehrerzimmer ab.<\/li>\n<li>Fahrr\u00e4der werden nur in den Fahrradst\u00e4ndern abgestellt. Anordnungen von Schulhausmeistern und Fahrradw\u00e4chtern ist Folge zu leisten.<\/li>\n<li>Diebstahl und Sachbesch\u00e4digungen am Eigentum der HBS, der Lehrer:innen und der Sch\u00fcler:innen (auch Kraftfahrzeuge, Fahrr\u00e4der u.\u00c4. ) werden zur Anzeige gebracht.<\/li>\n<li>Eltern sorgen daf\u00fcr, dass ihre Kinder keine unn\u00f6tigen Wertgegenst\u00e4nde mit zur Schule bringen. Handys sind w\u00e4hrend der Unterrichtszeit grunds\u00e4tzlich abgeschaltet. Bei Zuwiderhandlung zieht sie die Lehrkr\u00e4fte ein.<\/li>\n<li>Waffen und Drogen sind auf dem Gel\u00e4nde der HBS tabu. Zuwiderhandlungen haben Ordnungsma\u00dfnahmen und Anzeigen zur Folge.<\/li>\n<li>Die Sch\u00fcler:innen sind verpflichtet, das Schulgel\u00e4nde sauber zu halten. Rauchen und Genuss von Alkohol sind verboten. Zuwiderhandlungen m\u00fcssen dem\/der Klassenlehrer:in oder der Schulleitung gemeldet werden.<\/li>\n<\/ul>\n<p><strong>7. Besondere Bestimmungen<\/strong><\/p>\n<ul>\n<li>Die HBS will allen Sch\u00fcler:innen eine Schulzeit erm\u00f6glichen, die frei ist von Gewalt und Rassismus. Bei Eintritt in die Schule erkl\u00e4ren sich alle Sch\u00fcler:innen mit diesen Zielen durch Abschluss eines entsprechenden Vertrages einverstanden.<\/li>\n<li>Jede:r Sch\u00fcler:in ist aufgefordert, auch au\u00dferhalb der Schule die HBS durch angemessenes Verhalten w\u00fcrdig zu vertreten. Dies gilt insbesondere f\u00fcr das unmittelbare Umfeld der Schule vor und nach dem Unterricht. Die Nachbarschaft ist vor Verunreinigungen, Bel\u00e4stigungen und \u00e4hnlichem unbedingt zu sch\u00fctzen. Zuwiderhandlungen werden von der Schulleitung verfolgt.<\/li>\n<li>Die Schulordnung ist f\u00fcr alle verbindlich und in jedem Jahr Gegenstand einer Besprechung in der Klasse, Klassenpflegschaft und der Lehrerkonferenz.<\/li>\n<\/ul>\n<p><strong>Die Schulleitung<\/strong><\/p>\n","protected":false},"excerpt":{"rendered":"<p>1. Unterricht 1.1 Unterrichtszeiten Der Unterricht beginnt um 08.00 Uhr. F\u00fcnf Minuten vorher (nach dem 1. Schellen) betreten die Sch\u00fcler:innen das Geb\u00e4ude und begeben sich unverz\u00fcglich, d.h. auf dem k\u00fcrzesten&hellip; <a class=\"excerpt-more-link\" href=\"https:\/\/heinrich-bussmann-schule.de\/?page_id=1189\">Weiterlesen<\/a><\/p>\n","protected":false},"author":1,"featured_media":0,"parent":92,"menu_order":4,"comment_status":"closed","ping_status":"closed","template":"","meta":{"ngg_post_thumbnail":0,"footnotes":""},"class_list":["post-1189","page","type-page","status-publish","hentry"],"_links":{"self":[{"href":"https:\/\/heinrich-bussmann-schule.de\/index.php?rest_route=\/wp\/v2\/pages\/1189","targetHints":{"allow":["GET"]}}],"collection":[{"href":"https:\/\/heinrich-bussmann-schule.de\/index.php?rest_route=\/wp\/v2\/pages"}],"about":[{"href":"https:\/\/heinrich-bussmann-schule.de\/index.php?rest_route=\/wp\/v2\/types\/page"}],"author":[{"embeddable":true,"href":"https:\/\/heinrich-bussmann-schule.de\/index.php?rest_route=\/wp\/v2\/users\/1"}],"replies":[{"embeddable":true,"href":"https:\/\/heinrich-bussmann-schule.de\/index.php?rest_route=%2Fwp%2Fv2%2Fcomments&post=1189"}],"version-history":[{"count":16,"href":"https:\/\/heinrich-bussmann-schule.de\/index.php?rest_route=\/wp\/v2\/pages\/1189\/revisions"}],"predecessor-version":[{"id":2719,"href":"https:\/\/heinrich-bussmann-schule.de\/index.php?rest_route=\/wp\/v2\/pages\/1189\/revisions\/2719"}],"up":[{"embeddable":true,"href":"https:\/\/heinrich-bussmann-schule.de\/index.php?rest_route=\/wp\/v2\/pages\/92"}],"wp:attachment":[{"href":"https:\/\/heinrich-bussmann-schule.de\/index.php?rest_route=%2Fwp%2Fv2%2Fmedia&parent=1189"}],"curies":[{"name":"wp","href":"https:\/\/api.w.org\/{rel}","templated":true}]}}