{"id":1192,"date":"2021-08-21T18:28:26","date_gmt":"2021-08-21T16:28:26","guid":{"rendered":"https:\/\/www.heinrich-bussmann-schule.de\/?page_id=1192"},"modified":"2021-09-03T18:22:13","modified_gmt":"2021-09-03T16:22:13","slug":"herkunftssprachlicher-unterricht","status":"publish","type":"page","link":"https:\/\/heinrich-bussmann-schule.de\/?page_id=1192","title":{"rendered":"Herkunftssprachlicher Unterricht"},"content":{"rendered":"<p><img fetchpriority=\"high\" decoding=\"async\" class=\"aligncenter size-large wp-image-1220\" src=\"https:\/\/heinrich-bussmann-schule.de\/wp-content\/uploads\/2021\/08\/HSU-1024x683.jpg\" alt=\"\" width=\"660\" height=\"440\" srcset=\"https:\/\/heinrich-bussmann-schule.de\/wp-content\/uploads\/2021\/08\/HSU-1024x683.jpg 1024w, https:\/\/heinrich-bussmann-schule.de\/wp-content\/uploads\/2021\/08\/HSU-300x200.jpg 300w, https:\/\/heinrich-bussmann-schule.de\/wp-content\/uploads\/2021\/08\/HSU-768x512.jpg 768w, https:\/\/heinrich-bussmann-schule.de\/wp-content\/uploads\/2021\/08\/HSU-1536x1024.jpg 1536w, https:\/\/heinrich-bussmann-schule.de\/wp-content\/uploads\/2021\/08\/HSU-2048x1365.jpg 2048w, https:\/\/heinrich-bussmann-schule.de\/wp-content\/uploads\/2021\/08\/HSU-660x440.jpg 660w, https:\/\/heinrich-bussmann-schule.de\/wp-content\/uploads\/2021\/08\/HSU-1000x667.jpg 1000w, https:\/\/heinrich-bussmann-schule.de\/wp-content\/uploads\/2021\/08\/HSU-373x248.jpg 373w\" sizes=\"(max-width: 660px) 100vw, 660px\" \/><\/p>\n<p class=\"intro\">Im Kreis Unna gibt es f\u00fcr Sch\u00fcler:innen unserer Schule Herkunftssprachlichen Unterricht (HSU) in 7 Sprachen:<\/p>\n<ul>\n<li>Arabisch<\/li>\n<li>Griechisch<\/li>\n<li>Italienisch<\/li>\n<li>Polnisch<\/li>\n<li>Portugiesisch<\/li>\n<li>Russisch<\/li>\n<li>T\u00fcrkisch<\/li>\n<li>Bei Bedarf sind auch weitere Sprachen m\u00f6glich.<\/li>\n<\/ul>\n<p>Der Unterricht in der Herkunftssprache erleichtert das Erlernen der deutschen Sprache und die Sch\u00fcler:innen werden in ihrer Mehrsprachigkeit gef\u00f6rdert.<\/p>\n<p>Es wird eine Sprachpr\u00fcfung abgelegt, deren Note in das Zeugnis \u00fcbernommen wird. Somit k\u00f6nnen Noten in Fremdsprachen ausgeglichen werden. Der Unterricht findet meistens nachmittags statt \u2013 bis zu 5 Stunden in der Woche. Da nicht an jedem Standort jede Herkunftssprache angeboten wird, werden teilweise Kinder aus mehreren Schulen gemeinsam unterrichtet.<\/p>\n<p>Die Kenntnisse sind f\u00fcr den sp\u00e4teren Beruf von Bedeutung.<\/p>\n<p>Voraussetzung f\u00fcr die Teilnahme sind Grundkenntnisse in der Sprache.<\/p>\n<p>Die Anmeldung zum HSU k\u00f6nnen Sie beim Anmeldegespr\u00e4ch an der Schule abgeben. Es ist aber auch noch in einer h\u00f6heren Klasse m\u00f6glich \u2013 immer zum n\u00e4chsten Schuljahr. Eine Abmeldung ist jedoch nur zum Ende des Schuljahres m\u00f6glich.<\/p>\n<p>Weitere Informationen zum HSU:<\/p>\n<ul>\n<li>auf den Seiten des Schulamtes f\u00fcr den Kreis Unna<\/li>\n<li>auf den Seiten der <a href=\"https:\/\/www.bezreg-arnsberg.nrw.de\/themen\/h\/herkunftssprachlicher_unterricht\/index.php\" target=\"_blank\" rel=\"noopener\">Bezirksregierung Arnsberg<\/a><\/li>\n<li>auf den Seiten des <a href=\"https:\/\/www.schulministerium.nrw.de\/docs\/Schulsystem\/Unterricht\/Lernbereiche-und-Faecher\/Sprachlich-literarischer-Lernbereich\/Herkunftssprachlicher-Unterricht\/index.html\" target=\"_blank\" rel=\"noopener\">Schulministeriums NRW<\/a><\/li>\n<\/ul>\n","protected":false},"excerpt":{"rendered":"<p>Im Kreis Unna gibt es f\u00fcr Sch\u00fcler:innen unserer Schule Herkunftssprachlichen Unterricht (HSU) in 7 Sprachen: Arabisch Griechisch Italienisch Polnisch Portugiesisch Russisch T\u00fcrkisch Bei Bedarf sind auch weitere Sprachen m\u00f6glich. Der&hellip; <a class=\"excerpt-more-link\" href=\"https:\/\/heinrich-bussmann-schule.de\/?page_id=1192\">Weiterlesen<\/a><\/p>\n","protected":false},"author":1,"featured_media":0,"parent":92,"menu_order":2,"comment_status":"closed","ping_status":"closed","template":"","meta":{"ngg_post_thumbnail":0,"footnotes":""},"class_list":["post-1192","page","type-page","status-publish","hentry"],"_links":{"self":[{"href":"https:\/\/heinrich-bussmann-schule.de\/index.php?rest_route=\/wp\/v2\/pages\/1192","targetHints":{"allow":["GET"]}}],"collection":[{"href":"https:\/\/heinrich-bussmann-schule.de\/index.php?rest_route=\/wp\/v2\/pages"}],"about":[{"href":"https:\/\/heinrich-bussmann-schule.de\/index.php?rest_route=\/wp\/v2\/types\/page"}],"author":[{"embeddable":true,"href":"https:\/\/heinrich-bussmann-schule.de\/index.php?rest_route=\/wp\/v2\/users\/1"}],"replies":[{"embeddable":true,"href":"https:\/\/heinrich-bussmann-schule.de\/index.php?rest_route=%2Fwp%2Fv2%2Fcomments&post=1192"}],"version-history":[{"count":2,"href":"https:\/\/heinrich-bussmann-schule.de\/index.php?rest_route=\/wp\/v2\/pages\/1192\/revisions"}],"predecessor-version":[{"id":3301,"href":"https:\/\/heinrich-bussmann-schule.de\/index.php?rest_route=\/wp\/v2\/pages\/1192\/revisions\/3301"}],"up":[{"embeddable":true,"href":"https:\/\/heinrich-bussmann-schule.de\/index.php?rest_route=\/wp\/v2\/pages\/92"}],"wp:attachment":[{"href":"https:\/\/heinrich-bussmann-schule.de\/index.php?rest_route=%2Fwp%2Fv2%2Fmedia&parent=1192"}],"curies":[{"name":"wp","href":"https:\/\/api.w.org\/{rel}","templated":true}]}}