{"id":1196,"date":"2021-08-21T18:34:36","date_gmt":"2021-08-21T16:34:36","guid":{"rendered":"https:\/\/www.heinrich-bussmann-schule.de\/?page_id=1196"},"modified":"2021-10-05T12:20:38","modified_gmt":"2021-10-05T10:20:38","slug":"links-downloads","status":"publish","type":"page","link":"https:\/\/heinrich-bussmann-schule.de\/?page_id=1196","title":{"rendered":"Links &#038; Downloads"},"content":{"rendered":"<p><strong>Entschuldigung<\/strong><br \/>\nHier finden Sie eine Vorlage, um Ihr Kind f\u00fcr den Unterricht zu entschuldigen. Bitte ausdrucken und ausgef\u00fcllt im Sekretariat der Schule oder bei der Klassenlehrkraft abgeben.<br \/>\n<a href=\"https:\/\/heinrich-bussmann-schule.de\/wp-content\/uploads\/2021\/10\/Vorlage-Entschuldigung.pdf\">Vorlage Entschuldigung<\/a><\/p>\n<p><strong>Busfahrkarten<\/strong><br \/>\nHier finden Sie wichtige Informationen und Fahrkartenantr\u00e4ge der <a href=\"https:\/\/www.vku-online.de\" target=\"_blank\" rel=\"noopener\">VKU <\/a>:<br \/>\n<a href=\"https:\/\/www.fahrtwind-online.de\/fahrtwind\/service\/downloads\" target=\"_blank\" rel=\"noopener\">FlashTicket, SozialTicket, Sch\u00fclerAbo&#8230;<\/a><\/p>\n<p><strong>Schulsozialarbeit an der HBS<\/strong><br \/>\n<a href=\"https:\/\/heinrich-bussmann-schule.de\/wp-content\/uploads\/2021\/09\/Sozialarbeit.pdf\"><a href=\"https:\/\/heinrich-bussmann-schule.de\/wp-content\/uploads\/2021\/09\/Sozialarbeit.pdf\" rel=\"noopener\" target=\"_blank\">Flyer Schulsozialarbeit<\/a><\/p>\n<p><strong>Sch\u00fcler-Online<\/strong><br \/>\nAls Sch\u00fcler besteht die M\u00f6glichkeit, sich \u00fcber dieses Portal zur Berufsschule im Rahmen der Dualen Ausbildung, zur Gymnasialen Oberstufe und an Berufskollegs in Nordrhein-Westfalen anzumelden. Auf der Seite <a href=\"https:\/\/www.schueleranmeldung.de\/ProdB\/Startseiten\/login.aspx\" target=\"_blank\" rel=\"noopener\">www.schueleranmeldung.de<\/a> k\u00f6nnen Sie sich mit einem Klick auf Bildungsangebot \u00fcber die verschiedenen Bildungsangebote informieren.<\/p>\n","protected":false},"excerpt":{"rendered":"<p>Entschuldigung Hier finden Sie eine Vorlage, um Ihr Kind f\u00fcr den Unterricht zu entschuldigen. Bitte ausdrucken und ausgef\u00fcllt im Sekretariat der Schule oder bei der Klassenlehrkraft abgeben. Vorlage Entschuldigung Busfahrkarten&hellip; <a class=\"excerpt-more-link\" href=\"https:\/\/heinrich-bussmann-schule.de\/?page_id=1196\">Weiterlesen<\/a><\/p>\n","protected":false},"author":1,"featured_media":0,"parent":92,"menu_order":6,"comment_status":"closed","ping_status":"closed","template":"","meta":{"ngg_post_thumbnail":0,"footnotes":""},"class_list":["post-1196","page","type-page","status-publish","hentry"],"_links":{"self":[{"href":"https:\/\/heinrich-bussmann-schule.de\/index.php?rest_route=\/wp\/v2\/pages\/1196","targetHints":{"allow":["GET"]}}],"collection":[{"href":"https:\/\/heinrich-bussmann-schule.de\/index.php?rest_route=\/wp\/v2\/pages"}],"about":[{"href":"https:\/\/heinrich-bussmann-schule.de\/index.php?rest_route=\/wp\/v2\/types\/page"}],"author":[{"embeddable":true,"href":"https:\/\/heinrich-bussmann-schule.de\/index.php?rest_route=\/wp\/v2\/users\/1"}],"replies":[{"embeddable":true,"href":"https:\/\/heinrich-bussmann-schule.de\/index.php?rest_route=%2Fwp%2Fv2%2Fcomments&post=1196"}],"version-history":[{"count":7,"href":"https:\/\/heinrich-bussmann-schule.de\/index.php?rest_route=\/wp\/v2\/pages\/1196\/revisions"}],"predecessor-version":[{"id":2381,"href":"https:\/\/heinrich-bussmann-schule.de\/index.php?rest_route=\/wp\/v2\/pages\/1196\/revisions\/2381"}],"up":[{"embeddable":true,"href":"https:\/\/heinrich-bussmann-schule.de\/index.php?rest_route=\/wp\/v2\/pages\/92"}],"wp:attachment":[{"href":"https:\/\/heinrich-bussmann-schule.de\/index.php?rest_route=%2Fwp%2Fv2%2Fmedia&parent=1196"}],"curies":[{"name":"wp","href":"https:\/\/api.w.org\/{rel}","templated":true}]}}