{"id":13,"date":"2021-06-03T13:24:01","date_gmt":"2021-06-03T11:24:01","guid":{"rendered":"https:\/\/www.heinrich-bussmann-schule.de\/?page_id=13"},"modified":"2021-08-21T17:48:41","modified_gmt":"2021-08-21T15:48:41","slug":"leitbild","status":"publish","type":"page","link":"https:\/\/heinrich-bussmann-schule.de\/?page_id=13","title":{"rendered":"Leitbild"},"content":{"rendered":"<div id=\"attachment_1112\" style=\"width: 760px\" class=\"wp-caption alignnone\"><img fetchpriority=\"high\" decoding=\"async\" aria-describedby=\"caption-attachment-1112\" class=\"size-full wp-image-1112\" src=\"https:\/\/heinrich-bussmann-schule.de\/wp-content\/uploads\/2021\/08\/Wir-sind-Luenen-60-Jahre-Heinrich-Bussmann-Schule.jpg\" alt=\"\" width=\"750\" height=\"500\" srcset=\"https:\/\/heinrich-bussmann-schule.de\/wp-content\/uploads\/2021\/08\/Wir-sind-Luenen-60-Jahre-Heinrich-Bussmann-Schule.jpg 750w, https:\/\/heinrich-bussmann-schule.de\/wp-content\/uploads\/2021\/08\/Wir-sind-Luenen-60-Jahre-Heinrich-Bussmann-Schule-300x200.jpg 300w, https:\/\/heinrich-bussmann-schule.de\/wp-content\/uploads\/2021\/08\/Wir-sind-Luenen-60-Jahre-Heinrich-Bussmann-Schule-660x440.jpg 660w, https:\/\/heinrich-bussmann-schule.de\/wp-content\/uploads\/2021\/08\/Wir-sind-Luenen-60-Jahre-Heinrich-Bussmann-Schule-373x248.jpg 373w\" sizes=\"(max-width: 750px) 100vw, 750px\" \/><p id=\"caption-attachment-1112\" class=\"wp-caption-text\">Foto: G\u00fcnter Blaszczyk<\/p><\/div>\n<p class=\"intro\">Die Heinrich-Bu\u00dfmann-Schule ist eine Gemeinschaftshauptschule in L\u00fcnen mit Halbtagsunterricht. Seit Jahren zeigt die Schule mit ca. 360 Sch\u00fcler:innen konstante Anmeldezahlen.<\/p>\n<p><span class=\"dropcap\">D<\/span>ie St\u00e4rken der HBS sind vielf\u00e4ltig ausgebildet und fu\u00dfen auf einer besonderen Schulatmosph\u00e4re, einem engagierten, innovativen und kooperationsbereiten Lehrer- und Mitarbeiterteam und einer klaren F\u00fchrungsverantwortung der Schulleitung.<\/p>\n<p>\u00dcber eine individuelle Zuwendung, Beratung und Betreuung der Sch\u00fcler:innen etablierte sich an der HBS ein von Wertsch\u00e4tzung und Respekt gepr\u00e4gtes soziales Klima, in dem das Miteinbeziehen der Sch\u00fcler:innen in das Schulleben und die Ausbildung der Sch\u00fclerpers\u00f6nlichkeiten hervorragend gelingt.<\/p>\n<p>Die hohe Identifikation aller Beteiligten bildet mit den genannten Aspekten ein starkes Fundament f\u00fcr eine stete Weiterentwicklung und f\u00fcr eine stringente Berufsorientierung. Die Anerkennung und Wertsch\u00e4tzung der kulturellen Hintergr\u00fcnde und famili\u00e4ren Strukturen sowie die Arbeit an und mit den zum Teil schwierigen sozialen Bedingungen der Sch\u00fcler:innen gelingt besonders effizient in einem kleinen System in dem Jeder Jeden kennt wie in der HBS.<\/p>\n<p>Die HBS ist mit unterschiedlichen Projektausrichtungen darauf ausgerichtet, Sch\u00fcler:innen die Integration in den Ausbildungs- und Besch\u00e4ftigungsmarkt zu ebnen. Ebenso ist die St\u00e4rkung der sozialen Kompetenzen, Toleranz, Teamf\u00e4higkeit und Zuverl\u00e4ssigkeit der Sch\u00fcler:innen ein unverzichtbarer Faktor auf dem Weg zur Ausbildungsreife. Dies gelingt durch die Einbeziehung der Eltern als dem wichtigsten Orientierungskriterium der Sch\u00fcler:innen, einer intensiven Netzwerkarbeit mit kleinen Betrieben, gro\u00dfen Unternehmen und ausgesuchten Lernpartner und einer wirklich individuellen Begleitung der Sch\u00fcler:innen zum fr\u00fchstm\u00f6glichen Zeitpunkt. Aufgrund dieser engagierten und erfolgreichen Arbeit und einer Vermittlungsquote in Ausbildung von \u00fcber 50 % wurde die Heinrich-Bu\u00dfmann-Schule im Sommer 2015 als sechsbeste Schule in ganz NRW ausgezeichnet, die zur Ausbildungsreife f\u00fchrt.<\/p>\n<p class=\"pull-right\">\u201eGemeinsam leben und arbeiten in einer gewaltfreien, offenen und toleranten Schule.\u201c<\/p>\n<p>In Sinne unseres Leitbildes wurde die HBS im Oktober 2015 als \u201eSchule ohne Rassismus \u2013 Schule mit Courage\u201c ausgezeichnet.<\/p>\n<p>Seit Jahren sind auch Sch\u00fcler:innen mit unterschiedlichen F\u00f6rderschwerpunkten Mitglieder der Schulgemeinschaft. Im Jahr 2013 und 2015 war die HBS zweimal erster Preistr\u00e4ger des \u201eF\u00f6rderpreises f\u00fcr inklusive Schulentwicklung\u201c.<\/p>\n<p>Um die Qualit\u00e4t der Schule zu erhalten, ist eine systematische Evaluationskultur zur Auswertung schulinterner Qualit\u00e4tsprozesse, \u00dcberpr\u00fcfung der Wirksamkeit der Schulprogrammarbeit und Steuerung des schulischen Entwicklungsprozesses etabliert.<\/p>\n","protected":false},"excerpt":{"rendered":"<p>Die Heinrich-Bu\u00dfmann-Schule ist eine Gemeinschaftshauptschule in L\u00fcnen mit Halbtagsunterricht. Seit Jahren zeigt die Schule mit ca. 360 Sch\u00fcler:innen konstante Anmeldezahlen. Die St\u00e4rken der HBS sind vielf\u00e4ltig ausgebildet und fu\u00dfen auf&hellip; <a class=\"excerpt-more-link\" href=\"https:\/\/heinrich-bussmann-schule.de\/?page_id=13\">Weiterlesen<\/a><\/p>\n","protected":false},"author":2,"featured_media":0,"parent":11,"menu_order":1,"comment_status":"closed","ping_status":"closed","template":"","meta":{"ngg_post_thumbnail":0,"footnotes":""},"class_list":["post-13","page","type-page","status-publish","hentry"],"_links":{"self":[{"href":"https:\/\/heinrich-bussmann-schule.de\/index.php?rest_route=\/wp\/v2\/pages\/13","targetHints":{"allow":["GET"]}}],"collection":[{"href":"https:\/\/heinrich-bussmann-schule.de\/index.php?rest_route=\/wp\/v2\/pages"}],"about":[{"href":"https:\/\/heinrich-bussmann-schule.de\/index.php?rest_route=\/wp\/v2\/types\/page"}],"author":[{"embeddable":true,"href":"https:\/\/heinrich-bussmann-schule.de\/index.php?rest_route=\/wp\/v2\/users\/2"}],"replies":[{"embeddable":true,"href":"https:\/\/heinrich-bussmann-schule.de\/index.php?rest_route=%2Fwp%2Fv2%2Fcomments&post=13"}],"version-history":[{"count":0,"href":"https:\/\/heinrich-bussmann-schule.de\/index.php?rest_route=\/wp\/v2\/pages\/13\/revisions"}],"up":[{"embeddable":true,"href":"https:\/\/heinrich-bussmann-schule.de\/index.php?rest_route=\/wp\/v2\/pages\/11"}],"wp:attachment":[{"href":"https:\/\/heinrich-bussmann-schule.de\/index.php?rest_route=%2Fwp%2Fv2%2Fmedia&parent=13"}],"curies":[{"name":"wp","href":"https:\/\/api.w.org\/{rel}","templated":true}]}}