{"id":15,"date":"2021-06-03T13:40:29","date_gmt":"2021-06-03T11:40:29","guid":{"rendered":"https:\/\/www.heinrich-bussmann-schule.de\/?page_id=15"},"modified":"2021-09-12T08:58:02","modified_gmt":"2021-09-12T06:58:02","slug":"lernkultur","status":"publish","type":"page","link":"https:\/\/heinrich-bussmann-schule.de\/?page_id=15","title":{"rendered":"Lernkultur \/ Abschl\u00fcsse"},"content":{"rendered":"<p class=\"intro\">Die Bildungschancen an der Heinrich-Bu\u00dfmann-Schule sind vielseitig. Unseren Sch\u00fcler:innen erm\u00f6glichen wir verschiedene Schulabschl\u00fcsse.<\/p>\n<p><span class=\"dropcap\">D<\/span>ie Hauptschule erteilt alle Abschl\u00fcsse und Berechtigungen der Sekundarstufe I. Eine weiterf\u00fchrende Schulausbildung ist bei entsprechender Qualifikation m\u00f6glich.<\/p>\n<p><img fetchpriority=\"high\" decoding=\"async\" src=\"https:\/\/heinrich-bussmann-schule.de\/wp-content\/uploads\/2021\/09\/Abschluss-auf-der-HBS.jpg\" alt=\"\" width=\"1200\" height=\"1587\" class=\"alignnone size-full wp-image-2139\" srcset=\"https:\/\/heinrich-bussmann-schule.de\/wp-content\/uploads\/2021\/09\/Abschluss-auf-der-HBS.jpg 1200w, https:\/\/heinrich-bussmann-schule.de\/wp-content\/uploads\/2021\/09\/Abschluss-auf-der-HBS-250x330.jpg 250w, https:\/\/heinrich-bussmann-schule.de\/wp-content\/uploads\/2021\/09\/Abschluss-auf-der-HBS-774x1024.jpg 774w, https:\/\/heinrich-bussmann-schule.de\/wp-content\/uploads\/2021\/09\/Abschluss-auf-der-HBS-768x1016.jpg 768w, https:\/\/heinrich-bussmann-schule.de\/wp-content\/uploads\/2021\/09\/Abschluss-auf-der-HBS-1161x1536.jpg 1161w, https:\/\/heinrich-bussmann-schule.de\/wp-content\/uploads\/2021\/09\/Abschluss-auf-der-HBS-660x873.jpg 660w, https:\/\/heinrich-bussmann-schule.de\/wp-content\/uploads\/2021\/09\/Abschluss-auf-der-HBS-1000x1323.jpg 1000w\" sizes=\"(max-width: 1200px) 100vw, 1200px\" \/><\/p>\n<p><strong>Hauptschulabschluss nach Klasse 9<\/strong><\/p>\n<ul>\n<li>Dieser Abschluss berechtigt zum Besuch der Klasse 10 Typ A der Hauptschule (bei Erf\u00fcllung der Vollzeitschulpflicht auch zum Besuch eines Berufskollegs oder zur Aufnahme einer Berufsausbildung)<\/li>\n<li>Der Hauptschulabschluss nach Klasse 9 mit Qualifikation berechtigt zum Besuch der Klasse 10 Typ B*.<\/li>\n<\/ul>\n<p><strong>Hauptschulabschluss nach Klasse 10 Typ A<\/strong><\/p>\n<ul>\n<li>Dieser Schulabschluss nach Klasse 10 berechtigt zum Eintritt in ein Berufsausbildungsverh\u00e4ltnis oder zum Besuch einer Fachschule bzw. Berufskollegs.<\/li>\n<\/ul>\n<p><strong>Hauptschulabschluss nach Klasse 10 Typ B<\/strong><\/p>\n<ul>\n<li>Mittlerer Schulabschluss (Fachoberschulreife) nach Klasse 10: berechtigt zum Besuch der Fachoberschule, der H\u00f6heren Berufsfachschule, der Kollegschule oder zum Eintritt in ein Berufsausbildungsverh\u00e4ltnis.<\/li>\n<li>Mittlerer Schulabschluss (Fachoberschulreife) nach Klasse 10 mit Qualifikation berechtigt zus\u00e4tzlich zum Besuch der gymnasialen Oberstufe.<\/li>\n<\/ul>\n<p><strong>*Die Qualifikation zum Besuch der Klasse 10 Typ B<\/strong><br \/>\nSch\u00fcler:innen werden in die Klasse 10 Typ B versetzt, wenn die Leistungen<\/p>\n<ul>\n<li>in allen F\u00e4chern und Lernbereichen mindestens ausreichend und in den F\u00e4chern Deutsch, Mathematik, Englisch mindestens gut und in zwei weiteren F\u00e4chern mindestens befriedigend sind oder<\/li>\n<li>in den F\u00e4chern Deutsch, Mathematik, Englisch mindestens befriedigend und in zwei weiteren F\u00e4chern mindestens gut sind oder<\/li>\n<li>in zwei der F\u00e4cher Deutsch, Mathematik, Englisch mindestens befriedigend und in vier weiteren F\u00e4chern mindestens gut sind.<\/li>\n<\/ul>\n<p>In Englisch oder Mathematik muss die erforderliche Note im Erweiterungskurs (E-Kurs) erbracht worden sein.<\/p>\n","protected":false},"excerpt":{"rendered":"<p>Die Bildungschancen an der Heinrich-Bu\u00dfmann-Schule sind vielseitig. Unseren Sch\u00fcler:innen erm\u00f6glichen wir verschiedene Schulabschl\u00fcsse. Die Hauptschule erteilt alle Abschl\u00fcsse und Berechtigungen der Sekundarstufe I. Eine weiterf\u00fchrende Schulausbildung ist bei entsprechender Qualifikation&hellip; <a class=\"excerpt-more-link\" href=\"https:\/\/heinrich-bussmann-schule.de\/?page_id=15\">Weiterlesen<\/a><\/p>\n","protected":false},"author":2,"featured_media":0,"parent":11,"menu_order":2,"comment_status":"closed","ping_status":"closed","template":"","meta":{"ngg_post_thumbnail":0,"footnotes":""},"class_list":["post-15","page","type-page","status-publish","hentry"],"_links":{"self":[{"href":"https:\/\/heinrich-bussmann-schule.de\/index.php?rest_route=\/wp\/v2\/pages\/15","targetHints":{"allow":["GET"]}}],"collection":[{"href":"https:\/\/heinrich-bussmann-schule.de\/index.php?rest_route=\/wp\/v2\/pages"}],"about":[{"href":"https:\/\/heinrich-bussmann-schule.de\/index.php?rest_route=\/wp\/v2\/types\/page"}],"author":[{"embeddable":true,"href":"https:\/\/heinrich-bussmann-schule.de\/index.php?rest_route=\/wp\/v2\/users\/2"}],"replies":[{"embeddable":true,"href":"https:\/\/heinrich-bussmann-schule.de\/index.php?rest_route=%2Fwp%2Fv2%2Fcomments&post=15"}],"version-history":[{"count":5,"href":"https:\/\/heinrich-bussmann-schule.de\/index.php?rest_route=\/wp\/v2\/pages\/15\/revisions"}],"predecessor-version":[{"id":2140,"href":"https:\/\/heinrich-bussmann-schule.de\/index.php?rest_route=\/wp\/v2\/pages\/15\/revisions\/2140"}],"up":[{"embeddable":true,"href":"https:\/\/heinrich-bussmann-schule.de\/index.php?rest_route=\/wp\/v2\/pages\/11"}],"wp:attachment":[{"href":"https:\/\/heinrich-bussmann-schule.de\/index.php?rest_route=%2Fwp%2Fv2%2Fmedia&parent=15"}],"curies":[{"name":"wp","href":"https:\/\/api.w.org\/{rel}","templated":true}]}}