{"id":1511,"date":"2021-08-22T17:08:09","date_gmt":"2021-08-22T15:08:09","guid":{"rendered":"https:\/\/www.heinrich-bussmann-schule.de\/?page_id=1511"},"modified":"2022-12-21T15:15:20","modified_gmt":"2022-12-21T14:15:20","slug":"impressum","status":"publish","type":"page","link":"https:\/\/heinrich-bussmann-schule.de\/?page_id=1511","title":{"rendered":"Impressum"},"content":{"rendered":"<p><img fetchpriority=\"high\" decoding=\"async\" class=\"aligncenter size-large wp-image-1218\" src=\"https:\/\/heinrich-bussmann-schule.de\/wp-content\/uploads\/2021\/08\/Impressum-1024x683.jpg\" alt=\"\" width=\"660\" height=\"440\" srcset=\"https:\/\/heinrich-bussmann-schule.de\/wp-content\/uploads\/2021\/08\/Impressum-1024x683.jpg 1024w, https:\/\/heinrich-bussmann-schule.de\/wp-content\/uploads\/2021\/08\/Impressum-300x200.jpg 300w, https:\/\/heinrich-bussmann-schule.de\/wp-content\/uploads\/2021\/08\/Impressum-768x512.jpg 768w, https:\/\/heinrich-bussmann-schule.de\/wp-content\/uploads\/2021\/08\/Impressum-1536x1024.jpg 1536w, https:\/\/heinrich-bussmann-schule.de\/wp-content\/uploads\/2021\/08\/Impressum-2048x1365.jpg 2048w, https:\/\/heinrich-bussmann-schule.de\/wp-content\/uploads\/2021\/08\/Impressum-660x440.jpg 660w, https:\/\/heinrich-bussmann-schule.de\/wp-content\/uploads\/2021\/08\/Impressum-1000x667.jpg 1000w, https:\/\/heinrich-bussmann-schule.de\/wp-content\/uploads\/2021\/08\/Impressum-373x248.jpg 373w\" sizes=\"(max-width: 660px) 100vw, 660px\" \/><\/p>\n<div class=\"wpb_wrapper\">\n<div class=\"wpb_text_column wpb_content_element \">\n<div class=\"wpb_wrapper\">\n<p><b>Verantwortlich f\u00fcr den Inhalt dieser Website: <\/b><\/p>\n<p>Melanie Froch, Schulleiterin<br \/>\nBebelstra\u00dfe 54<br \/>\n44532 L\u00fcnen<br \/>\nTelefon: 02306 20 60 27<br \/>\nTelefax: 02306 30 83 68<br \/>\neMail: 148544 [at] schule.nrw.de<br \/>\nInternet: www.bussmannschule.de<\/p>\n<p><strong>Schulleitung:<\/strong> Melanie Froch<\/p>\n<p><strong>Rechtliche Hinweise<\/strong><br \/>\nDas Layout der Website, die verwendeten Grafiken sowie Beitr\u00e4ge und Bilder sind urheberrechtlich gesch\u00fctzt. Die Seiten d\u00fcrfen ausschlie\u00dflich zum privaten Gebrauch ohne jegliche \u00c4nderung vervielf\u00e4ltigt werden. Eine Verbreitung von Kopien oder Ausz\u00fcgen ist nur mit schriftlicher Genehmigung zul\u00e4ssig.<\/p>\n<p><strong>Haftungsausschluss<\/strong><br \/>\nDie Informationen, die Sie auf diesem Internetauftritt vorfinden, wurden nach bestem Wissen und Gewissen sorgf\u00e4ltig zusammengestellt und gepr\u00fcft. Es wird jedoch keine Gew\u00e4hr \u2013 weder ausdr\u00fccklich noch stillschweigend \u2013 f\u00fcr die Vollst\u00e4ndigkeit, Richtigkeit, Aktualit\u00e4t oder Qualit\u00e4t und jederzeitige Verf\u00fcgbarkeit der bereit gestellten Informationen \u00fcbernommen. In keinem Fall wird f\u00fcr Sch\u00e4den, die sich aus der Verwendung der abgerufenen Informationen ergeben, eine Haftung \u00fcbernommen.<\/p>\n<p><strong>Datenschutzerkl\u00e4rung<\/strong><br \/>\nBitte beachten Sie die Hinweise und Bestimmungen zum Umgang mit Ihren Daten durch uns und Drittunternehmen, detailliert aufgef\u00fchrt <a href=\"https:\/\/heinrich-bussmann-schule.de\/?page_id=3\" target=\"_blank\" rel=\"noopener\">in unserer Datenschutzerkl\u00e4rung.<\/a><\/p>\n<\/div>\n<\/div>\n<\/div>\n","protected":false},"excerpt":{"rendered":"<p>Verantwortlich f\u00fcr den Inhalt dieser Website: Melanie Froch, Schulleiterin Bebelstra\u00dfe 54 44532 L\u00fcnen Telefon: 02306 20 60 27 Telefax: 02306 30 83 68 eMail: 148544 [at] schule.nrw.de Internet: www.bussmannschule.de Schulleitung:&hellip; <a class=\"excerpt-more-link\" href=\"https:\/\/heinrich-bussmann-schule.de\/?page_id=1511\">Weiterlesen<\/a><\/p>\n","protected":false},"author":1,"featured_media":0,"parent":0,"menu_order":5,"comment_status":"closed","ping_status":"closed","template":"","meta":{"ngg_post_thumbnail":0,"footnotes":""},"class_list":["post-1511","page","type-page","status-publish","hentry"],"_links":{"self":[{"href":"https:\/\/heinrich-bussmann-schule.de\/index.php?rest_route=\/wp\/v2\/pages\/1511","targetHints":{"allow":["GET"]}}],"collection":[{"href":"https:\/\/heinrich-bussmann-schule.de\/index.php?rest_route=\/wp\/v2\/pages"}],"about":[{"href":"https:\/\/heinrich-bussmann-schule.de\/index.php?rest_route=\/wp\/v2\/types\/page"}],"author":[{"embeddable":true,"href":"https:\/\/heinrich-bussmann-schule.de\/index.php?rest_route=\/wp\/v2\/users\/1"}],"replies":[{"embeddable":true,"href":"https:\/\/heinrich-bussmann-schule.de\/index.php?rest_route=%2Fwp%2Fv2%2Fcomments&post=1511"}],"version-history":[{"count":1,"href":"https:\/\/heinrich-bussmann-schule.de\/index.php?rest_route=\/wp\/v2\/pages\/1511\/revisions"}],"predecessor-version":[{"id":3143,"href":"https:\/\/heinrich-bussmann-schule.de\/index.php?rest_route=\/wp\/v2\/pages\/1511\/revisions\/3143"}],"wp:attachment":[{"href":"https:\/\/heinrich-bussmann-schule.de\/index.php?rest_route=%2Fwp%2Fv2%2Fmedia&parent=1511"}],"curies":[{"name":"wp","href":"https:\/\/api.w.org\/{rel}","templated":true}]}}