{"id":22,"date":"2021-06-03T13:45:43","date_gmt":"2021-06-03T11:45:43","guid":{"rendered":"https:\/\/www.heinrich-bussmann-schule.de\/?page_id=22"},"modified":"2021-09-11T20:25:31","modified_gmt":"2021-09-11T18:25:31","slug":"presse","status":"publish","type":"page","link":"https:\/\/heinrich-bussmann-schule.de\/?page_id=22","title":{"rendered":"Presse &#038; Publikationen"},"content":{"rendered":"<p><img fetchpriority=\"high\" decoding=\"async\" class=\"alignnone size-full wp-image-2098\" src=\"https:\/\/heinrich-bussmann-schule.de\/wp-content\/uploads\/2021\/09\/Publikation.jpg\" alt=\"\" width=\"1920\" height=\"1280\" srcset=\"https:\/\/heinrich-bussmann-schule.de\/wp-content\/uploads\/2021\/09\/Publikation.jpg 1920w, https:\/\/heinrich-bussmann-schule.de\/wp-content\/uploads\/2021\/09\/Publikation-300x200.jpg 300w, https:\/\/heinrich-bussmann-schule.de\/wp-content\/uploads\/2021\/09\/Publikation-1024x683.jpg 1024w, https:\/\/heinrich-bussmann-schule.de\/wp-content\/uploads\/2021\/09\/Publikation-768x512.jpg 768w, https:\/\/heinrich-bussmann-schule.de\/wp-content\/uploads\/2021\/09\/Publikation-1536x1024.jpg 1536w, https:\/\/heinrich-bussmann-schule.de\/wp-content\/uploads\/2021\/09\/Publikation-660x440.jpg 660w, https:\/\/heinrich-bussmann-schule.de\/wp-content\/uploads\/2021\/09\/Publikation-1000x667.jpg 1000w, https:\/\/heinrich-bussmann-schule.de\/wp-content\/uploads\/2021\/09\/Publikation-373x248.jpg 373w\" sizes=\"(max-width: 1920px) 100vw, 1920px\" \/><\/p>\n<p class=\"intro\">An dieser Stelle finden Sie Publikationen, Zeitungsartikel und sonstige Beitr\u00e4ge der Presse.<\/p>\n<p>L\u00fcnen, 27.01.2020, Ruhrnachrichten<br \/>\nNeue Leiterin hat zur Heinrich-Bu\u00dfmann-Schule eine besondere Beziehung<\/p>\n<p>28.04.2020, Stadt L\u00fcnen<br \/>\nHerausforderungen f\u00fcr Schulen und Schultr\u00e4ger<\/p>\n<p>L\u00fcnen, 12.10.2019, Ruhrnachrichten<br \/>\nSchulcheck: Heinrich-Bu\u00dfmann-Hauptschule ist \u201emittendrin statt nur dabei\u201c<\/p>\n<p>25.09.2019, Stadt L\u00fcnen<br \/>\nLuftballons und Menschenkette zeigen: L\u00fcnen ist bunt<\/p>\n<p>17.05.2019, Stadt L\u00fcnen<br \/>\n&#8222;Komm auf Tour&#8220;: L\u00fcner Sch\u00fcler lernen spielerisch ihre St\u00e4rken kennen<\/p>\n<p>08.03.2019, Lokalkompass L\u00fcnen<br \/>\n<a href=\"https:\/\/www.lokalkompass.de\/luenen\/c-kultur\/ulrike-kleber-verlaesst-bussmann-schule_a1091028\" target=\"_blank\" rel=\"noopener\">Ulrike Kleber verl\u00e4sst Bu\u00dfmann-Schule <\/a><\/p>\n<p>05.06.2018, Ruhrnachrichten<br \/>\n\u201eDann klappt das auch mit dem Umweltschutz\u201c<\/p>\n<p>Unicef<br \/>\n<a href=\"https:\/\/www.unicef.de\/mitmachen\/ehrenamtlich-aktiv\/-\/arbeitsgruppe-dortmund\/unicef-an-der-heinrich-bussmann-schule\/210654\" target=\"_blank\" rel=\"noopener\">UNICEF an der Heinrich-Bu\u00dfmann-Schule<\/a><\/p>\n<p>22.05.2009, Westf\u00e4lische Rundschau<br \/>\n<a href=\"https:\/\/www.wr.de\/mediacampus\/fuer-schueler\/zeus-regional\/dortmund-und-kreis-unna\/die-zeus-klassen-im-ueberblick-id327941.html\" target=\"_blank\" rel=\"noopener\">Bu\u00dfmann-Schule erh\u00e4lt Preis f\u00fcr inklusive Entwicklung<\/a><\/p>\n","protected":false},"excerpt":{"rendered":"<p>An dieser Stelle finden Sie Publikationen, Zeitungsartikel und sonstige Beitr\u00e4ge der Presse. L\u00fcnen, 27.01.2020, Ruhrnachrichten Neue Leiterin hat zur Heinrich-Bu\u00dfmann-Schule eine besondere Beziehung 28.04.2020, Stadt L\u00fcnen Herausforderungen f\u00fcr Schulen und&hellip; <a class=\"excerpt-more-link\" href=\"https:\/\/heinrich-bussmann-schule.de\/?page_id=22\">Weiterlesen<\/a><\/p>\n","protected":false},"author":2,"featured_media":0,"parent":11,"menu_order":98,"comment_status":"closed","ping_status":"closed","template":"","meta":{"ngg_post_thumbnail":0,"footnotes":""},"class_list":["post-22","page","type-page","status-publish","hentry"],"_links":{"self":[{"href":"https:\/\/heinrich-bussmann-schule.de\/index.php?rest_route=\/wp\/v2\/pages\/22","targetHints":{"allow":["GET"]}}],"collection":[{"href":"https:\/\/heinrich-bussmann-schule.de\/index.php?rest_route=\/wp\/v2\/pages"}],"about":[{"href":"https:\/\/heinrich-bussmann-schule.de\/index.php?rest_route=\/wp\/v2\/types\/page"}],"author":[{"embeddable":true,"href":"https:\/\/heinrich-bussmann-schule.de\/index.php?rest_route=\/wp\/v2\/users\/2"}],"replies":[{"embeddable":true,"href":"https:\/\/heinrich-bussmann-schule.de\/index.php?rest_route=%2Fwp%2Fv2%2Fcomments&post=22"}],"version-history":[{"count":29,"href":"https:\/\/heinrich-bussmann-schule.de\/index.php?rest_route=\/wp\/v2\/pages\/22\/revisions"}],"predecessor-version":[{"id":3141,"href":"https:\/\/heinrich-bussmann-schule.de\/index.php?rest_route=\/wp\/v2\/pages\/22\/revisions\/3141"}],"up":[{"embeddable":true,"href":"https:\/\/heinrich-bussmann-schule.de\/index.php?rest_route=\/wp\/v2\/pages\/11"}],"wp:attachment":[{"href":"https:\/\/heinrich-bussmann-schule.de\/index.php?rest_route=%2Fwp%2Fv2%2Fmedia&parent=22"}],"curies":[{"name":"wp","href":"https:\/\/api.w.org\/{rel}","templated":true}]}}