{"id":24,"date":"2021-06-03T13:47:30","date_gmt":"2021-06-03T11:47:30","guid":{"rendered":"https:\/\/www.heinrich-bussmann-schule.de\/?page_id=24"},"modified":"2021-06-04T22:39:11","modified_gmt":"2021-06-04T20:39:11","slug":"namensgeber","status":"publish","type":"page","link":"https:\/\/heinrich-bussmann-schule.de\/?page_id=24","title":{"rendered":"Namensgeber"},"content":{"rendered":"<p class=\"intro\">Die Heinrich-Bu\u00dfmann-Schule ist nach ihm benannt. Doch wer war Heinrich Bu\u00dfmann?<\/p>\n<div id=\"attachment_125\" style=\"width: 180px\" class=\"wp-caption alignleft\"><img decoding=\"async\" aria-describedby=\"caption-attachment-125\" class=\"wp-image-125\" src=\"http:\/\/hbs.christinentor.de\/wp-content\/uploads\/2021\/02\/Heinrich_Bussmann_001-182x300.jpeg\" alt=\"\" width=\"170\" height=\"280\"><p id=\"caption-attachment-125\" class=\"wp-caption-text\">Heinrich Bu\u00dfmann<\/p><\/div>\n<p><span class=\"dropcap\">H<\/span>einrich Bu\u00dfmann wurde am&nbsp; 06.01.1896 in L\u00fcnen geboren. Nach seiner Ausbildung zum Bergmann&nbsp; arbeitete er unter Tage auf der Zeche Victoria in L\u00fcnen und auf der&nbsp; Zeche Waltrop, wurde aber 1928 kurzzeitig arbeitslos. Schlie\u00dflich fand er bis Ende 1932 wieder eine Besch\u00e4ftigung als Bauarbeiter. Danach blieb er arbeitslos.<\/p>\n<p>Mit 18 Jahren trat er in die SPD ein und wurde 1923 in den Rat der Stadt L\u00fcnen gew\u00e4hlt. Als \u00fcberzeugtes Mitglied der Sozialdemokratischen Partei Deutschlands stellte er sich gegen die Gewaltherrschaft der Nationalsozialisten, besonders in seiner Zeit als Stadtverordneten-Vorsteher (heute vergleichbar mit dem B\u00fcrgermeister). Daraufhin wurde Heinrich Bu\u00dfmann inhaftiert und ohne Urteil in verschiedene Konzentrationslager, u.a. Buchenwald, verschleppt. Schlie\u00dflich kam er nach Dachau, wo er nach Misshandlungen und&nbsp; Folterungen am 18.08.1942 starb. Sein offizieller Tod wurde am 20.08.1942 bekannt gegeben.<\/p>\n<p>Seit 1996 wird von der SPD L\u00fcnen der hoch dotierte Bu\u00dfmann-Preis an herausragende Pers\u00f6nlichkeiten&nbsp; der Stadt verliehen.<\/p>\n","protected":false},"excerpt":{"rendered":"<p>Die Heinrich-Bu\u00dfmann-Schule ist nach ihm benannt. Doch wer war Heinrich Bu\u00dfmann? Heinrich Bu\u00dfmann wurde am&nbsp; 06.01.1896 in L\u00fcnen geboren. Nach seiner Ausbildung zum Bergmann&nbsp; arbeitete er unter Tage auf der&hellip; <a class=\"excerpt-more-link\" href=\"https:\/\/heinrich-bussmann-schule.de\/?page_id=24\">Weiterlesen<\/a><\/p>\n","protected":false},"author":2,"featured_media":0,"parent":11,"menu_order":99,"comment_status":"closed","ping_status":"closed","template":"","meta":{"ngg_post_thumbnail":0,"footnotes":""},"class_list":["post-24","page","type-page","status-publish","hentry"],"_links":{"self":[{"href":"https:\/\/heinrich-bussmann-schule.de\/index.php?rest_route=\/wp\/v2\/pages\/24","targetHints":{"allow":["GET"]}}],"collection":[{"href":"https:\/\/heinrich-bussmann-schule.de\/index.php?rest_route=\/wp\/v2\/pages"}],"about":[{"href":"https:\/\/heinrich-bussmann-schule.de\/index.php?rest_route=\/wp\/v2\/types\/page"}],"author":[{"embeddable":true,"href":"https:\/\/heinrich-bussmann-schule.de\/index.php?rest_route=\/wp\/v2\/users\/2"}],"replies":[{"embeddable":true,"href":"https:\/\/heinrich-bussmann-schule.de\/index.php?rest_route=%2Fwp%2Fv2%2Fcomments&post=24"}],"version-history":[{"count":0,"href":"https:\/\/heinrich-bussmann-schule.de\/index.php?rest_route=\/wp\/v2\/pages\/24\/revisions"}],"up":[{"embeddable":true,"href":"https:\/\/heinrich-bussmann-schule.de\/index.php?rest_route=\/wp\/v2\/pages\/11"}],"wp:attachment":[{"href":"https:\/\/heinrich-bussmann-schule.de\/index.php?rest_route=%2Fwp%2Fv2%2Fmedia&parent=24"}],"curies":[{"name":"wp","href":"https:\/\/api.w.org\/{rel}","templated":true}]}}