{"id":36,"date":"2021-06-03T14:13:21","date_gmt":"2021-06-03T12:13:21","guid":{"rendered":"https:\/\/www.heinrich-bussmann-schule.de\/?page_id=36"},"modified":"2022-12-21T15:01:17","modified_gmt":"2022-12-21T14:01:17","slug":"team","status":"publish","type":"page","link":"https:\/\/heinrich-bussmann-schule.de\/?page_id=36","title":{"rendered":"Team"},"content":{"rendered":"<p class=\"intro\">Jeden Tag engagieren sich Schulleitung, Lehrer:innen, Sonderp\u00e4dagog:innen, Sozialarbeiter:innen, Sekret\u00e4rin, Hausmeister und Reinigungskr\u00e4fte f\u00fcr einen reibungslosen Schulbetrieb.<\/p>\n<p><span class=\"dropcap\">U<\/span>nterst\u00fctzt werden wir von Sch\u00fclervertreter:innen und Eltern, die in verschiedenen Gremien mitwirken. Einen \u00dcberblick \u00fcber unser Team erhalten Sie auf den folgenden Seiten.<\/p>\n<p><a href=\"https:\/\/heinrich-bussmann-schule.de\/?page_id=38\">Schulleitung<\/a><br \/>\n<a href=\"https:\/\/heinrich-bussmann-schule.de\/?page_id=40\">Kollegium<\/a><br \/>\n<a href=\"https:\/\/heinrich-bussmann-schule.de\/?page_id=42\">Sekretariat<\/a><br \/>\n<a href=\"https:\/\/heinrich-bussmann-schule.de\/?page_id=44\">Schulsozialarbeit<\/a><br \/>\n<a href=\"https:\/\/heinrich-bussmann-schule.de\/?page_id=46\/\">Sonderp\u00e4dagogische F\u00f6rderung<\/a><br \/>\n<a href=\"https:\/\/heinrich-bussmann-schule.de\/?page_id=48\">Sch\u00fcler:innen und Elternvertretung<\/a><br \/>\n<a href=\"https:\/\/heinrich-bussmann-schule.de\/?page_id=87\">Mitarbeiter:innen<\/a><\/p>\n","protected":false},"excerpt":{"rendered":"<p>Jeden Tag engagieren sich Schulleitung, Lehrer:innen, Sonderp\u00e4dagog:innen, Sozialarbeiter:innen, Sekret\u00e4rin, Hausmeister und Reinigungskr\u00e4fte f\u00fcr einen reibungslosen Schulbetrieb. Unterst\u00fctzt werden wir von Sch\u00fclervertreter:innen und Eltern, die in verschiedenen Gremien mitwirken. Einen \u00dcberblick&hellip; <a class=\"excerpt-more-link\" href=\"https:\/\/heinrich-bussmann-schule.de\/?page_id=36\">Weiterlesen<\/a><\/p>\n","protected":false},"author":2,"featured_media":0,"parent":0,"menu_order":2,"comment_status":"closed","ping_status":"closed","template":"","meta":{"ngg_post_thumbnail":0,"footnotes":""},"class_list":["post-36","page","type-page","status-publish","hentry"],"_links":{"self":[{"href":"https:\/\/heinrich-bussmann-schule.de\/index.php?rest_route=\/wp\/v2\/pages\/36","targetHints":{"allow":["GET"]}}],"collection":[{"href":"https:\/\/heinrich-bussmann-schule.de\/index.php?rest_route=\/wp\/v2\/pages"}],"about":[{"href":"https:\/\/heinrich-bussmann-schule.de\/index.php?rest_route=\/wp\/v2\/types\/page"}],"author":[{"embeddable":true,"href":"https:\/\/heinrich-bussmann-schule.de\/index.php?rest_route=\/wp\/v2\/users\/2"}],"replies":[{"embeddable":true,"href":"https:\/\/heinrich-bussmann-schule.de\/index.php?rest_route=%2Fwp%2Fv2%2Fcomments&post=36"}],"version-history":[{"count":6,"href":"https:\/\/heinrich-bussmann-schule.de\/index.php?rest_route=\/wp\/v2\/pages\/36\/revisions"}],"predecessor-version":[{"id":3128,"href":"https:\/\/heinrich-bussmann-schule.de\/index.php?rest_route=\/wp\/v2\/pages\/36\/revisions\/3128"}],"wp:attachment":[{"href":"https:\/\/heinrich-bussmann-schule.de\/index.php?rest_route=%2Fwp%2Fv2%2Fmedia&parent=36"}],"curies":[{"name":"wp","href":"https:\/\/api.w.org\/{rel}","templated":true}]}}