{"id":3743,"date":"2024-11-24T11:25:41","date_gmt":"2024-11-24T10:25:41","guid":{"rendered":"https:\/\/heinrich-bussmann-schule.de\/?page_id=3743"},"modified":"2024-11-24T12:28:53","modified_gmt":"2024-11-24T11:28:53","slug":"mathematik","status":"publish","type":"page","link":"https:\/\/heinrich-bussmann-schule.de\/?page_id=3743","title":{"rendered":"Mathematik"},"content":{"rendered":"<h2 style=\"text-align: center;\">&nbsp;<\/h2>\n<p><span style=\"font-weight: 400;\">Mathematik f\u00f6rdert logisches Denken und Probleml\u00f6sungsf\u00e4higkeiten. Die Sch\u00fclerinnen und Sch\u00fcler lernen, mathematische Konzepte wie Zahlen, Geometrie und Algebra im Alltag und in globalen Zusammenh\u00e4ngen anzuwenden.<\/span><\/p>\n","protected":false},"excerpt":{"rendered":"<p>&nbsp; Mathematik f\u00f6rdert logisches Denken und Probleml\u00f6sungsf\u00e4higkeiten. Die Sch\u00fclerinnen und Sch\u00fcler lernen, mathematische Konzepte wie Zahlen, Geometrie und Algebra im Alltag und in globalen Zusammenh\u00e4ngen anzuwenden.<\/p>\n","protected":false},"author":4,"featured_media":3728,"parent":0,"menu_order":0,"comment_status":"closed","ping_status":"closed","template":"","meta":{"ngg_post_thumbnail":0,"footnotes":""},"class_list":["post-3743","page","type-page","status-publish","has-post-thumbnail","hentry"],"_links":{"self":[{"href":"https:\/\/heinrich-bussmann-schule.de\/index.php?rest_route=\/wp\/v2\/pages\/3743","targetHints":{"allow":["GET"]}}],"collection":[{"href":"https:\/\/heinrich-bussmann-schule.de\/index.php?rest_route=\/wp\/v2\/pages"}],"about":[{"href":"https:\/\/heinrich-bussmann-schule.de\/index.php?rest_route=\/wp\/v2\/types\/page"}],"author":[{"embeddable":true,"href":"https:\/\/heinrich-bussmann-schule.de\/index.php?rest_route=\/wp\/v2\/users\/4"}],"replies":[{"embeddable":true,"href":"https:\/\/heinrich-bussmann-schule.de\/index.php?rest_route=%2Fwp%2Fv2%2Fcomments&post=3743"}],"version-history":[{"count":2,"href":"https:\/\/heinrich-bussmann-schule.de\/index.php?rest_route=\/wp\/v2\/pages\/3743\/revisions"}],"predecessor-version":[{"id":3883,"href":"https:\/\/heinrich-bussmann-schule.de\/index.php?rest_route=\/wp\/v2\/pages\/3743\/revisions\/3883"}],"wp:featuredmedia":[{"embeddable":true,"href":"https:\/\/heinrich-bussmann-schule.de\/index.php?rest_route=\/wp\/v2\/media\/3728"}],"wp:attachment":[{"href":"https:\/\/heinrich-bussmann-schule.de\/index.php?rest_route=%2Fwp%2Fv2%2Fmedia&parent=3743"}],"curies":[{"name":"wp","href":"https:\/\/api.w.org\/{rel}","templated":true}]}}