{"id":3746,"date":"2024-11-24T11:26:46","date_gmt":"2024-11-24T10:26:46","guid":{"rendered":"https:\/\/heinrich-bussmann-schule.de\/?page_id=3746"},"modified":"2024-11-24T12:30:17","modified_gmt":"2024-11-24T11:30:17","slug":"deutsch","status":"publish","type":"page","link":"https:\/\/heinrich-bussmann-schule.de\/?page_id=3746","title":{"rendered":"Deutsch"},"content":{"rendered":"<h2 style=\"text-align: center;\">&nbsp;<\/h2>\n<p><span style=\"font-weight: 400;\">Im Deutschunterricht wird die Sprachkompetenz in Lesen, Schreiben, Sprechen und Zuh\u00f6ren gezielt gef\u00f6rdert. Diese F\u00e4higkeiten sind unerl\u00e4sslich f\u00fcr die pers\u00f6nliche und gesellschaftliche Teilhabe sowie f\u00fcr interkulturellen Austausch.<\/span><\/p>\n","protected":false},"excerpt":{"rendered":"<p>&nbsp; Im Deutschunterricht wird die Sprachkompetenz in Lesen, Schreiben, Sprechen und Zuh\u00f6ren gezielt gef\u00f6rdert. Diese F\u00e4higkeiten sind unerl\u00e4sslich f\u00fcr die pers\u00f6nliche und gesellschaftliche Teilhabe sowie f\u00fcr interkulturellen Austausch.<\/p>\n","protected":false},"author":4,"featured_media":3724,"parent":0,"menu_order":0,"comment_status":"closed","ping_status":"closed","template":"","meta":{"ngg_post_thumbnail":0,"footnotes":""},"class_list":["post-3746","page","type-page","status-publish","has-post-thumbnail","hentry"],"_links":{"self":[{"href":"https:\/\/heinrich-bussmann-schule.de\/index.php?rest_route=\/wp\/v2\/pages\/3746","targetHints":{"allow":["GET"]}}],"collection":[{"href":"https:\/\/heinrich-bussmann-schule.de\/index.php?rest_route=\/wp\/v2\/pages"}],"about":[{"href":"https:\/\/heinrich-bussmann-schule.de\/index.php?rest_route=\/wp\/v2\/types\/page"}],"author":[{"embeddable":true,"href":"https:\/\/heinrich-bussmann-schule.de\/index.php?rest_route=\/wp\/v2\/users\/4"}],"replies":[{"embeddable":true,"href":"https:\/\/heinrich-bussmann-schule.de\/index.php?rest_route=%2Fwp%2Fv2%2Fcomments&post=3746"}],"version-history":[{"count":2,"href":"https:\/\/heinrich-bussmann-schule.de\/index.php?rest_route=\/wp\/v2\/pages\/3746\/revisions"}],"predecessor-version":[{"id":3885,"href":"https:\/\/heinrich-bussmann-schule.de\/index.php?rest_route=\/wp\/v2\/pages\/3746\/revisions\/3885"}],"wp:featuredmedia":[{"embeddable":true,"href":"https:\/\/heinrich-bussmann-schule.de\/index.php?rest_route=\/wp\/v2\/media\/3724"}],"wp:attachment":[{"href":"https:\/\/heinrich-bussmann-schule.de\/index.php?rest_route=%2Fwp%2Fv2%2Fmedia&parent=3746"}],"curies":[{"name":"wp","href":"https:\/\/api.w.org\/{rel}","templated":true}]}}