{"id":3748,"date":"2024-11-24T11:28:11","date_gmt":"2024-11-24T10:28:11","guid":{"rendered":"https:\/\/heinrich-bussmann-schule.de\/?page_id=3748"},"modified":"2024-11-24T12:29:46","modified_gmt":"2024-11-24T11:29:46","slug":"englisch","status":"publish","type":"page","link":"https:\/\/heinrich-bussmann-schule.de\/?page_id=3748","title":{"rendered":"Englisch"},"content":{"rendered":"<h2 style=\"text-align: center;\">&nbsp;<\/h2>\n<p><span style=\"font-weight: 400;\">Englisch, als Weltsprache, er\u00f6ffnet den Sch\u00fclerinnen und Sch\u00fclern Zugang zu internationalen Kulturen und Projekten. Der Unterricht st\u00e4rkt sowohl den sprachlichen Ausdruck als auch das Verst\u00e4ndnis f\u00fcr globale Themen.<\/span><\/p>\n","protected":false},"excerpt":{"rendered":"<p>&nbsp; Englisch, als Weltsprache, er\u00f6ffnet den Sch\u00fclerinnen und Sch\u00fclern Zugang zu internationalen Kulturen und Projekten. Der Unterricht st\u00e4rkt sowohl den sprachlichen Ausdruck als auch das Verst\u00e4ndnis f\u00fcr globale Themen.<\/p>\n","protected":false},"author":4,"featured_media":3721,"parent":0,"menu_order":0,"comment_status":"closed","ping_status":"closed","template":"","meta":{"ngg_post_thumbnail":0,"footnotes":""},"class_list":["post-3748","page","type-page","status-publish","has-post-thumbnail","hentry"],"_links":{"self":[{"href":"https:\/\/heinrich-bussmann-schule.de\/index.php?rest_route=\/wp\/v2\/pages\/3748","targetHints":{"allow":["GET"]}}],"collection":[{"href":"https:\/\/heinrich-bussmann-schule.de\/index.php?rest_route=\/wp\/v2\/pages"}],"about":[{"href":"https:\/\/heinrich-bussmann-schule.de\/index.php?rest_route=\/wp\/v2\/types\/page"}],"author":[{"embeddable":true,"href":"https:\/\/heinrich-bussmann-schule.de\/index.php?rest_route=\/wp\/v2\/users\/4"}],"replies":[{"embeddable":true,"href":"https:\/\/heinrich-bussmann-schule.de\/index.php?rest_route=%2Fwp%2Fv2%2Fcomments&post=3748"}],"version-history":[{"count":3,"href":"https:\/\/heinrich-bussmann-schule.de\/index.php?rest_route=\/wp\/v2\/pages\/3748\/revisions"}],"predecessor-version":[{"id":3884,"href":"https:\/\/heinrich-bussmann-schule.de\/index.php?rest_route=\/wp\/v2\/pages\/3748\/revisions\/3884"}],"wp:featuredmedia":[{"embeddable":true,"href":"https:\/\/heinrich-bussmann-schule.de\/index.php?rest_route=\/wp\/v2\/media\/3721"}],"wp:attachment":[{"href":"https:\/\/heinrich-bussmann-schule.de\/index.php?rest_route=%2Fwp%2Fv2%2Fmedia&parent=3748"}],"curies":[{"name":"wp","href":"https:\/\/api.w.org\/{rel}","templated":true}]}}