{"id":3751,"date":"2024-11-24T11:24:49","date_gmt":"2024-11-24T10:24:49","guid":{"rendered":"https:\/\/heinrich-bussmann-schule.de\/?page_id=3751"},"modified":"2024-11-24T12:33:32","modified_gmt":"2024-11-24T11:33:32","slug":"biologie","status":"publish","type":"page","link":"https:\/\/heinrich-bussmann-schule.de\/?page_id=3751","title":{"rendered":"Biologie"},"content":{"rendered":"<h2 style=\"text-align: center;\">&nbsp;<\/h2>\n<p><span style=\"font-weight: 400;\">Im Biologieunterricht erfahren die Sch\u00fclerinnen und Sch\u00fcler, wie Natur und Umwelt funktionieren. Sie lernen \u00f6kologische Zusammenh\u00e4nge und die Verantwortung f\u00fcr nachhaltiges Handeln, immer mit Bezug zu BNE und globaler Verantwortung.<\/span><\/p>\n","protected":false},"excerpt":{"rendered":"<p>&nbsp; Im Biologieunterricht erfahren die Sch\u00fclerinnen und Sch\u00fcler, wie Natur und Umwelt funktionieren. Sie lernen \u00f6kologische Zusammenh\u00e4nge und die Verantwortung f\u00fcr nachhaltiges Handeln, immer mit Bezug zu BNE und globaler&hellip; <a class=\"excerpt-more-link\" href=\"https:\/\/heinrich-bussmann-schule.de\/?page_id=3751\">Weiterlesen<\/a><\/p>\n","protected":false},"author":4,"featured_media":3725,"parent":0,"menu_order":0,"comment_status":"closed","ping_status":"closed","template":"","meta":{"ngg_post_thumbnail":0,"footnotes":""},"class_list":["post-3751","page","type-page","status-publish","has-post-thumbnail","hentry"],"_links":{"self":[{"href":"https:\/\/heinrich-bussmann-schule.de\/index.php?rest_route=\/wp\/v2\/pages\/3751","targetHints":{"allow":["GET"]}}],"collection":[{"href":"https:\/\/heinrich-bussmann-schule.de\/index.php?rest_route=\/wp\/v2\/pages"}],"about":[{"href":"https:\/\/heinrich-bussmann-schule.de\/index.php?rest_route=\/wp\/v2\/types\/page"}],"author":[{"embeddable":true,"href":"https:\/\/heinrich-bussmann-schule.de\/index.php?rest_route=\/wp\/v2\/users\/4"}],"replies":[{"embeddable":true,"href":"https:\/\/heinrich-bussmann-schule.de\/index.php?rest_route=%2Fwp%2Fv2%2Fcomments&post=3751"}],"version-history":[{"count":2,"href":"https:\/\/heinrich-bussmann-schule.de\/index.php?rest_route=\/wp\/v2\/pages\/3751\/revisions"}],"predecessor-version":[{"id":3892,"href":"https:\/\/heinrich-bussmann-schule.de\/index.php?rest_route=\/wp\/v2\/pages\/3751\/revisions\/3892"}],"wp:featuredmedia":[{"embeddable":true,"href":"https:\/\/heinrich-bussmann-schule.de\/index.php?rest_route=\/wp\/v2\/media\/3725"}],"wp:attachment":[{"href":"https:\/\/heinrich-bussmann-schule.de\/index.php?rest_route=%2Fwp%2Fv2%2Fmedia&parent=3751"}],"curies":[{"name":"wp","href":"https:\/\/api.w.org\/{rel}","templated":true}]}}