{"id":3754,"date":"2024-11-05T08:56:07","date_gmt":"2024-11-05T07:56:07","guid":{"rendered":"https:\/\/heinrich-bussmann-schule.de\/?page_id=3754"},"modified":"2024-11-24T12:33:14","modified_gmt":"2024-11-24T11:33:14","slug":"chemie","status":"publish","type":"page","link":"https:\/\/heinrich-bussmann-schule.de\/?page_id=3754","title":{"rendered":"Chemie"},"content":{"rendered":"<h2 style=\"text-align: center;\">&nbsp;<\/h2>\n<p><span style=\"font-weight: 400;\">Chemie macht die stoffliche Zusammensetzung und Reaktionen unserer Welt verst\u00e4ndlich. Exper<a href=\"https:\/\/heinrich-bussmann-schule.de\/wp-content\/uploads\/2024\/11\/Chemie.jpg\"><img decoding=\"async\" class=\"wp-image-3829 alignleft\" src=\"https:\/\/heinrich-bussmann-schule.de\/wp-content\/uploads\/2024\/11\/Chemie-248x330.jpg\" alt=\"\" width=\"186\" height=\"247\" srcset=\"https:\/\/heinrich-bussmann-schule.de\/wp-content\/uploads\/2024\/11\/Chemie-248x330.jpg 248w, https:\/\/heinrich-bussmann-schule.de\/wp-content\/uploads\/2024\/11\/Chemie-660x880.jpg 660w, https:\/\/heinrich-bussmann-schule.de\/wp-content\/uploads\/2024\/11\/Chemie.jpg 768w\" sizes=\"(max-width: 186px) 100vw, 186px\" \/><\/a>imente und Nachhaltigkeitsthemen machen die Sch\u00fclerinnen und Sch\u00fcler zu verantwortungsbewussten Akteuren in einer technologisierten Welt.<\/span><\/p>\n","protected":false},"excerpt":{"rendered":"<p>&nbsp; Chemie macht die stoffliche Zusammensetzung und Reaktionen unserer Welt verst\u00e4ndlich. Experimente und Nachhaltigkeitsthemen machen die Sch\u00fclerinnen und Sch\u00fcler zu verantwortungsbewussten Akteuren in einer technologisierten Welt.<\/p>\n","protected":false},"author":4,"featured_media":3723,"parent":0,"menu_order":0,"comment_status":"closed","ping_status":"closed","template":"","meta":{"ngg_post_thumbnail":0,"footnotes":""},"class_list":["post-3754","page","type-page","status-publish","has-post-thumbnail","hentry"],"_links":{"self":[{"href":"https:\/\/heinrich-bussmann-schule.de\/index.php?rest_route=\/wp\/v2\/pages\/3754","targetHints":{"allow":["GET"]}}],"collection":[{"href":"https:\/\/heinrich-bussmann-schule.de\/index.php?rest_route=\/wp\/v2\/pages"}],"about":[{"href":"https:\/\/heinrich-bussmann-schule.de\/index.php?rest_route=\/wp\/v2\/types\/page"}],"author":[{"embeddable":true,"href":"https:\/\/heinrich-bussmann-schule.de\/index.php?rest_route=\/wp\/v2\/users\/4"}],"replies":[{"embeddable":true,"href":"https:\/\/heinrich-bussmann-schule.de\/index.php?rest_route=%2Fwp%2Fv2%2Fcomments&post=3754"}],"version-history":[{"count":3,"href":"https:\/\/heinrich-bussmann-schule.de\/index.php?rest_route=\/wp\/v2\/pages\/3754\/revisions"}],"predecessor-version":[{"id":3891,"href":"https:\/\/heinrich-bussmann-schule.de\/index.php?rest_route=\/wp\/v2\/pages\/3754\/revisions\/3891"}],"wp:featuredmedia":[{"embeddable":true,"href":"https:\/\/heinrich-bussmann-schule.de\/index.php?rest_route=\/wp\/v2\/media\/3723"}],"wp:attachment":[{"href":"https:\/\/heinrich-bussmann-schule.de\/index.php?rest_route=%2Fwp%2Fv2%2Fmedia&parent=3754"}],"curies":[{"name":"wp","href":"https:\/\/api.w.org\/{rel}","templated":true}]}}