{"id":3758,"date":"2024-11-24T11:35:10","date_gmt":"2024-11-24T10:35:10","guid":{"rendered":"https:\/\/heinrich-bussmann-schule.de\/?page_id=3758"},"modified":"2024-11-24T12:35:30","modified_gmt":"2024-11-24T11:35:30","slug":"sport","status":"publish","type":"page","link":"https:\/\/heinrich-bussmann-schule.de\/?page_id=3758","title":{"rendered":"Sport"},"content":{"rendered":"<h2 style=\"text-align: center;\">&nbsp;<\/h2>\n<p><span style=\"font-weight: 400;\"><a href=\"https:\/\/heinrich-bussmann-schule.de\/wp-content\/uploads\/2024\/11\/Sport.jpg\"><img fetchpriority=\"high\" decoding=\"async\" class=\"alignleft size-medium wp-image-3827\" src=\"https:\/\/heinrich-bussmann-schule.de\/wp-content\/uploads\/2024\/11\/Sport-330x220.jpg\" alt=\"\" width=\"330\" height=\"220\" srcset=\"https:\/\/heinrich-bussmann-schule.de\/wp-content\/uploads\/2024\/11\/Sport-330x220.jpg 330w, https:\/\/heinrich-bussmann-schule.de\/wp-content\/uploads\/2024\/11\/Sport-768x512.jpg 768w, https:\/\/heinrich-bussmann-schule.de\/wp-content\/uploads\/2024\/11\/Sport-660x440.jpg 660w, https:\/\/heinrich-bussmann-schule.de\/wp-content\/uploads\/2024\/11\/Sport-1000x667.jpg 1000w, https:\/\/heinrich-bussmann-schule.de\/wp-content\/uploads\/2024\/11\/Sport-373x248.jpg 373w, https:\/\/heinrich-bussmann-schule.de\/wp-content\/uploads\/2024\/11\/Sport.jpg 1024w\" sizes=\"(max-width: 330px) 100vw, 330px\" \/><\/a>Sport und Schwimmen f\u00f6rdern nicht nur die k\u00f6rperliche Fitness, sondern auch Teamgeist und Fair Play. Beim Schwimmen lernen die Sch\u00fclerinnen und Sch\u00fcler grundlegende Schwimmtechniken, w\u00e4hrend sie durch sportliche Aktivit\u00e4ten auch Respekt und Zusammenarbeit \u00fcben.<\/span><\/p>\n","protected":false},"excerpt":{"rendered":"<p>&nbsp; Sport und Schwimmen f\u00f6rdern nicht nur die k\u00f6rperliche Fitness, sondern auch Teamgeist und Fair Play. Beim Schwimmen lernen die Sch\u00fclerinnen und Sch\u00fcler grundlegende Schwimmtechniken, w\u00e4hrend sie durch sportliche Aktivit\u00e4ten&hellip; <a class=\"excerpt-more-link\" href=\"https:\/\/heinrich-bussmann-schule.de\/?page_id=3758\">Weiterlesen<\/a><\/p>\n","protected":false},"author":4,"featured_media":3698,"parent":0,"menu_order":0,"comment_status":"closed","ping_status":"closed","template":"","meta":{"ngg_post_thumbnail":0,"footnotes":""},"class_list":["post-3758","page","type-page","status-publish","has-post-thumbnail","hentry"],"_links":{"self":[{"href":"https:\/\/heinrich-bussmann-schule.de\/index.php?rest_route=\/wp\/v2\/pages\/3758","targetHints":{"allow":["GET"]}}],"collection":[{"href":"https:\/\/heinrich-bussmann-schule.de\/index.php?rest_route=\/wp\/v2\/pages"}],"about":[{"href":"https:\/\/heinrich-bussmann-schule.de\/index.php?rest_route=\/wp\/v2\/types\/page"}],"author":[{"embeddable":true,"href":"https:\/\/heinrich-bussmann-schule.de\/index.php?rest_route=\/wp\/v2\/users\/4"}],"replies":[{"embeddable":true,"href":"https:\/\/heinrich-bussmann-schule.de\/index.php?rest_route=%2Fwp%2Fv2%2Fcomments&post=3758"}],"version-history":[{"count":4,"href":"https:\/\/heinrich-bussmann-schule.de\/index.php?rest_route=\/wp\/v2\/pages\/3758\/revisions"}],"predecessor-version":[{"id":3894,"href":"https:\/\/heinrich-bussmann-schule.de\/index.php?rest_route=\/wp\/v2\/pages\/3758\/revisions\/3894"}],"wp:featuredmedia":[{"embeddable":true,"href":"https:\/\/heinrich-bussmann-schule.de\/index.php?rest_route=\/wp\/v2\/media\/3698"}],"wp:attachment":[{"href":"https:\/\/heinrich-bussmann-schule.de\/index.php?rest_route=%2Fwp%2Fv2%2Fmedia&parent=3758"}],"curies":[{"name":"wp","href":"https:\/\/api.w.org\/{rel}","templated":true}]}}