{"id":3761,"date":"2024-11-24T11:26:21","date_gmt":"2024-11-24T10:26:21","guid":{"rendered":"https:\/\/heinrich-bussmann-schule.de\/?page_id=3761"},"modified":"2024-11-24T13:27:26","modified_gmt":"2024-11-24T12:27:26","slug":"technik","status":"publish","type":"page","link":"https:\/\/heinrich-bussmann-schule.de\/?page_id=3761","title":{"rendered":"Technik"},"content":{"rendered":"<h2 style=\"text-align: center;\">&nbsp;<\/h2>\n<p><span style=\"font-weight: 400;\"><a href=\"https:\/\/heinrich-bussmann-schule.de\/wp-content\/uploads\/2024\/11\/Technik.jpg\"><img fetchpriority=\"high\" decoding=\"async\" class=\"alignleft size-medium wp-image-3828\" src=\"https:\/\/heinrich-bussmann-schule.de\/wp-content\/uploads\/2024\/11\/Technik-330x220.jpg\" alt=\"\" width=\"330\" height=\"220\" srcset=\"https:\/\/heinrich-bussmann-schule.de\/wp-content\/uploads\/2024\/11\/Technik-330x220.jpg 330w, https:\/\/heinrich-bussmann-schule.de\/wp-content\/uploads\/2024\/11\/Technik-768x512.jpg 768w, https:\/\/heinrich-bussmann-schule.de\/wp-content\/uploads\/2024\/11\/Technik-660x440.jpg 660w, https:\/\/heinrich-bussmann-schule.de\/wp-content\/uploads\/2024\/11\/Technik-1000x667.jpg 1000w, https:\/\/heinrich-bussmann-schule.de\/wp-content\/uploads\/2024\/11\/Technik-373x248.jpg 373w, https:\/\/heinrich-bussmann-schule.de\/wp-content\/uploads\/2024\/11\/Technik.jpg 1024w\" sizes=\"(max-width: 330px) 100vw, 330px\" \/><\/a>Der Technikunterricht bef\u00e4higt die Sch\u00fclerinnen und Sch\u00fcler, handwerkliche F\u00e4higkeiten zu erlernen und Werkzeuge sicher zu verwenden. Dies bereitet sie auf m\u00f6gliche handwerkliche Berufe und die Berufsorientierung vor.<\/span><\/p>\n","protected":false},"excerpt":{"rendered":"<p>&nbsp; Der Technikunterricht bef\u00e4higt die Sch\u00fclerinnen und Sch\u00fcler, handwerkliche F\u00e4higkeiten zu erlernen und Werkzeuge sicher zu verwenden. Dies bereitet sie auf m\u00f6gliche handwerkliche Berufe und die Berufsorientierung vor.<\/p>\n","protected":false},"author":4,"featured_media":3726,"parent":0,"menu_order":0,"comment_status":"closed","ping_status":"closed","template":"","meta":{"ngg_post_thumbnail":0,"footnotes":""},"class_list":["post-3761","page","type-page","status-publish","has-post-thumbnail","hentry"],"_links":{"self":[{"href":"https:\/\/heinrich-bussmann-schule.de\/index.php?rest_route=\/wp\/v2\/pages\/3761","targetHints":{"allow":["GET"]}}],"collection":[{"href":"https:\/\/heinrich-bussmann-schule.de\/index.php?rest_route=\/wp\/v2\/pages"}],"about":[{"href":"https:\/\/heinrich-bussmann-schule.de\/index.php?rest_route=\/wp\/v2\/types\/page"}],"author":[{"embeddable":true,"href":"https:\/\/heinrich-bussmann-schule.de\/index.php?rest_route=\/wp\/v2\/users\/4"}],"replies":[{"embeddable":true,"href":"https:\/\/heinrich-bussmann-schule.de\/index.php?rest_route=%2Fwp%2Fv2%2Fcomments&post=3761"}],"version-history":[{"count":3,"href":"https:\/\/heinrich-bussmann-schule.de\/index.php?rest_route=\/wp\/v2\/pages\/3761\/revisions"}],"predecessor-version":[{"id":3943,"href":"https:\/\/heinrich-bussmann-schule.de\/index.php?rest_route=\/wp\/v2\/pages\/3761\/revisions\/3943"}],"wp:featuredmedia":[{"embeddable":true,"href":"https:\/\/heinrich-bussmann-schule.de\/index.php?rest_route=\/wp\/v2\/media\/3726"}],"wp:attachment":[{"href":"https:\/\/heinrich-bussmann-schule.de\/index.php?rest_route=%2Fwp%2Fv2%2Fmedia&parent=3761"}],"curies":[{"name":"wp","href":"https:\/\/api.w.org\/{rel}","templated":true}]}}