{"id":3771,"date":"2024-11-24T11:29:22","date_gmt":"2024-11-24T10:29:22","guid":{"rendered":"https:\/\/heinrich-bussmann-schule.de\/?page_id=3771"},"modified":"2024-11-24T13:29:42","modified_gmt":"2024-11-24T12:29:42","slug":"daz-daf","status":"publish","type":"page","link":"https:\/\/heinrich-bussmann-schule.de\/?page_id=3771","title":{"rendered":"DaZ\/DaF"},"content":{"rendered":"<h2 style=\"text-align: center;\">&nbsp;<\/h2>\n<p><span style=\"font-weight: 400;\">Deutsch als Zweit- oder Fremdsprache unterst\u00fctzt Sch\u00fclerinnen und Sch\u00fcler beim Erlernen der deutschen Sprache. Zudem nehmen sie am GO-IN-Projekt im Kreis Unna teil, um ihre Sprachf\u00e4higkeiten in einem interkulturellen Kontext weiterzuentwickeln.<\/span><\/p>\n","protected":false},"excerpt":{"rendered":"<p>&nbsp; Deutsch als Zweit- oder Fremdsprache unterst\u00fctzt Sch\u00fclerinnen und Sch\u00fcler beim Erlernen der deutschen Sprache. Zudem nehmen sie am GO-IN-Projekt im Kreis Unna teil, um ihre Sprachf\u00e4higkeiten in einem interkulturellen&hellip; <a class=\"excerpt-more-link\" href=\"https:\/\/heinrich-bussmann-schule.de\/?page_id=3771\">Weiterlesen<\/a><\/p>\n","protected":false},"author":4,"featured_media":3718,"parent":0,"menu_order":0,"comment_status":"closed","ping_status":"closed","template":"","meta":{"ngg_post_thumbnail":0,"footnotes":""},"class_list":["post-3771","page","type-page","status-publish","has-post-thumbnail","hentry"],"_links":{"self":[{"href":"https:\/\/heinrich-bussmann-schule.de\/index.php?rest_route=\/wp\/v2\/pages\/3771","targetHints":{"allow":["GET"]}}],"collection":[{"href":"https:\/\/heinrich-bussmann-schule.de\/index.php?rest_route=\/wp\/v2\/pages"}],"about":[{"href":"https:\/\/heinrich-bussmann-schule.de\/index.php?rest_route=\/wp\/v2\/types\/page"}],"author":[{"embeddable":true,"href":"https:\/\/heinrich-bussmann-schule.de\/index.php?rest_route=\/wp\/v2\/users\/4"}],"replies":[{"embeddable":true,"href":"https:\/\/heinrich-bussmann-schule.de\/index.php?rest_route=%2Fwp%2Fv2%2Fcomments&post=3771"}],"version-history":[{"count":2,"href":"https:\/\/heinrich-bussmann-schule.de\/index.php?rest_route=\/wp\/v2\/pages\/3771\/revisions"}],"predecessor-version":[{"id":3946,"href":"https:\/\/heinrich-bussmann-schule.de\/index.php?rest_route=\/wp\/v2\/pages\/3771\/revisions\/3946"}],"wp:featuredmedia":[{"embeddable":true,"href":"https:\/\/heinrich-bussmann-schule.de\/index.php?rest_route=\/wp\/v2\/media\/3718"}],"wp:attachment":[{"href":"https:\/\/heinrich-bussmann-schule.de\/index.php?rest_route=%2Fwp%2Fv2%2Fmedia&parent=3771"}],"curies":[{"name":"wp","href":"https:\/\/api.w.org\/{rel}","templated":true}]}}