{"id":3773,"date":"2024-11-24T11:35:51","date_gmt":"2024-11-24T10:35:51","guid":{"rendered":"https:\/\/heinrich-bussmann-schule.de\/?page_id=3773"},"modified":"2024-11-24T12:34:45","modified_gmt":"2024-11-24T11:34:45","slug":"religion-islamisch-christlich-praktische-philosophie","status":"publish","type":"page","link":"https:\/\/heinrich-bussmann-schule.de\/?page_id=3773","title":{"rendered":"Religion (Islamisch\/christlich\/praktische Philosophie)"},"content":{"rendered":"<h2 style=\"text-align: center;\">&nbsp;<\/h2>\n<p><span style=\"font-weight: 400;\">In der Auseinandersetzung mit religi\u00f6sen und ethischen Fragestellungen arbeiten die F\u00e4cher interreligi\u00f6s zusammen. Die Sch\u00fclerinnen und Sch\u00fcler setzen sich mit gemeinsamen Themen aus der Perspektive ihrer jeweiligen Religion auseinander und besuchen gemeinsam au\u00dferschulische Lernorte.<\/span><\/p>\n","protected":false},"excerpt":{"rendered":"<p>&nbsp; In der Auseinandersetzung mit religi\u00f6sen und ethischen Fragestellungen arbeiten die F\u00e4cher interreligi\u00f6s zusammen. Die Sch\u00fclerinnen und Sch\u00fcler setzen sich mit gemeinsamen Themen aus der Perspektive ihrer jeweiligen Religion auseinander&hellip; <a class=\"excerpt-more-link\" href=\"https:\/\/heinrich-bussmann-schule.de\/?page_id=3773\">Weiterlesen<\/a><\/p>\n","protected":false},"author":4,"featured_media":3694,"parent":0,"menu_order":0,"comment_status":"closed","ping_status":"closed","template":"","meta":{"ngg_post_thumbnail":0,"footnotes":""},"class_list":["post-3773","page","type-page","status-publish","has-post-thumbnail","hentry"],"_links":{"self":[{"href":"https:\/\/heinrich-bussmann-schule.de\/index.php?rest_route=\/wp\/v2\/pages\/3773","targetHints":{"allow":["GET"]}}],"collection":[{"href":"https:\/\/heinrich-bussmann-schule.de\/index.php?rest_route=\/wp\/v2\/pages"}],"about":[{"href":"https:\/\/heinrich-bussmann-schule.de\/index.php?rest_route=\/wp\/v2\/types\/page"}],"author":[{"embeddable":true,"href":"https:\/\/heinrich-bussmann-schule.de\/index.php?rest_route=\/wp\/v2\/users\/4"}],"replies":[{"embeddable":true,"href":"https:\/\/heinrich-bussmann-schule.de\/index.php?rest_route=%2Fwp%2Fv2%2Fcomments&post=3773"}],"version-history":[{"count":2,"href":"https:\/\/heinrich-bussmann-schule.de\/index.php?rest_route=\/wp\/v2\/pages\/3773\/revisions"}],"predecessor-version":[{"id":3893,"href":"https:\/\/heinrich-bussmann-schule.de\/index.php?rest_route=\/wp\/v2\/pages\/3773\/revisions\/3893"}],"wp:featuredmedia":[{"embeddable":true,"href":"https:\/\/heinrich-bussmann-schule.de\/index.php?rest_route=\/wp\/v2\/media\/3694"}],"wp:attachment":[{"href":"https:\/\/heinrich-bussmann-schule.de\/index.php?rest_route=%2Fwp%2Fv2%2Fmedia&parent=3773"}],"curies":[{"name":"wp","href":"https:\/\/api.w.org\/{rel}","templated":true}]}}