{"id":3776,"date":"2024-11-24T11:30:21","date_gmt":"2024-11-24T10:30:21","guid":{"rendered":"https:\/\/heinrich-bussmann-schule.de\/?page_id=3776"},"modified":"2024-11-24T13:31:09","modified_gmt":"2024-11-24T12:31:09","slug":"geschichte","status":"publish","type":"page","link":"https:\/\/heinrich-bussmann-schule.de\/?page_id=3776","title":{"rendered":"Geschichte"},"content":{"rendered":"<h2 style=\"text-align: center;\">&nbsp;<\/h2>\n<p><span style=\"font-weight: 400;\">Der Geschichtsunterricht vermittelt ein Verst\u00e4ndnis von Vergangenheit, um aktuelle gesellschaftliche Entwicklungen besser zu verstehen. Dies f\u00f6rdert auch das Bewusstsein f\u00fcr Menschenrechte und Demokratie.<\/span><\/p>\n","protected":false},"excerpt":{"rendered":"<p>&nbsp; Der Geschichtsunterricht vermittelt ein Verst\u00e4ndnis von Vergangenheit, um aktuelle gesellschaftliche Entwicklungen besser zu verstehen. Dies f\u00f6rdert auch das Bewusstsein f\u00fcr Menschenrechte und Demokratie.<\/p>\n","protected":false},"author":4,"featured_media":3716,"parent":0,"menu_order":0,"comment_status":"closed","ping_status":"closed","template":"","meta":{"ngg_post_thumbnail":0,"footnotes":""},"class_list":["post-3776","page","type-page","status-publish","has-post-thumbnail","hentry"],"_links":{"self":[{"href":"https:\/\/heinrich-bussmann-schule.de\/index.php?rest_route=\/wp\/v2\/pages\/3776","targetHints":{"allow":["GET"]}}],"collection":[{"href":"https:\/\/heinrich-bussmann-schule.de\/index.php?rest_route=\/wp\/v2\/pages"}],"about":[{"href":"https:\/\/heinrich-bussmann-schule.de\/index.php?rest_route=\/wp\/v2\/types\/page"}],"author":[{"embeddable":true,"href":"https:\/\/heinrich-bussmann-schule.de\/index.php?rest_route=\/wp\/v2\/users\/4"}],"replies":[{"embeddable":true,"href":"https:\/\/heinrich-bussmann-schule.de\/index.php?rest_route=%2Fwp%2Fv2%2Fcomments&post=3776"}],"version-history":[{"count":2,"href":"https:\/\/heinrich-bussmann-schule.de\/index.php?rest_route=\/wp\/v2\/pages\/3776\/revisions"}],"predecessor-version":[{"id":3949,"href":"https:\/\/heinrich-bussmann-schule.de\/index.php?rest_route=\/wp\/v2\/pages\/3776\/revisions\/3949"}],"wp:featuredmedia":[{"embeddable":true,"href":"https:\/\/heinrich-bussmann-schule.de\/index.php?rest_route=\/wp\/v2\/media\/3716"}],"wp:attachment":[{"href":"https:\/\/heinrich-bussmann-schule.de\/index.php?rest_route=%2Fwp%2Fv2%2Fmedia&parent=3776"}],"curies":[{"name":"wp","href":"https:\/\/api.w.org\/{rel}","templated":true}]}}