{"id":3778,"date":"2024-11-24T11:28:51","date_gmt":"2024-11-24T10:28:51","guid":{"rendered":"https:\/\/heinrich-bussmann-schule.de\/?page_id=3778"},"modified":"2024-11-24T13:38:38","modified_gmt":"2024-11-24T12:38:38","slug":"politik","status":"publish","type":"page","link":"https:\/\/heinrich-bussmann-schule.de\/?page_id=3778","title":{"rendered":"Politik"},"content":{"rendered":"<p><span style=\"font-weight: 400;\">Politik unterrichtet die Sch\u00fclerinnen und Sch\u00fcler \u00fcber politische Systeme und die Bedeutung von Demokratie, um sie auf die aktive Teilnahme an der Gesellschaft vorzubereiten. Politik wird an unserer Schule als eigenst\u00e4ndiges Fach von Klasse 5 bis 10 unterrichtet, da wir in der Grundbildung eine besondere Verantwortung sehen.<\/span><\/p>\n","protected":false},"excerpt":{"rendered":"<p>Politik unterrichtet die Sch\u00fclerinnen und Sch\u00fcler \u00fcber politische Systeme und die Bedeutung von Demokratie, um sie auf die aktive Teilnahme an der Gesellschaft vorzubereiten. Politik wird an unserer Schule als&hellip; <a class=\"excerpt-more-link\" href=\"https:\/\/heinrich-bussmann-schule.de\/?page_id=3778\">Weiterlesen<\/a><\/p>\n","protected":false},"author":4,"featured_media":3720,"parent":0,"menu_order":0,"comment_status":"closed","ping_status":"closed","template":"","meta":{"ngg_post_thumbnail":0,"footnotes":""},"class_list":["post-3778","page","type-page","status-publish","has-post-thumbnail","hentry"],"_links":{"self":[{"href":"https:\/\/heinrich-bussmann-schule.de\/index.php?rest_route=\/wp\/v2\/pages\/3778","targetHints":{"allow":["GET"]}}],"collection":[{"href":"https:\/\/heinrich-bussmann-schule.de\/index.php?rest_route=\/wp\/v2\/pages"}],"about":[{"href":"https:\/\/heinrich-bussmann-schule.de\/index.php?rest_route=\/wp\/v2\/types\/page"}],"author":[{"embeddable":true,"href":"https:\/\/heinrich-bussmann-schule.de\/index.php?rest_route=\/wp\/v2\/users\/4"}],"replies":[{"embeddable":true,"href":"https:\/\/heinrich-bussmann-schule.de\/index.php?rest_route=%2Fwp%2Fv2%2Fcomments&post=3778"}],"version-history":[{"count":2,"href":"https:\/\/heinrich-bussmann-schule.de\/index.php?rest_route=\/wp\/v2\/pages\/3778\/revisions"}],"predecessor-version":[{"id":3956,"href":"https:\/\/heinrich-bussmann-schule.de\/index.php?rest_route=\/wp\/v2\/pages\/3778\/revisions\/3956"}],"wp:featuredmedia":[{"embeddable":true,"href":"https:\/\/heinrich-bussmann-schule.de\/index.php?rest_route=\/wp\/v2\/media\/3720"}],"wp:attachment":[{"href":"https:\/\/heinrich-bussmann-schule.de\/index.php?rest_route=%2Fwp%2Fv2%2Fmedia&parent=3778"}],"curies":[{"name":"wp","href":"https:\/\/api.w.org\/{rel}","templated":true}]}}