{"id":38,"date":"2021-06-03T14:14:02","date_gmt":"2021-06-03T12:14:02","guid":{"rendered":"https:\/\/www.heinrich-bussmann-schule.de\/?page_id=38"},"modified":"2025-02-12T08:42:15","modified_gmt":"2025-02-12T07:42:15","slug":"schulleitung","status":"publish","type":"page","link":"https:\/\/heinrich-bussmann-schule.de\/?page_id=38","title":{"rendered":"Schulleitung"},"content":{"rendered":"<p class=\"intro\">Unsere Schulleiterin Melanie Froch gestaltet, leitet und pr\u00e4gt gemeinsam mit dem gesamten Kollegium das Schulleben der Heinrich-Bu\u00dfmann-Hauptschule. Gemeinsam ber\u00e4t man sich nicht nur zu organisatorischen Themen, sondern auch zu wichtigen Entwicklungen rund um den Schul- und Unterrichtsalltag.<\/p>\n<p><span class=\"dropcap\">E<\/span>ine gute Schulbildung entscheidet \u00fcber die Zukunft unserer Kinder. Demzufolge muss es selbstverst\u00e4ndlich sein, dass die Sch\u00fcler:innen im Mittelpunkt stehen. Ihnen geh\u00f6rt unsere ganze Aufmerksamkeit. Wir schaffen Bedingungen, die es jedem Kind erm\u00f6glichen, die eigenen Talente zu entwickeln und mit Freude zu lernen. Wir wissen, dass nicht alle Kinder gleich sind, deshalb ist uns eine individuelle F\u00f6rderung wichtig.<\/p>\n<p class=\"pull-right\">&#8222;Gemeinsam machen wir Schule!&#8220;<\/p>\n<p><strong>Schulleiter-Sprechstunde<\/strong><br \/>\nAls kleine Schule legen wir Wert auf ein pers\u00f6nliches Verh\u00e4ltnis zu Sch\u00fcler:innen sowie Eltern. Aus diesem Grund bieten wir eine Schulleiter-Sprechstunde gezielt f\u00fcr Sch\u00fcler:innen und Eltern an.<br \/>\nDiese findet im Anschluss an den Unterricht, jeweils freitags von 14 &#8211; 15 Uhr, statt.<\/p>\n<p>Ihren Termin bitten wir mit unserem Sekretariat abzustimmen: Tel: 02306 \/ 98126100.<\/p>\n<p>Wir freuen uns auf einen regen Austausch!<\/p>\n<div id=\"attachment_3632\" style=\"width: 340px\" class=\"wp-caption alignright\"><img fetchpriority=\"high\" decoding=\"async\" aria-describedby=\"caption-attachment-3632\" class=\"wp-image-3632 size-medium\" src=\"https:\/\/heinrich-bussmann-schule.de\/wp-content\/uploads\/2024\/09\/SL-330x330.jpg\" alt=\"\" width=\"330\" height=\"330\" srcset=\"https:\/\/heinrich-bussmann-schule.de\/wp-content\/uploads\/2024\/09\/SL-330x330.jpg 330w, https:\/\/heinrich-bussmann-schule.de\/wp-content\/uploads\/2024\/09\/SL-1024x1024.jpg 1024w, https:\/\/heinrich-bussmann-schule.de\/wp-content\/uploads\/2024\/09\/SL-150x150.jpg 150w, https:\/\/heinrich-bussmann-schule.de\/wp-content\/uploads\/2024\/09\/SL-768x768.jpg 768w, https:\/\/heinrich-bussmann-schule.de\/wp-content\/uploads\/2024\/09\/SL-1536x1536.jpg 1536w, https:\/\/heinrich-bussmann-schule.de\/wp-content\/uploads\/2024\/09\/SL-2048x2048.jpg 2048w, https:\/\/heinrich-bussmann-schule.de\/wp-content\/uploads\/2024\/09\/SL-660x660.jpg 660w, https:\/\/heinrich-bussmann-schule.de\/wp-content\/uploads\/2024\/09\/SL-1000x1000.jpg 1000w, https:\/\/heinrich-bussmann-schule.de\/wp-content\/uploads\/2024\/09\/SL-373x373.jpg 373w\" sizes=\"(max-width: 330px) 100vw, 330px\" \/><p id=\"caption-attachment-3632\" class=\"wp-caption-text\">&#8222;Gemeinsam machen wir Schule&#8220;<\/p><\/div>\n<p><img decoding=\"async\" class=\"alignnone wp-image-3280 size-thumbnail\" src=\"https:\/\/heinrich-bussmann-schule.de\/wp-content\/uploads\/2023\/03\/Melanie-150x150.jpg\" alt=\"\" width=\"150\" height=\"150\" srcset=\"https:\/\/heinrich-bussmann-schule.de\/wp-content\/uploads\/2023\/03\/Melanie-150x150.jpg 150w, https:\/\/heinrich-bussmann-schule.de\/wp-content\/uploads\/2023\/03\/Melanie-1000x1000.jpg 1000w, https:\/\/heinrich-bussmann-schule.de\/wp-content\/uploads\/2023\/03\/Melanie-660x660.jpg 660w, https:\/\/heinrich-bussmann-schule.de\/wp-content\/uploads\/2023\/03\/Melanie-373x373.jpg 373w\" sizes=\"(max-width: 150px) 100vw, 150px\" \/><br \/>\nFrau Froch<br \/>\n(Schulleitung)<\/p>\n<p style=\"text-align: left;\"><img decoding=\"async\" class=\"alignnone wp-image-3279 size-thumbnail\" src=\"https:\/\/heinrich-bussmann-schule.de\/wp-content\/uploads\/2023\/03\/Anna-150x150.jpg\" alt=\"\" width=\"150\" height=\"150\" srcset=\"https:\/\/heinrich-bussmann-schule.de\/wp-content\/uploads\/2023\/03\/Anna-150x150.jpg 150w, https:\/\/heinrich-bussmann-schule.de\/wp-content\/uploads\/2023\/03\/Anna-1000x1000.jpg 1000w, https:\/\/heinrich-bussmann-schule.de\/wp-content\/uploads\/2023\/03\/Anna-660x660.jpg 660w, https:\/\/heinrich-bussmann-schule.de\/wp-content\/uploads\/2023\/03\/Anna-373x373.jpg 373w\" sizes=\"(max-width: 150px) 100vw, 150px\" \/><br \/>\nFrau Schuchtmann<br \/>\n(stellv. Schulleitung)&nbsp; &nbsp; &nbsp; &nbsp; &nbsp; &nbsp; &nbsp; &nbsp; &nbsp;<\/p>\n<p style=\"text-align: left;\"><img loading=\"lazy\" decoding=\"async\" class=\"wp-image-3643 size-thumbnail alignnone\" src=\"https:\/\/heinrich-bussmann-schule.de\/wp-content\/uploads\/2024\/09\/fed67be1-5a18-46c1-ade9-4c64758070b0-150x150.jpg\" alt=\"\" width=\"150\" height=\"150\" srcset=\"https:\/\/heinrich-bussmann-schule.de\/wp-content\/uploads\/2024\/09\/fed67be1-5a18-46c1-ade9-4c64758070b0-150x150.jpg 150w, https:\/\/heinrich-bussmann-schule.de\/wp-content\/uploads\/2024\/09\/fed67be1-5a18-46c1-ade9-4c64758070b0-330x330.jpg 330w, https:\/\/heinrich-bussmann-schule.de\/wp-content\/uploads\/2024\/09\/fed67be1-5a18-46c1-ade9-4c64758070b0-1024x1024.jpg 1024w, https:\/\/heinrich-bussmann-schule.de\/wp-content\/uploads\/2024\/09\/fed67be1-5a18-46c1-ade9-4c64758070b0-768x768.jpg 768w, https:\/\/heinrich-bussmann-schule.de\/wp-content\/uploads\/2024\/09\/fed67be1-5a18-46c1-ade9-4c64758070b0-1536x1536.jpg 1536w, https:\/\/heinrich-bussmann-schule.de\/wp-content\/uploads\/2024\/09\/fed67be1-5a18-46c1-ade9-4c64758070b0-660x660.jpg 660w, https:\/\/heinrich-bussmann-schule.de\/wp-content\/uploads\/2024\/09\/fed67be1-5a18-46c1-ade9-4c64758070b0-1000x1000.jpg 1000w, https:\/\/heinrich-bussmann-schule.de\/wp-content\/uploads\/2024\/09\/fed67be1-5a18-46c1-ade9-4c64758070b0-373x373.jpg 373w, https:\/\/heinrich-bussmann-schule.de\/wp-content\/uploads\/2024\/09\/fed67be1-5a18-46c1-ade9-4c64758070b0.jpg 2048w\" sizes=\"(max-width: 150px) 100vw, 150px\" \/><br \/>\nHerr Erdogan<br \/>\n(erweiterte Schulleitung)<\/p>\n","protected":false},"excerpt":{"rendered":"<p>Unsere Schulleiterin Melanie Froch gestaltet, leitet und pr\u00e4gt gemeinsam mit dem gesamten Kollegium das Schulleben der Heinrich-Bu\u00dfmann-Hauptschule. Gemeinsam ber\u00e4t man sich nicht nur zu organisatorischen Themen, sondern auch zu wichtigen&hellip; <a class=\"excerpt-more-link\" href=\"https:\/\/heinrich-bussmann-schule.de\/?page_id=38\">Weiterlesen<\/a><\/p>\n","protected":false},"author":2,"featured_media":0,"parent":36,"menu_order":1,"comment_status":"closed","ping_status":"closed","template":"","meta":{"ngg_post_thumbnail":0,"footnotes":""},"class_list":["post-38","page","type-page","status-publish","hentry"],"_links":{"self":[{"href":"https:\/\/heinrich-bussmann-schule.de\/index.php?rest_route=\/wp\/v2\/pages\/38","targetHints":{"allow":["GET"]}}],"collection":[{"href":"https:\/\/heinrich-bussmann-schule.de\/index.php?rest_route=\/wp\/v2\/pages"}],"about":[{"href":"https:\/\/heinrich-bussmann-schule.de\/index.php?rest_route=\/wp\/v2\/types\/page"}],"author":[{"embeddable":true,"href":"https:\/\/heinrich-bussmann-schule.de\/index.php?rest_route=\/wp\/v2\/users\/2"}],"replies":[{"embeddable":true,"href":"https:\/\/heinrich-bussmann-schule.de\/index.php?rest_route=%2Fwp%2Fv2%2Fcomments&post=38"}],"version-history":[{"count":19,"href":"https:\/\/heinrich-bussmann-schule.de\/index.php?rest_route=\/wp\/v2\/pages\/38\/revisions"}],"predecessor-version":[{"id":4150,"href":"https:\/\/heinrich-bussmann-schule.de\/index.php?rest_route=\/wp\/v2\/pages\/38\/revisions\/4150"}],"up":[{"embeddable":true,"href":"https:\/\/heinrich-bussmann-schule.de\/index.php?rest_route=\/wp\/v2\/pages\/36"}],"wp:attachment":[{"href":"https:\/\/heinrich-bussmann-schule.de\/index.php?rest_route=%2Fwp%2Fv2%2Fmedia&parent=38"}],"curies":[{"name":"wp","href":"https:\/\/api.w.org\/{rel}","templated":true}]}}