{"id":3804,"date":"2024-11-05T12:42:42","date_gmt":"2024-11-05T11:42:42","guid":{"rendered":"https:\/\/heinrich-bussmann-schule.de\/?page_id=3804"},"modified":"2024-11-05T12:43:03","modified_gmt":"2024-11-05T11:43:03","slug":"soziales-lernen","status":"publish","type":"page","link":"https:\/\/heinrich-bussmann-schule.de\/?page_id=3804","title":{"rendered":"Soziales Lernen"},"content":{"rendered":"<p><strong>Klassenrat \u2013 Gemeinsam L\u00f6sungen finden und Verantwortung \u00fcbernehmen<\/strong><\/p>\n<p>Im Klassenrat gestalten die Sch\u00fclerinnen und Sch\u00fcler das Zusammenleben in der Klasse aktiv mit. W\u00f6chentlich kommen alle zusammen, um aktuelle Themen, Anliegen und Konflikte zu besprechen und gemeinsam L\u00f6sungen zu entwickeln. Der Klassenrat wird von den Sch\u00fclerinnen und Sch\u00fclern selbst geleitet und f\u00f6rdert wichtige soziale Kompetenzen wie Verantwortungsbewusstsein, Teamf\u00e4higkeit und Selbstbewusstsein.<\/p>\n<p>Dabei \u00fcbernehmen alle eine feste Aufgabe: Der Zeitw\u00e4chter achtet auf den Ablauf der Sitzung, der Regelw\u00e4chter stellt sicher, dass vereinbarte Gespr\u00e4chsregeln eingehalten werden, und der Protokollant dokumentiert die Ergebnisse. Durch diese klare Rollenverteilung lernen die Sch\u00fclerinnen und Sch\u00fcler, Verantwortung zu \u00fcbernehmen und ihre Meinung konstruktiv einzubringen \u2013 ein wertvoller Beitrag zur Pers\u00f6nlichkeitsbildung und zur St\u00e4rkung des Klassenzusammenhalts.<\/p>\n","protected":false},"excerpt":{"rendered":"<p>Klassenrat \u2013 Gemeinsam L\u00f6sungen finden und Verantwortung \u00fcbernehmen Im Klassenrat gestalten die Sch\u00fclerinnen und Sch\u00fcler das Zusammenleben in der Klasse aktiv mit. W\u00f6chentlich kommen alle zusammen, um aktuelle Themen, Anliegen&hellip; <a class=\"excerpt-more-link\" href=\"https:\/\/heinrich-bussmann-schule.de\/?page_id=3804\">Weiterlesen<\/a><\/p>\n","protected":false},"author":4,"featured_media":0,"parent":0,"menu_order":0,"comment_status":"closed","ping_status":"closed","template":"","meta":{"ngg_post_thumbnail":0,"footnotes":""},"class_list":["post-3804","page","type-page","status-publish","hentry"],"_links":{"self":[{"href":"https:\/\/heinrich-bussmann-schule.de\/index.php?rest_route=\/wp\/v2\/pages\/3804","targetHints":{"allow":["GET"]}}],"collection":[{"href":"https:\/\/heinrich-bussmann-schule.de\/index.php?rest_route=\/wp\/v2\/pages"}],"about":[{"href":"https:\/\/heinrich-bussmann-schule.de\/index.php?rest_route=\/wp\/v2\/types\/page"}],"author":[{"embeddable":true,"href":"https:\/\/heinrich-bussmann-schule.de\/index.php?rest_route=\/wp\/v2\/users\/4"}],"replies":[{"embeddable":true,"href":"https:\/\/heinrich-bussmann-schule.de\/index.php?rest_route=%2Fwp%2Fv2%2Fcomments&post=3804"}],"version-history":[{"count":1,"href":"https:\/\/heinrich-bussmann-schule.de\/index.php?rest_route=\/wp\/v2\/pages\/3804\/revisions"}],"predecessor-version":[{"id":3805,"href":"https:\/\/heinrich-bussmann-schule.de\/index.php?rest_route=\/wp\/v2\/pages\/3804\/revisions\/3805"}],"wp:attachment":[{"href":"https:\/\/heinrich-bussmann-schule.de\/index.php?rest_route=%2Fwp%2Fv2%2Fmedia&parent=3804"}],"curies":[{"name":"wp","href":"https:\/\/api.w.org\/{rel}","templated":true}]}}