{"id":3818,"date":"2024-11-24T11:32:59","date_gmt":"2024-11-24T10:32:59","guid":{"rendered":"https:\/\/heinrich-bussmann-schule.de\/?page_id=3818"},"modified":"2024-11-24T12:36:01","modified_gmt":"2024-11-24T11:36:01","slug":"foerderstunde","status":"publish","type":"page","link":"https:\/\/heinrich-bussmann-schule.de\/?page_id=3818","title":{"rendered":"F\u00f6rderstunde"},"content":{"rendered":"<p><strong><a href=\"https:\/\/heinrich-bussmann-schule.de\/wp-content\/uploads\/2024\/11\/Foerder.jpg\"><img fetchpriority=\"high\" decoding=\"async\" class=\"alignleft size-medium wp-image-3826\" src=\"https:\/\/heinrich-bussmann-schule.de\/wp-content\/uploads\/2024\/11\/Foerder-330x220.jpg\" alt=\"\" width=\"330\" height=\"220\" srcset=\"https:\/\/heinrich-bussmann-schule.de\/wp-content\/uploads\/2024\/11\/Foerder-330x220.jpg 330w, https:\/\/heinrich-bussmann-schule.de\/wp-content\/uploads\/2024\/11\/Foerder-768x512.jpg 768w, https:\/\/heinrich-bussmann-schule.de\/wp-content\/uploads\/2024\/11\/Foerder-660x440.jpg 660w, https:\/\/heinrich-bussmann-schule.de\/wp-content\/uploads\/2024\/11\/Foerder-1000x667.jpg 1000w, https:\/\/heinrich-bussmann-schule.de\/wp-content\/uploads\/2024\/11\/Foerder-373x248.jpg 373w, https:\/\/heinrich-bussmann-schule.de\/wp-content\/uploads\/2024\/11\/Foerder.jpg 1024w\" sizes=\"(max-width: 330px) 100vw, 330px\" \/><\/a>F\u00f6rderunterricht \u2013 Individuelle Unterst\u00fctzung f\u00fcr den Lernerfolg<\/strong><\/p>\n<p>Unser F\u00f6rderunterricht bietet gezielte Unterst\u00fctzung in den Kernf\u00e4chern <strong>Mathematik<\/strong>, <strong>Deutsch<\/strong> und <strong>Englisch<\/strong>. Mit individuellen Lernpl\u00e4nen und auf die Bed\u00fcrfnisse jedes Einzelnen abgestimmten \u00dcbungen helfen wir, Wissensl\u00fccken zu schlie\u00dfen, St\u00e4rken auszubauen und das Selbstvertrauen zu st\u00e4rken. In kleinen Gruppen oder im Einzelunterricht begleiten wir unsere Sch\u00fclerinnen und Sch\u00fcler auf ihrem Weg zu besseren Noten und mehr Freude am Lernen.<\/p>\n<p>Gemeinsam machen wir den n\u00e4chsten Schritt \u2013 f\u00fcr einen erfolgreichen Schulalltag!<\/p>\n","protected":false},"excerpt":{"rendered":"<p>F\u00f6rderunterricht \u2013 Individuelle Unterst\u00fctzung f\u00fcr den Lernerfolg Unser F\u00f6rderunterricht bietet gezielte Unterst\u00fctzung in den Kernf\u00e4chern Mathematik, Deutsch und Englisch. Mit individuellen Lernpl\u00e4nen und auf die Bed\u00fcrfnisse jedes Einzelnen abgestimmten \u00dcbungen&hellip; <a class=\"excerpt-more-link\" href=\"https:\/\/heinrich-bussmann-schule.de\/?page_id=3818\">Weiterlesen<\/a><\/p>\n","protected":false},"author":4,"featured_media":3731,"parent":0,"menu_order":0,"comment_status":"closed","ping_status":"closed","template":"","meta":{"ngg_post_thumbnail":0,"footnotes":""},"class_list":["post-3818","page","type-page","status-publish","has-post-thumbnail","hentry"],"_links":{"self":[{"href":"https:\/\/heinrich-bussmann-schule.de\/index.php?rest_route=\/wp\/v2\/pages\/3818","targetHints":{"allow":["GET"]}}],"collection":[{"href":"https:\/\/heinrich-bussmann-schule.de\/index.php?rest_route=\/wp\/v2\/pages"}],"about":[{"href":"https:\/\/heinrich-bussmann-schule.de\/index.php?rest_route=\/wp\/v2\/types\/page"}],"author":[{"embeddable":true,"href":"https:\/\/heinrich-bussmann-schule.de\/index.php?rest_route=\/wp\/v2\/users\/4"}],"replies":[{"embeddable":true,"href":"https:\/\/heinrich-bussmann-schule.de\/index.php?rest_route=%2Fwp%2Fv2%2Fcomments&post=3818"}],"version-history":[{"count":2,"href":"https:\/\/heinrich-bussmann-schule.de\/index.php?rest_route=\/wp\/v2\/pages\/3818\/revisions"}],"predecessor-version":[{"id":3835,"href":"https:\/\/heinrich-bussmann-schule.de\/index.php?rest_route=\/wp\/v2\/pages\/3818\/revisions\/3835"}],"wp:featuredmedia":[{"embeddable":true,"href":"https:\/\/heinrich-bussmann-schule.de\/index.php?rest_route=\/wp\/v2\/media\/3731"}],"wp:attachment":[{"href":"https:\/\/heinrich-bussmann-schule.de\/index.php?rest_route=%2Fwp%2Fv2%2Fmedia&parent=3818"}],"curies":[{"name":"wp","href":"https:\/\/api.w.org\/{rel}","templated":true}]}}