{"id":3821,"date":"2024-11-24T11:38:06","date_gmt":"2024-11-24T10:38:06","guid":{"rendered":"https:\/\/heinrich-bussmann-schule.de\/?page_id=3821"},"modified":"2024-11-24T13:32:20","modified_gmt":"2024-11-24T12:32:20","slug":"textilgestaltung","status":"publish","type":"page","link":"https:\/\/heinrich-bussmann-schule.de\/?page_id=3821","title":{"rendered":"Textilgestaltung"},"content":{"rendered":"<p><span style=\"font-weight: 400;\">Im Fach Textilgestaltung erwerben die Sch\u00fclerinnen und Sch\u00fcler praktische F\u00e4higkeiten im Umgang mit verschiedenen Materialien und Techniken. Sie lernen, kreative textile Projekte zu planen und umzusetzen, und entwickeln dabei ein Bewusstsein f\u00fcr nachhaltige Materialien und Produktionsmethoden. Dieser Unterricht f\u00f6rdert nicht nur die Kreativit\u00e4t, sondern auch die Verbindung zu kulturellen und historischen Aspekten des Textildesigns.<\/span><\/p>\n","protected":false},"excerpt":{"rendered":"<p>Im Fach Textilgestaltung erwerben die Sch\u00fclerinnen und Sch\u00fcler praktische F\u00e4higkeiten im Umgang mit verschiedenen Materialien und Techniken. Sie lernen, kreative textile Projekte zu planen und umzusetzen, und entwickeln dabei ein&hellip; <a class=\"excerpt-more-link\" href=\"https:\/\/heinrich-bussmann-schule.de\/?page_id=3821\">Weiterlesen<\/a><\/p>\n","protected":false},"author":4,"featured_media":3794,"parent":0,"menu_order":0,"comment_status":"closed","ping_status":"closed","template":"","meta":{"ngg_post_thumbnail":0,"footnotes":""},"class_list":["post-3821","page","type-page","status-publish","has-post-thumbnail","hentry"],"_links":{"self":[{"href":"https:\/\/heinrich-bussmann-schule.de\/index.php?rest_route=\/wp\/v2\/pages\/3821","targetHints":{"allow":["GET"]}}],"collection":[{"href":"https:\/\/heinrich-bussmann-schule.de\/index.php?rest_route=\/wp\/v2\/pages"}],"about":[{"href":"https:\/\/heinrich-bussmann-schule.de\/index.php?rest_route=\/wp\/v2\/types\/page"}],"author":[{"embeddable":true,"href":"https:\/\/heinrich-bussmann-schule.de\/index.php?rest_route=\/wp\/v2\/users\/4"}],"replies":[{"embeddable":true,"href":"https:\/\/heinrich-bussmann-schule.de\/index.php?rest_route=%2Fwp%2Fv2%2Fcomments&post=3821"}],"version-history":[{"count":3,"href":"https:\/\/heinrich-bussmann-schule.de\/index.php?rest_route=\/wp\/v2\/pages\/3821\/revisions"}],"predecessor-version":[{"id":3951,"href":"https:\/\/heinrich-bussmann-schule.de\/index.php?rest_route=\/wp\/v2\/pages\/3821\/revisions\/3951"}],"wp:featuredmedia":[{"embeddable":true,"href":"https:\/\/heinrich-bussmann-schule.de\/index.php?rest_route=\/wp\/v2\/media\/3794"}],"wp:attachment":[{"href":"https:\/\/heinrich-bussmann-schule.de\/index.php?rest_route=%2Fwp%2Fv2%2Fmedia&parent=3821"}],"curies":[{"name":"wp","href":"https:\/\/api.w.org\/{rel}","templated":true}]}}