{"id":3840,"date":"2024-11-24T12:08:32","date_gmt":"2024-11-24T11:08:32","guid":{"rendered":"https:\/\/heinrich-bussmann-schule.de\/?page_id=3840"},"modified":"2024-12-19T08:57:06","modified_gmt":"2024-12-19T07:57:06","slug":"wp-politik-demokratieerziehung","status":"publish","type":"page","link":"https:\/\/heinrich-bussmann-schule.de\/?page_id=3840","title":{"rendered":"WP-Politik (Demokratieerziehung)"},"content":{"rendered":"<p style=\"text-align: left;\"><span style=\"font-weight: 400;\">Demokratiebildung steht im Zentrum dieses Profils. Die Sch\u00fclerinnen und Sch\u00fcler lernen, wie demokratische Prozesse funktionieren und wie sie sich aktiv in globale und lokale Gemeinschaften einbringen k\u00f6nnen.<\/span><\/p>\n<p>&nbsp;<\/p>\n<h4 style=\"text-align: center;\"><strong>Demokratiekurs unterwegs in Bonn<\/strong><\/h4>\n<p><span class=\"dropcap\">D<\/span>er Demokratiekurs machte am 06.12.2022 gemeinsam mit den Sch\u00fcler:innen der Hauptschule Kley einen Ausflug nach Bonn. Zuerst besuchten sie das Bundesministerium der Verteidigung (BMVg). Dort informierte Herr Tittmann die Sch\u00fcler:innen \u00fcber das aktuelle Weltgeschehen und stand ihnen Rede und Antwort.<br \/>\nDanach ging es in das Haus der Geschichte, in dem die Sch\u00fcler:innen die Dauerausstellung &#8222;Unsere Geschichte. Deutschland seit 1945&#8220; besuchten und die Entwicklung Deutschlands vom Ende des Zweiten Weltkriegs bis zur Gegenwart im globalisierten 21. Jahrhundert entdecken konnten.<br \/>\nIm M\u00e4rz 2024 ist eine mehrt\u00e4gige Kursfahrt nach Berlin geplant, auf die sich die Sch\u00fcler:innen schon sehr freuen.<\/p>\n<p><img decoding=\"async\" class=\"alignnone  wp-image-3197\" src=\"https:\/\/heinrich-bussmann-schule.de\/wp-content\/uploads\/2023\/01\/IMG-20221206-WA0015-330x241.jpg\" alt=\"\" width=\"230\" height=\"168\" srcset=\"https:\/\/heinrich-bussmann-schule.de\/wp-content\/uploads\/2023\/01\/IMG-20221206-WA0015-330x241.jpg 330w, https:\/\/heinrich-bussmann-schule.de\/wp-content\/uploads\/2023\/01\/IMG-20221206-WA0015-1024x748.jpg 1024w, https:\/\/heinrich-bussmann-schule.de\/wp-content\/uploads\/2023\/01\/IMG-20221206-WA0015-768x561.jpg 768w, https:\/\/heinrich-bussmann-schule.de\/wp-content\/uploads\/2023\/01\/IMG-20221206-WA0015-1536x1121.jpg 1536w, https:\/\/heinrich-bussmann-schule.de\/wp-content\/uploads\/2023\/01\/IMG-20221206-WA0015-660x482.jpg 660w, https:\/\/heinrich-bussmann-schule.de\/wp-content\/uploads\/2023\/01\/IMG-20221206-WA0015-1000x730.jpg 1000w, https:\/\/heinrich-bussmann-schule.de\/wp-content\/uploads\/2023\/01\/IMG-20221206-WA0015.jpg 1708w\" sizes=\"(max-width: 230px) 100vw, 230px\" \/> <img decoding=\"async\" class=\"alignnone wp-image-3196\" src=\"https:\/\/heinrich-bussmann-schule.de\/wp-content\/uploads\/2023\/01\/IMG_20221206_142350_2-330x248.jpg\" alt=\"\" width=\"224\" height=\"168\" srcset=\"https:\/\/heinrich-bussmann-schule.de\/wp-content\/uploads\/2023\/01\/IMG_20221206_142350_2-330x248.jpg 330w, https:\/\/heinrich-bussmann-schule.de\/wp-content\/uploads\/2023\/01\/IMG_20221206_142350_2-1024x768.jpg 1024w, https:\/\/heinrich-bussmann-schule.de\/wp-content\/uploads\/2023\/01\/IMG_20221206_142350_2-768x576.jpg 768w, https:\/\/heinrich-bussmann-schule.de\/wp-content\/uploads\/2023\/01\/IMG_20221206_142350_2-1536x1152.jpg 1536w, https:\/\/heinrich-bussmann-schule.de\/wp-content\/uploads\/2023\/01\/IMG_20221206_142350_2-2048x1536.jpg 2048w, https:\/\/heinrich-bussmann-schule.de\/wp-content\/uploads\/2023\/01\/IMG_20221206_142350_2-660x495.jpg 660w, https:\/\/heinrich-bussmann-schule.de\/wp-content\/uploads\/2023\/01\/IMG_20221206_142350_2-1000x750.jpg 1000w\" sizes=\"(max-width: 224px) 100vw, 224px\" \/><\/p>\n","protected":false},"excerpt":{"rendered":"<p>Demokratiebildung steht im Zentrum dieses Profils. Die Sch\u00fclerinnen und Sch\u00fcler lernen, wie demokratische Prozesse funktionieren und wie sie sich aktiv in globale und lokale Gemeinschaften einbringen k\u00f6nnen. &nbsp; Demokratiekurs unterwegs&hellip; <a class=\"excerpt-more-link\" href=\"https:\/\/heinrich-bussmann-schule.de\/?page_id=3840\">Weiterlesen<\/a><\/p>\n","protected":false},"author":4,"featured_media":0,"parent":0,"menu_order":0,"comment_status":"closed","ping_status":"closed","template":"","meta":{"ngg_post_thumbnail":0,"footnotes":""},"class_list":["post-3840","page","type-page","status-publish","hentry"],"_links":{"self":[{"href":"https:\/\/heinrich-bussmann-schule.de\/index.php?rest_route=\/wp\/v2\/pages\/3840","targetHints":{"allow":["GET"]}}],"collection":[{"href":"https:\/\/heinrich-bussmann-schule.de\/index.php?rest_route=\/wp\/v2\/pages"}],"about":[{"href":"https:\/\/heinrich-bussmann-schule.de\/index.php?rest_route=\/wp\/v2\/types\/page"}],"author":[{"embeddable":true,"href":"https:\/\/heinrich-bussmann-schule.de\/index.php?rest_route=\/wp\/v2\/users\/4"}],"replies":[{"embeddable":true,"href":"https:\/\/heinrich-bussmann-schule.de\/index.php?rest_route=%2Fwp%2Fv2%2Fcomments&post=3840"}],"version-history":[{"count":4,"href":"https:\/\/heinrich-bussmann-schule.de\/index.php?rest_route=\/wp\/v2\/pages\/3840\/revisions"}],"predecessor-version":[{"id":4106,"href":"https:\/\/heinrich-bussmann-schule.de\/index.php?rest_route=\/wp\/v2\/pages\/3840\/revisions\/4106"}],"wp:attachment":[{"href":"https:\/\/heinrich-bussmann-schule.de\/index.php?rest_route=%2Fwp%2Fv2%2Fmedia&parent=3840"}],"curies":[{"name":"wp","href":"https:\/\/api.w.org\/{rel}","templated":true}]}}