{"id":3842,"date":"2024-11-24T12:09:52","date_gmt":"2024-11-24T11:09:52","guid":{"rendered":"https:\/\/heinrich-bussmann-schule.de\/?page_id=3842"},"modified":"2024-11-24T15:04:42","modified_gmt":"2024-11-24T14:04:42","slug":"wp-informatik","status":"publish","type":"page","link":"https:\/\/heinrich-bussmann-schule.de\/?page_id=3842","title":{"rendered":"WP-Informatik"},"content":{"rendered":"<p><span style=\"font-weight: 400;\">Neben Grundkenntnissen in Informatik lernen die Sch\u00fclerinnen und Sch\u00fcler, wie neue Technologien wie 3D-Druck zur L\u00f6sung globaler Herausforderungen beitragen k\u00f6nnen.<\/span><a href=\"https:\/\/heinrich-bussmann-schule.de\/wp-content\/uploads\/2024\/11\/WP-Digitalisierung-3D-Druck.jpg\"><img fetchpriority=\"high\" decoding=\"async\" class=\"alignleft size-medium wp-image-3832\" src=\"https:\/\/heinrich-bussmann-schule.de\/wp-content\/uploads\/2024\/11\/WP-Digitalisierung-3D-Druck-248x330.jpg\" alt=\"\" width=\"248\" height=\"330\" srcset=\"https:\/\/heinrich-bussmann-schule.de\/wp-content\/uploads\/2024\/11\/WP-Digitalisierung-3D-Druck-248x330.jpg 248w, https:\/\/heinrich-bussmann-schule.de\/wp-content\/uploads\/2024\/11\/WP-Digitalisierung-3D-Druck-768x1024.jpg 768w, https:\/\/heinrich-bussmann-schule.de\/wp-content\/uploads\/2024\/11\/WP-Digitalisierung-3D-Druck-1152x1536.jpg 1152w, https:\/\/heinrich-bussmann-schule.de\/wp-content\/uploads\/2024\/11\/WP-Digitalisierung-3D-Druck-660x880.jpg 660w, https:\/\/heinrich-bussmann-schule.de\/wp-content\/uploads\/2024\/11\/WP-Digitalisierung-3D-Druck-1000x1333.jpg 1000w, https:\/\/heinrich-bussmann-schule.de\/wp-content\/uploads\/2024\/11\/WP-Digitalisierung-3D-Druck.jpg 1200w\" sizes=\"(max-width: 248px) 100vw, 248px\" \/><\/a><\/p>\n","protected":false},"excerpt":{"rendered":"<p>Neben Grundkenntnissen in Informatik lernen die Sch\u00fclerinnen und Sch\u00fcler, wie neue Technologien wie 3D-Druck zur L\u00f6sung globaler Herausforderungen beitragen k\u00f6nnen.<\/p>\n","protected":false},"author":4,"featured_media":0,"parent":0,"menu_order":0,"comment_status":"closed","ping_status":"closed","template":"","meta":{"ngg_post_thumbnail":0,"footnotes":""},"class_list":["post-3842","page","type-page","status-publish","hentry"],"_links":{"self":[{"href":"https:\/\/heinrich-bussmann-schule.de\/index.php?rest_route=\/wp\/v2\/pages\/3842","targetHints":{"allow":["GET"]}}],"collection":[{"href":"https:\/\/heinrich-bussmann-schule.de\/index.php?rest_route=\/wp\/v2\/pages"}],"about":[{"href":"https:\/\/heinrich-bussmann-schule.de\/index.php?rest_route=\/wp\/v2\/types\/page"}],"author":[{"embeddable":true,"href":"https:\/\/heinrich-bussmann-schule.de\/index.php?rest_route=\/wp\/v2\/users\/4"}],"replies":[{"embeddable":true,"href":"https:\/\/heinrich-bussmann-schule.de\/index.php?rest_route=%2Fwp%2Fv2%2Fcomments&post=3842"}],"version-history":[{"count":2,"href":"https:\/\/heinrich-bussmann-schule.de\/index.php?rest_route=\/wp\/v2\/pages\/3842\/revisions"}],"predecessor-version":[{"id":3983,"href":"https:\/\/heinrich-bussmann-schule.de\/index.php?rest_route=\/wp\/v2\/pages\/3842\/revisions\/3983"}],"wp:attachment":[{"href":"https:\/\/heinrich-bussmann-schule.de\/index.php?rest_route=%2Fwp%2Fv2%2Fmedia&parent=3842"}],"curies":[{"name":"wp","href":"https:\/\/api.w.org\/{rel}","templated":true}]}}