{"id":3844,"date":"2024-11-24T12:11:07","date_gmt":"2024-11-24T11:11:07","guid":{"rendered":"https:\/\/heinrich-bussmann-schule.de\/?page_id=3844"},"modified":"2024-11-24T14:25:09","modified_gmt":"2024-11-24T13:25:09","slug":"wp-kunst-streetart","status":"publish","type":"page","link":"https:\/\/heinrich-bussmann-schule.de\/?page_id=3844","title":{"rendered":"WP-Kunst (Streetart)"},"content":{"rendered":"<p style=\"text-align: center;\">&nbsp;<\/p>\n<p><span style=\"font-weight: 400;\"><a href=\"https:\/\/heinrich-bussmann-schule.de\/wp-content\/uploads\/2024\/11\/banksy.jpg\"><img fetchpriority=\"high\" decoding=\"async\" class=\"alignleft size-medium wp-image-3830\" src=\"https:\/\/heinrich-bussmann-schule.de\/wp-content\/uploads\/2024\/11\/banksy-330x299.jpg\" alt=\"\" width=\"330\" height=\"299\" srcset=\"https:\/\/heinrich-bussmann-schule.de\/wp-content\/uploads\/2024\/11\/banksy-330x299.jpg 330w, https:\/\/heinrich-bussmann-schule.de\/wp-content\/uploads\/2024\/11\/banksy-768x696.jpg 768w, https:\/\/heinrich-bussmann-schule.de\/wp-content\/uploads\/2024\/11\/banksy-660x598.jpg 660w, https:\/\/heinrich-bussmann-schule.de\/wp-content\/uploads\/2024\/11\/banksy.jpg 861w\" sizes=\"(max-width: 330px) 100vw, 330px\" \/><\/a>Im Schwerpunkt Kunst erkunden die Sch\u00fclerinnen und Sch\u00fcler moderne urbane Kunstformen und deren soziale und kulturelle Bedeutung. Ein besonderer Fokus liegt auf dem K\u00fcnstler Banksy, dessen Werke gesellschaftliche Themen ansprechen und zur Diskussion anregen.<\/span><\/p>\n","protected":false},"excerpt":{"rendered":"<p>&nbsp; Im Schwerpunkt Kunst erkunden die Sch\u00fclerinnen und Sch\u00fcler moderne urbane Kunstformen und deren soziale und kulturelle Bedeutung. Ein besonderer Fokus liegt auf dem K\u00fcnstler Banksy, dessen Werke gesellschaftliche Themen&hellip; <a class=\"excerpt-more-link\" href=\"https:\/\/heinrich-bussmann-schule.de\/?page_id=3844\">Weiterlesen<\/a><\/p>\n","protected":false},"author":4,"featured_media":0,"parent":0,"menu_order":0,"comment_status":"closed","ping_status":"closed","template":"","meta":{"ngg_post_thumbnail":0,"footnotes":""},"class_list":["post-3844","page","type-page","status-publish","hentry"],"_links":{"self":[{"href":"https:\/\/heinrich-bussmann-schule.de\/index.php?rest_route=\/wp\/v2\/pages\/3844","targetHints":{"allow":["GET"]}}],"collection":[{"href":"https:\/\/heinrich-bussmann-schule.de\/index.php?rest_route=\/wp\/v2\/pages"}],"about":[{"href":"https:\/\/heinrich-bussmann-schule.de\/index.php?rest_route=\/wp\/v2\/types\/page"}],"author":[{"embeddable":true,"href":"https:\/\/heinrich-bussmann-schule.de\/index.php?rest_route=\/wp\/v2\/users\/4"}],"replies":[{"embeddable":true,"href":"https:\/\/heinrich-bussmann-schule.de\/index.php?rest_route=%2Fwp%2Fv2%2Fcomments&post=3844"}],"version-history":[{"count":2,"href":"https:\/\/heinrich-bussmann-schule.de\/index.php?rest_route=\/wp\/v2\/pages\/3844\/revisions"}],"predecessor-version":[{"id":3965,"href":"https:\/\/heinrich-bussmann-schule.de\/index.php?rest_route=\/wp\/v2\/pages\/3844\/revisions\/3965"}],"wp:attachment":[{"href":"https:\/\/heinrich-bussmann-schule.de\/index.php?rest_route=%2Fwp%2Fv2%2Fmedia&parent=3844"}],"curies":[{"name":"wp","href":"https:\/\/api.w.org\/{rel}","templated":true}]}}