{"id":3846,"date":"2024-11-24T12:11:56","date_gmt":"2024-11-24T11:11:56","guid":{"rendered":"https:\/\/heinrich-bussmann-schule.de\/?page_id=3846"},"modified":"2024-11-24T15:08:51","modified_gmt":"2024-11-24T14:08:51","slug":"wp-nachhaltigkeit-bne","status":"publish","type":"page","link":"https:\/\/heinrich-bussmann-schule.de\/?page_id=3846","title":{"rendered":"WP-Nachhaltigkeit (BNE)"},"content":{"rendered":"<p><span style=\"font-weight: 400;\">Bildung f\u00fcr nachhaltige Entwicklung (BNE) f\u00f6rdert das Bewusstsein f\u00fcr globale Umweltthemen. Sch\u00fclerinnen und Sch\u00fcler entwickeln Projekte, die \u00f6kologische und soziale Verantwortung st\u00e4rken.<\/span><\/p>\n","protected":false},"excerpt":{"rendered":"<p>Bildung f\u00fcr nachhaltige Entwicklung (BNE) f\u00f6rdert das Bewusstsein f\u00fcr globale Umweltthemen. Sch\u00fclerinnen und Sch\u00fcler entwickeln Projekte, die \u00f6kologische und soziale Verantwortung st\u00e4rken.<\/p>\n","protected":false},"author":4,"featured_media":0,"parent":0,"menu_order":0,"comment_status":"closed","ping_status":"closed","template":"","meta":{"ngg_post_thumbnail":0,"footnotes":""},"class_list":["post-3846","page","type-page","status-publish","hentry"],"_links":{"self":[{"href":"https:\/\/heinrich-bussmann-schule.de\/index.php?rest_route=\/wp\/v2\/pages\/3846","targetHints":{"allow":["GET"]}}],"collection":[{"href":"https:\/\/heinrich-bussmann-schule.de\/index.php?rest_route=\/wp\/v2\/pages"}],"about":[{"href":"https:\/\/heinrich-bussmann-schule.de\/index.php?rest_route=\/wp\/v2\/types\/page"}],"author":[{"embeddable":true,"href":"https:\/\/heinrich-bussmann-schule.de\/index.php?rest_route=\/wp\/v2\/users\/4"}],"replies":[{"embeddable":true,"href":"https:\/\/heinrich-bussmann-schule.de\/index.php?rest_route=%2Fwp%2Fv2%2Fcomments&post=3846"}],"version-history":[{"count":2,"href":"https:\/\/heinrich-bussmann-schule.de\/index.php?rest_route=\/wp\/v2\/pages\/3846\/revisions"}],"predecessor-version":[{"id":3986,"href":"https:\/\/heinrich-bussmann-schule.de\/index.php?rest_route=\/wp\/v2\/pages\/3846\/revisions\/3986"}],"wp:attachment":[{"href":"https:\/\/heinrich-bussmann-schule.de\/index.php?rest_route=%2Fwp%2Fv2%2Fmedia&parent=3846"}],"curies":[{"name":"wp","href":"https:\/\/api.w.org\/{rel}","templated":true}]}}