{"id":3850,"date":"2024-11-24T12:13:40","date_gmt":"2024-11-24T11:13:40","guid":{"rendered":"https:\/\/heinrich-bussmann-schule.de\/?page_id=3850"},"modified":"2024-11-24T14:24:23","modified_gmt":"2024-11-24T13:24:23","slug":"wp-ruhrgebiet-2","status":"publish","type":"page","link":"https:\/\/heinrich-bussmann-schule.de\/?page_id=3850","title":{"rendered":"WP-Ruhrgebiet"},"content":{"rendered":"<p><span style=\"font-weight: 400;\">Im Rahmen unseres Unterrichts zum Thema Ruhrgebiet beginnen wir mit unserer unmittelbaren Umgebung, der Stadt L\u00fcnen. Die Sch\u00fclerinnen und Sch\u00fcler erforschen, wie sich die Stadt im Laufe der Zeit ver\u00e4ndert hat, wobei die Themen Zechen und Industrie in L\u00fcnen sowie die Stadtplanung im Kontext des Strukturwandels behandelt werden. Weiterhin besch\u00e4ftigen sie sich mit dem Ruhrgebiet als Ganzes und besuchen Industriedenkm\u00e4ler, um ein tieferes Verst\u00e4ndnis f\u00fcr die industrielle Geschichte und die kulturellen Einfl\u00fcsse der Region zu gewinnen. Diese Exkursionen machen die Geschichte greifbar und erm\u00f6glichen es den Sch\u00fclerinnen und Sch\u00fclern, die Entwicklung der Region aktiv zu erleben.<\/span><\/p>\n","protected":false},"excerpt":{"rendered":"<p>Im Rahmen unseres Unterrichts zum Thema Ruhrgebiet beginnen wir mit unserer unmittelbaren Umgebung, der Stadt L\u00fcnen. Die Sch\u00fclerinnen und Sch\u00fcler erforschen, wie sich die Stadt im Laufe der Zeit ver\u00e4ndert&hellip; <a class=\"excerpt-more-link\" href=\"https:\/\/heinrich-bussmann-schule.de\/?page_id=3850\">Weiterlesen<\/a><\/p>\n","protected":false},"author":4,"featured_media":0,"parent":0,"menu_order":0,"comment_status":"closed","ping_status":"closed","template":"","meta":{"ngg_post_thumbnail":0,"footnotes":""},"class_list":["post-3850","page","type-page","status-publish","hentry"],"_links":{"self":[{"href":"https:\/\/heinrich-bussmann-schule.de\/index.php?rest_route=\/wp\/v2\/pages\/3850","targetHints":{"allow":["GET"]}}],"collection":[{"href":"https:\/\/heinrich-bussmann-schule.de\/index.php?rest_route=\/wp\/v2\/pages"}],"about":[{"href":"https:\/\/heinrich-bussmann-schule.de\/index.php?rest_route=\/wp\/v2\/types\/page"}],"author":[{"embeddable":true,"href":"https:\/\/heinrich-bussmann-schule.de\/index.php?rest_route=\/wp\/v2\/users\/4"}],"replies":[{"embeddable":true,"href":"https:\/\/heinrich-bussmann-schule.de\/index.php?rest_route=%2Fwp%2Fv2%2Fcomments&post=3850"}],"version-history":[{"count":2,"href":"https:\/\/heinrich-bussmann-schule.de\/index.php?rest_route=\/wp\/v2\/pages\/3850\/revisions"}],"predecessor-version":[{"id":3964,"href":"https:\/\/heinrich-bussmann-schule.de\/index.php?rest_route=\/wp\/v2\/pages\/3850\/revisions\/3964"}],"wp:attachment":[{"href":"https:\/\/heinrich-bussmann-schule.de\/index.php?rest_route=%2Fwp%2Fv2%2Fmedia&parent=3850"}],"curies":[{"name":"wp","href":"https:\/\/api.w.org\/{rel}","templated":true}]}}