{"id":3968,"date":"2024-11-24T14:32:34","date_gmt":"2024-11-24T13:32:34","guid":{"rendered":"https:\/\/heinrich-bussmann-schule.de\/?page_id=3968"},"modified":"2024-11-24T14:32:34","modified_gmt":"2024-11-24T13:32:34","slug":"wp-berufsorientierung","status":"publish","type":"page","link":"https:\/\/heinrich-bussmann-schule.de\/?page_id=3968","title":{"rendered":"WP-Berufsorientierung"},"content":{"rendered":"<p><strong>Berufsorientierung \u2013 Dein Weg in die Zukunft<\/strong><\/p>\n<p>Unsere Berufsorientierung unterst\u00fctzt Sch\u00fclerinnen und Sch\u00fcler dabei, ihren individuellen Weg in die Arbeitswelt zu finden. Mit praxisnaher <strong>Berufsvorbereitung<\/strong>, spannenden Einblicken in verschiedene Branchen und gezielter F\u00f6rderung von Schl\u00fcsselkompetenzen legen wir die Grundlage f\u00fcr einen erfolgreichen Start ins Berufsleben. Ob Praktika, Bewerbungstraining oder Beratung \u2013 wir begleiten dich Schritt f\u00fcr Schritt auf dem Weg zu deiner Traumkarriere.<\/p>\n<p>Entdecke deine St\u00e4rken und gestalte deine Zukunft aktiv mit!<\/p>\n","protected":false},"excerpt":{"rendered":"<p>Berufsorientierung \u2013 Dein Weg in die Zukunft Unsere Berufsorientierung unterst\u00fctzt Sch\u00fclerinnen und Sch\u00fcler dabei, ihren individuellen Weg in die Arbeitswelt zu finden. Mit praxisnaher Berufsvorbereitung, spannenden Einblicken in verschiedene Branchen&hellip; <a class=\"excerpt-more-link\" href=\"https:\/\/heinrich-bussmann-schule.de\/?page_id=3968\">Weiterlesen<\/a><\/p>\n","protected":false},"author":4,"featured_media":0,"parent":0,"menu_order":0,"comment_status":"closed","ping_status":"closed","template":"","meta":{"ngg_post_thumbnail":0,"footnotes":""},"class_list":["post-3968","page","type-page","status-publish","hentry"],"_links":{"self":[{"href":"https:\/\/heinrich-bussmann-schule.de\/index.php?rest_route=\/wp\/v2\/pages\/3968","targetHints":{"allow":["GET"]}}],"collection":[{"href":"https:\/\/heinrich-bussmann-schule.de\/index.php?rest_route=\/wp\/v2\/pages"}],"about":[{"href":"https:\/\/heinrich-bussmann-schule.de\/index.php?rest_route=\/wp\/v2\/types\/page"}],"author":[{"embeddable":true,"href":"https:\/\/heinrich-bussmann-schule.de\/index.php?rest_route=\/wp\/v2\/users\/4"}],"replies":[{"embeddable":true,"href":"https:\/\/heinrich-bussmann-schule.de\/index.php?rest_route=%2Fwp%2Fv2%2Fcomments&post=3968"}],"version-history":[{"count":1,"href":"https:\/\/heinrich-bussmann-schule.de\/index.php?rest_route=\/wp\/v2\/pages\/3968\/revisions"}],"predecessor-version":[{"id":3969,"href":"https:\/\/heinrich-bussmann-schule.de\/index.php?rest_route=\/wp\/v2\/pages\/3968\/revisions\/3969"}],"wp:attachment":[{"href":"https:\/\/heinrich-bussmann-schule.de\/index.php?rest_route=%2Fwp%2Fv2%2Fmedia&parent=3968"}],"curies":[{"name":"wp","href":"https:\/\/api.w.org\/{rel}","templated":true}]}}