{"id":3970,"date":"2024-11-24T14:36:55","date_gmt":"2024-11-24T13:36:55","guid":{"rendered":"https:\/\/heinrich-bussmann-schule.de\/?page_id=3970"},"modified":"2024-11-24T15:08:04","modified_gmt":"2024-11-24T14:08:04","slug":"wp-sanitaeter","status":"publish","type":"page","link":"https:\/\/heinrich-bussmann-schule.de\/?page_id=3970","title":{"rendered":"WP-Sanit\u00e4ter"},"content":{"rendered":"<p><strong>Erste Hilfe leisten, Verantwortung \u00fcbernehmen<\/strong><\/p>\n<p>Im Wahlpflichtkurs Sanit\u00e4ter erlernen Sch\u00fclerinnen und Sch\u00fcler grundlegende Kenntnisse der <strong>Ersten Hilfe<\/strong> und \u00fcben den Umgang mit Notfallsituationen. Vom Verbinden kleiner Wunden bis hin zur Reanimation \u2013 wir vermitteln wichtige F\u00e4higkeiten, um im Ernstfall schnell und sicher handeln zu k\u00f6nnen. Gleichzeitig f\u00f6rdern wir Verantwortungsbewusstsein, Teamarbeit und Selbstbewusstsein.<\/p>\n<p>Werde Teil unseres Schulsanit\u00e4tsdienstes und mach einen Unterschied, wenn es darauf ankommt!<\/p>\n","protected":false},"excerpt":{"rendered":"<p>Erste Hilfe leisten, Verantwortung \u00fcbernehmen Im Wahlpflichtkurs Sanit\u00e4ter erlernen Sch\u00fclerinnen und Sch\u00fcler grundlegende Kenntnisse der Ersten Hilfe und \u00fcben den Umgang mit Notfallsituationen. Vom Verbinden kleiner Wunden bis hin zur&hellip; <a class=\"excerpt-more-link\" href=\"https:\/\/heinrich-bussmann-schule.de\/?page_id=3970\">Weiterlesen<\/a><\/p>\n","protected":false},"author":4,"featured_media":0,"parent":0,"menu_order":0,"comment_status":"closed","ping_status":"closed","template":"","meta":{"ngg_post_thumbnail":0,"footnotes":""},"class_list":["post-3970","page","type-page","status-publish","hentry"],"_links":{"self":[{"href":"https:\/\/heinrich-bussmann-schule.de\/index.php?rest_route=\/wp\/v2\/pages\/3970","targetHints":{"allow":["GET"]}}],"collection":[{"href":"https:\/\/heinrich-bussmann-schule.de\/index.php?rest_route=\/wp\/v2\/pages"}],"about":[{"href":"https:\/\/heinrich-bussmann-schule.de\/index.php?rest_route=\/wp\/v2\/types\/page"}],"author":[{"embeddable":true,"href":"https:\/\/heinrich-bussmann-schule.de\/index.php?rest_route=\/wp\/v2\/users\/4"}],"replies":[{"embeddable":true,"href":"https:\/\/heinrich-bussmann-schule.de\/index.php?rest_route=%2Fwp%2Fv2%2Fcomments&post=3970"}],"version-history":[{"count":2,"href":"https:\/\/heinrich-bussmann-schule.de\/index.php?rest_route=\/wp\/v2\/pages\/3970\/revisions"}],"predecessor-version":[{"id":3985,"href":"https:\/\/heinrich-bussmann-schule.de\/index.php?rest_route=\/wp\/v2\/pages\/3970\/revisions\/3985"}],"wp:attachment":[{"href":"https:\/\/heinrich-bussmann-schule.de\/index.php?rest_route=%2Fwp%2Fv2%2Fmedia&parent=3970"}],"curies":[{"name":"wp","href":"https:\/\/api.w.org\/{rel}","templated":true}]}}