{"id":3987,"date":"2024-11-24T15:12:08","date_gmt":"2024-11-24T14:12:08","guid":{"rendered":"https:\/\/heinrich-bussmann-schule.de\/?page_id=3987"},"modified":"2024-11-24T15:12:08","modified_gmt":"2024-11-24T14:12:08","slug":"wp-schulkiosk","status":"publish","type":"page","link":"https:\/\/heinrich-bussmann-schule.de\/?page_id=3987","title":{"rendered":"WP-Schulkiosk"},"content":{"rendered":"<p><strong>Verantwortung \u00fcbernehmen und Praxis erleben<\/strong><\/p>\n<p>Im Wahlpflichtkurs Schulkiosk lernen Sch\u00fclerinnen und Sch\u00fcler, wie man einen kleinen Betrieb organisiert und f\u00fchrt. Von der <strong>Planung des Sortiments<\/strong> \u00fcber den <strong>Einkauf und Verkauf<\/strong> bis hin zum Umgang mit Finanzen \u2013 hier stehen praktische Erfahrungen im Vordergrund. Dabei f\u00f6rdern wir Teamarbeit, Eigeninitiative und wirtschaftliches Denken.<\/p>\n<p>Gestalte den Schulkiosk aktiv mit und sammle wertvolle Einblicke ins Berufsleben!<\/p>\n","protected":false},"excerpt":{"rendered":"<p>Verantwortung \u00fcbernehmen und Praxis erleben Im Wahlpflichtkurs Schulkiosk lernen Sch\u00fclerinnen und Sch\u00fcler, wie man einen kleinen Betrieb organisiert und f\u00fchrt. Von der Planung des Sortiments \u00fcber den Einkauf und Verkauf&hellip; <a class=\"excerpt-more-link\" href=\"https:\/\/heinrich-bussmann-schule.de\/?page_id=3987\">Weiterlesen<\/a><\/p>\n","protected":false},"author":4,"featured_media":0,"parent":0,"menu_order":0,"comment_status":"closed","ping_status":"closed","template":"","meta":{"ngg_post_thumbnail":0,"footnotes":""},"class_list":["post-3987","page","type-page","status-publish","hentry"],"_links":{"self":[{"href":"https:\/\/heinrich-bussmann-schule.de\/index.php?rest_route=\/wp\/v2\/pages\/3987","targetHints":{"allow":["GET"]}}],"collection":[{"href":"https:\/\/heinrich-bussmann-schule.de\/index.php?rest_route=\/wp\/v2\/pages"}],"about":[{"href":"https:\/\/heinrich-bussmann-schule.de\/index.php?rest_route=\/wp\/v2\/types\/page"}],"author":[{"embeddable":true,"href":"https:\/\/heinrich-bussmann-schule.de\/index.php?rest_route=\/wp\/v2\/users\/4"}],"replies":[{"embeddable":true,"href":"https:\/\/heinrich-bussmann-schule.de\/index.php?rest_route=%2Fwp%2Fv2%2Fcomments&post=3987"}],"version-history":[{"count":1,"href":"https:\/\/heinrich-bussmann-schule.de\/index.php?rest_route=\/wp\/v2\/pages\/3987\/revisions"}],"predecessor-version":[{"id":3988,"href":"https:\/\/heinrich-bussmann-schule.de\/index.php?rest_route=\/wp\/v2\/pages\/3987\/revisions\/3988"}],"wp:attachment":[{"href":"https:\/\/heinrich-bussmann-schule.de\/index.php?rest_route=%2Fwp%2Fv2%2Fmedia&parent=3987"}],"curies":[{"name":"wp","href":"https:\/\/api.w.org\/{rel}","templated":true}]}}