{"id":40,"date":"2021-06-03T14:14:38","date_gmt":"2021-06-03T12:14:38","guid":{"rendered":"https:\/\/www.heinrich-bussmann-schule.de\/?page_id=40"},"modified":"2026-01-12T11:37:02","modified_gmt":"2026-01-12T10:37:02","slug":"kollegium","status":"publish","type":"page","link":"https:\/\/heinrich-bussmann-schule.de\/?page_id=40","title":{"rendered":"Kollegium"},"content":{"rendered":"<p><a href=\"https:\/\/heinrich-bussmann-schule.de\/wp-content\/uploads\/2024\/09\/Kollegium.jpg\"><img fetchpriority=\"high\" decoding=\"async\" class=\"wp-image-3639 size-large aligncenter\" src=\"https:\/\/heinrich-bussmann-schule.de\/wp-content\/uploads\/2024\/09\/Kollegium-1024x683.jpg\" alt=\"\" width=\"660\" height=\"440\" srcset=\"https:\/\/heinrich-bussmann-schule.de\/wp-content\/uploads\/2024\/09\/Kollegium-1024x683.jpg 1024w, https:\/\/heinrich-bussmann-schule.de\/wp-content\/uploads\/2024\/09\/Kollegium-330x220.jpg 330w, https:\/\/heinrich-bussmann-schule.de\/wp-content\/uploads\/2024\/09\/Kollegium-768x512.jpg 768w, https:\/\/heinrich-bussmann-schule.de\/wp-content\/uploads\/2024\/09\/Kollegium-1536x1024.jpg 1536w, https:\/\/heinrich-bussmann-schule.de\/wp-content\/uploads\/2024\/09\/Kollegium-660x440.jpg 660w, https:\/\/heinrich-bussmann-schule.de\/wp-content\/uploads\/2024\/09\/Kollegium-1000x667.jpg 1000w, https:\/\/heinrich-bussmann-schule.de\/wp-content\/uploads\/2024\/09\/Kollegium-373x248.jpg 373w, https:\/\/heinrich-bussmann-schule.de\/wp-content\/uploads\/2024\/09\/Kollegium.jpg 1920w\" sizes=\"(max-width: 660px) 100vw, 660px\" \/><\/a><\/p>\n<p class=\"intro\">Das Kollegium der Heinrich-Bu\u00dfmann-Schule.<\/p>\n<p><span class=\"dropcap\">D<\/span>\u00fcrfen wir uns vorstellen? Wir sind das Kollegium der Heinrich-Bu\u00dfmann-Schule und f\u00fcr Sie und Ihre Kinder Lern- und Ansprechpartner im schulischen Alltag. Scheuen Sie sich nicht uns zu kontaktieren.<br \/>\nDie Klassenleitungen der jeweiligen Klassen sowie unsere Fachlehrer im Schuljahr 2025\/26 k\u00f6nnen Sie nachstehend entnehmen.<\/p>\n<table style=\"border-collapse: collapse; width: 639px; height: 1918px;\">\n<tbody>\n<tr>\n<td>Froch, Melanie (<a href=\"https:\/\/heinrich-bussmann-schule.de\/?page_id=38\" target=\"_blank\" rel=\"noopener\">Schulleiterin<\/a>)<\/td>\n<td>&nbsp;<\/td>\n<\/tr>\n<tr>\n<td>Akcay, Aylin&nbsp;<\/td>\n<td><a href=\"&#x6d;&#x61;&#x69;&#x6c;&#x74;&#x6f;&#x3a;&#x61;&#x2e;&#x61;&#x6b;&#x63;&#x61;&#x79;&#x40;&#x62;&#x75;&#x73;&#x73;&#x6d;&#x61;&#x6e;&#x6e;&#x73;&#x63;&#x68;&#x75;&#x6c;&#x65;&#x2e;&#x64;&#x65;\">&#x41;&#46;&#x41;&#107;c&#x61;&#121;&#x40;&#x62;u&#x73;&#115;m&#x61;&#110;&#x6e;&#115;c&#x68;&#117;l&#x65;&#46;&#x64;&#101;<\/a><\/td>\n<\/tr>\n<tr>\n<td>Alic, Saliha (<a href=\"https:\/\/heinrich-bussmann-schule.de\/?page_id=46\" target=\"_blank\" rel=\"noopener\">Sozialp\u00e4dagogin<\/a>)<\/td>\n<td><a href=\"mai&#108;&#116;&#111;&#58;&#x53;&#x2e;&#x41;&#x6c;&#x69;&#x63;&#x40;bus&#115;&#109;&#97;&#110;&#110;&#x73;&#x63;&#x68;&#x75;&#x6c;&#x65;&#46;de\">S&#46;&#65;&#x6c;&#x69;&#x63;&#64;b&#117;&#115;&#x73;&#x6d;&#x61;n&#110;&#115;&#99;&#x68;&#x75;&#x6c;e&#46;&#100;&#x65;<\/a><\/td>\n<\/tr>\n<tr>\n<td>Arian, Shourok (Klasse 6c)<\/td>\n<td><a href=\"m&#97;&#105;&#x6c;&#x74;&#x6f;:&#115;&#46;&#x61;&#x72;&#x69;an&#64;&#x62;&#x75;&#x73;sm&#97;&#110;&#x6e;&#x73;&#x63;h&#117;&#108;&#x65;&#x2e;&#x64;e\">&#x53;&#x2e;&#x41;&#114;&#105;&#97;n&#64;&#x62;&#x75;&#x73;&#x73;&#109;&#97;nn&#x73;&#x63;&#x68;&#x75;&#108;&#101;&#46;d&#x65;<\/a><\/td>\n<\/tr>\n<tr>\n<td>Basar, Ceyda (Klasse 9a)<\/td>\n<td><a href=\"&#109;&#x61;&#105;&#x6c;&#116;&#x6f;&#58;&#x43;&#46;&#x42;&#97;&#x73;a&#x72;&#64;&#x62;u&#x73;s&#x6d;a&#x6e;n&#115;&#x63;&#104;&#x75;&#108;&#x65;&#46;&#x64;&#101;\">C&#46;&#66;&#97;&#115;&#x61;&#x72;&#x40;&#x62;us&#115;&#109;&#97;&#x6e;&#x6e;&#x73;&#x63;hu&#108;&#101;&#46;&#x64;&#x65;<\/a><\/td>\n<\/tr>\n<tr>\n<td>Birstein, Kaspar (Klasse 9b)<\/td>\n<td><a href=\"&#x6d;&#x61;&#x69;&#108;&#116;o:&#x4b;&#x2e;&#x42;&#x69;&#114;&#115;te&#x69;&#x6e;&#x40;&#98;&#117;&#115;sm&#x61;&#x6e;&#x6e;&#115;&#99;hu&#x6c;&#x65;&#x2e;&#x64;&#101;\">&#75;&#x2e;&#x42;i&#114;&#x73;&#x74;e&#105;&#x6e;&#64;&#98;&#x75;&#x73;s&#109;&#x61;n&#110;&#x73;&#x63;h&#117;&#x6c;&#x65;&#46;&#x64;&#x65;<\/a><\/td>\n<\/tr>\n<tr>\n<td>Blankenau, Ingo (Klasse 7a)<\/td>\n<td><a href=\"mailto:I&#46;Blankenau&#64;bussm&#97;&#110;&#110;&#115;&#99;&#104;&#117;&#108;&#101;&#46;&#100;&#101;\">&#x49;&#x2e;&#x42;&#x6c;&#x61;&#x6e;&#x6b;&#x65;&#x6e;&#x61;&#x75;&#64;&#98;&#117;&#115;&#115;&#109;&#97;nnschu&#x6c;&#x65;&#x2e;&#x64;&#x65;<\/a><\/td>\n<\/tr>\n<tr>\n<td>Br\u00fcssow, Nicole (Klasse 7a)<\/td>\n<td><a href=\"&#109;&#97;&#x69;l&#116;&#x6f;&#x3a;N&#46;&#x42;&#x72;u&#101;&#x73;&#x73;o&#119;&#x40;&#x62;u&#115;&#x73;&#x6d;a&#110;&#x6e;s&#99;&#104;&#x75;l&#101;&#x2e;&#x64;e\">&#x4e;&#46;B&#x72;&#117;e&#x73;&#115;o&#x77;&#x40;&#98;&#x75;&#x73;&#115;m&#x61;&#110;n&#x73;&#99;h&#x75;&#x6c;&#101;&#x2e;&#x64;&#101;<\/a><\/td>\n<\/tr>\n<tr>\n<td>Cakir, Serhat<\/td>\n<td><a href=\"&#x6d;&#x61;&#x69;&#x6c;&#x74;&#x6f;&#x3a;&#x53;&#x2e;&#x43;&#x61;&#107;&#105;&#114;&#64;&#98;&#117;&#115;smanns&#x63;&#x68;&#x75;&#x6c;&#x65;&#x2e;&#x64;&#x65;\">S&#46;Cakir&#64;buss&#109;&#97;&#110;&#110;&#115;&#99;&#104;&#117;&#108;&#101;&#46;&#100;&#101;<\/a><\/td>\n<\/tr>\n<tr>\n<td>de Vries, Marjolijn (Klasse 7c)<\/td>\n<td><a href=\"&#x6d;&#97;&#x69;&#x6c;t&#x6f;&#58;M&#x2e;&#68;e&#x56;&#114;&#x69;&#x65;s&#x40;&#98;u&#x73;&#115;m&#x61;&#110;&#x6e;&#x73;&#99;&#x68;&#x75;l&#x65;&#46;d&#x65;\">&#x4d;&#x2e;&#68;&#101;V&#x72;&#x69;&#x65;&#115;&#64;b&#x75;&#x73;&#115;&#109;a&#x6e;&#x6e;&#x73;&#99;hu&#x6c;&#x65;&#46;&#100;e<\/a><\/td>\n<\/tr>\n<tr>\n<td>Erdogan, B\u00fclent (Klasse 8a)<\/td>\n<td><a href=\"m&#97;&#x69;&#x6c;t&#111;&#x3a;&#x62;&#46;&#101;&#x72;&#x64;o&#103;&#x61;&#x6e;&#64;&#98;&#x75;&#x73;s&#109;&#97;&#x6e;&#x6e;s&#99;&#x68;&#x75;l&#101;&#x2e;&#x64;e\">&#x42;&#x2e;&#69;rd&#x6f;&#x67;&#97;&#110;&#64;&#x62;&#x75;&#115;&#115;m&#x61;&#x6e;&#x6e;&#115;ch&#x75;&#x6c;&#101;&#46;d&#x65;<\/a><\/td>\n<\/tr>\n<tr>\n<td>Eschert, Christine (Klasse 10Aa)<\/td>\n<td><a href=\"&#109;&#x61;&#x69;&#108;&#x74;&#x6f;:&#x43;&#x2e;E&#115;&#x63;h&#101;&#x72;t&#64;&#x62;u&#115;&#x73;m&#97;&#x6e;&#x6e;&#115;&#x63;&#x68;&#117;&#x6c;&#x65;&#46;&#x64;&#x65;\">&#67;&#x2e;&#x45;s&#99;&#x68;e&#114;&#x74;&#x40;&#98;&#x75;&#x73;s&#109;&#x61;n&#110;&#x73;&#x63;&#104;&#x75;&#x6c;e&#46;&#x64;e<\/a><\/td>\n<\/tr>\n<tr>\n<td>Essakali, Atika (Go-In)<\/td>\n<td><a href=\"&#109;&#x61;&#105;&#x6c;&#116;&#x6f;&#58;&#x61;&#46;&#x65;s&#x73;a&#x6b;a&#108;&#x69;&#64;&#x62;&#117;&#x73;&#115;&#x6d;&#97;&#x6e;n&#x73;c&#x68;u&#x6c;e&#46;&#x64;&#101;\">&#x41;&#46;&#x45;&#x73;s&#x61;&#107;a&#x6c;&#105;&#64;&#x62;&#117;&#x73;&#x73;m&#x61;&#110;n&#x73;&#99;h&#x75;&#108;&#x65;&#x2e;&#100;&#x65;<\/a><\/td>\n<\/tr>\n<tr>\n<td>Fasse, Louisa (Klasse 6a)<\/td>\n<td><a href=\"m&#97;&#105;&#x6c;&#x74;&#x6f;&#x3a;L&#46;&#70;&#97;&#x73;&#x73;&#x65;&#64;b&#117;&#115;&#x73;&#x6d;&#x61;nn&#115;&#99;&#x68;&#x75;&#x6c;e&#46;&#100;&#101;\">&#x4c;&#46;F&#x61;&#115;s&#x65;&#x40;&#98;&#x75;&#x73;&#115;m&#x61;&#110;n&#x73;&#x63;&#104;&#x75;&#x6c;&#101;&#46;&#x64;&#101;<\/a><\/td>\n<\/tr>\n<tr>\n<td>Freudenberg, Andrea<\/td>\n<td><a href=\"&#109;&#x61;&#105;&#x6c;&#116;&#x6f;&#58;&#x41;&#46;&#x46;&#114;&#x65;&#117;&#x64;&#101;&#x6e;&#98;&#x65;&#114;&#x67;&#64;&#x62;&#117;&#x73;&#115;&#x6d;a&#x6e;n&#x73;c&#x68;u&#x6c;e&#x2e;d&#x65;\">&#x41;&#46;F&#x72;&#101;u&#x64;&#101;n&#x62;&#101;r&#x67;&#64;b&#x75;&#115;s&#x6d;&#97;n&#x6e;&#115;c&#x68;&#117;l&#x65;&#46;d&#x65;<\/a><\/td>\n<\/tr>\n<tr>\n<td>Grabowski, Benjamin (Klasse 7c)<\/td>\n<td><a href=\"&#109;a&#105;l&#116;o&#x3a;B&#x2e;G&#x72;a&#x62;o&#x77;s&#x6b;i&#x40;b&#x75;s&#x73;m&#x61;&#110;&#x6e;&#115;&#x63;&#104;&#x75;&#108;&#x65;&#46;&#x64;&#101;\">&#66;&#46;&#x47;&#x72;&#97;&#98;&#x6f;&#x77;&#115;&#107;&#x69;&#x40;&#98;&#117;&#x73;&#x73;&#109;&#97;&#x6e;&#x6e;&#115;&#99;&#x68;&#x75;&#108;&#101;&#x2e;&#x64;&#101;<\/a><\/td>\n<\/tr>\n<tr>\n<td>G\u00fcltekin, G\u00fclsen<\/td>\n<td><a href=\"&#x6d;&#x61;&#x69;&#108;&#116;o:&#x47;&#x2e;&#x47;&#x75;&#101;&#108;te&#x6b;&#x69;&#x6e;&#64;&#98;&#117;ss&#x6d;&#x61;&#x6e;&#110;&#115;ch&#x75;&#x6c;&#x65;&#x2e;&#100;&#101;\">G&#46;G&#117;&#101;&#108;&#x74;&#x65;&#x6b;&#x69;&#x6e;&#x40;bus&#115;&#109;&#97;&#110;&#x6e;&#x73;&#x63;&#x68;&#x75;&#x6c;e&#46;d&#101;<\/a><\/td>\n<\/tr>\n<tr>\n<td>Gust, Wilfried<\/td>\n<td><a href=\"&#109;&#x61;&#105;&#x6c;&#116;&#x6f;&#58;&#x57;&#46;&#x47;&#117;&#x73;t&#x40;b&#x75;s&#x73;m&#x61;n&#x6e;s&#99;&#x68;&#117;&#x6c;&#101;&#x2e;&#100;&#x65;\">W&#46;G&#117;&#115;&#116;&#64;&#x62;&#x75;&#x73;&#x73;&#x6d;&#x61;&#x6e;nsc&#104;&#117;&#108;&#101;&#46;&#x64;&#x65;<\/a><\/td>\n<\/tr>\n<tr>\n<td>H\u00fcttmann, Barbara (<a href=\"https:\/\/heinrich-bussmann-schule.de\/?page_id=46\" target=\"_blank\" rel=\"noopener\">Sonderp\u00e4dagogin<\/a>)<\/td>\n<td><a href=\"mail&#116;&#111;&#58;&#66;&#46;&#x48;&#x75;&#x65;&#x74;&#x74;&#x6d;&#x61;nn&#64;b&#117;&#115;&#115;&#109;&#97;&#x6e;&#x6e;&#x73;&#x63;&#x68;&#x75;&#x6c;&#x65;&#46;de\">B&#46;&#x48;&#x75;e&#116;&#116;&#x6d;&#x61;n&#110;&#64;&#x62;&#x75;s&#115;&#x6d;&#x61;&#x6e;n&#115;&#x63;&#x68;u&#108;&#101;&#x2e;&#x64;e<\/a><\/td>\n<\/tr>\n<tr>\n<td>Ilgner, Sabine (Klasse 10Ab)<\/td>\n<td><a href=\"&#109;&#x61;&#x69;l&#116;&#x6f;&#x3a;S&#46;&#x49;l&#103;&#x6e;&#x65;r&#64;&#x62;u&#115;&#x73;&#x6d;a&#110;&#x6e;&#x73;&#99;&#x68;&#x75;l&#101;&#x2e;&#x64;e\">S&#46;&#x49;&#x6c;&#x67;n&#101;&#x72;&#x40;&#x62;u&#115;&#x73;&#x6d;&#x61;n&#110;&#x73;&#x63;&#x68;u&#108;&#x65;&#x2e;&#x64;e<\/a><\/td>\n<\/tr>\n<tr>\n<td>John, Patrick (Klasse 7b)<\/td>\n<td><a href=\"mailto: &#x50;&#x2e;&#74;&#111;h&#x6e;&#x40;&#x62;&#117;ss&#x6d;&#x61;&#110;&#110;s&#x63;&#x68;&#x75;&#108;e&#46;&#x64;&#x65;\">&#80;&#x2e;&#x4a;o&#104;&#x6e;&#x40;b&#117;&#x73;s&#109;&#x61;&#x6e;n&#115;&#x63;h&#117;&#x6c;&#x65;&#46;&#100;&#x65;<\/a><\/td>\n<\/tr>\n<tr>\n<td>Kamp, Christian (Klasse 5b)<\/td>\n<td><a href=\"&#x6d;&#97;&#105;l&#x74;&#x6f;&#58;C&#x2e;&#x4b;&#97;mp&#x40;&#98;&#117;s&#x73;&#x6d;&#97;n&#x6e;&#x73;&#99;&#104;u&#x6c;&#x65;&#46;d&#x65;\">&#x43;&#46;&#x4b;&#x61;m&#x70;&#64;b&#x75;&#115;s&#x6d;&#97;&#x6e;&#x6e;s&#x63;&#104;u&#x6c;&#101;&#46;&#x64;&#101;<\/a><\/td>\n<\/tr>\n<tr>\n<td>Kerl, Christian (Klasse 9c)<\/td>\n<td><a href=\"&#109;&#x61;&#105;&#x6c;&#116;&#x6f;&#58;&#x43;&#46;&#x4b;&#101;&#x72;l&#x40;b&#x75;s&#x73;m&#x61;n&#x6e;s&#99;&#x68;&#117;&#x6c;&#101;&#x2e;&#100;&#x65;\">&#x43;&#46;&#75;e&#x72;&#x6c;&#64;b&#x75;&#x73;&#115;m&#x61;&#x6e;&#110;s&#x63;&#x68;&#117;l&#x65;&#x2e;&#100;e<\/a><\/td>\n<\/tr>\n<tr>\n<td>Klotz, Johanna (LAA)<\/td>\n<\/tr>\n<tr>\n<td>K\u00f6hler, Jennifer (Klasse 10B)<\/td>\n<td><a href=\"&#109;&#x61;&#105;&#x6c;&#116;&#x6f;&#58;&#x4a;&#46;&#x4b;&#111;&#x65;h&#x6c;e&#x72;&#64;&#x62;u&#x73;s&#x6d;a&#110;&#x6e;&#115;&#x63;&#104;&#x75;&#108;&#x65;&#46;&#x64;&#101;\">&#x4a;&#x2e;&#x4b;&#x6f;&#101;&#104;&#108;&#101;r&#64;b&#x75;&#x73;&#x73;&#x6d;&#x61;&#110;&#110;&#115;chu&#x6c;&#x65;&#x2e;&#x64;&#x65;<\/a><\/td>\n<\/tr>\n<tr>\n<td>Kr\u00e4mer, Heike<\/td>\n<td><a href=\"&#x6d;a&#x69;&#108;t&#x6f;&#58;&#x48;&#46;K&#x72;&#97;&#x65;&#109;e&#x72;&#64;&#x62;&#x75;s&#x73;&#109;a&#x6e;&#110;&#x73;&#99;h&#x75;&#108;&#x65;&#46;d&#x65;\">&#72;&#x2e;&#x4b;r&#97;&#x65;m&#101;&#x72;&#x40;b&#117;&#x73;s&#109;&#x61;&#x6e;n&#115;&#x63;h&#117;&#x6c;&#x65;&#46;&#100;&#x65;<\/a><\/td>\n<\/tr>\n<tr>\n<td>Lerchner, Ramona&nbsp;<\/td>\n<td><a href=\"&#x6d;&#97;i&#x6c;&#x74;&#111;:&#x52;&#x2e;&#76;e&#x72;&#x63;&#104;n&#x65;&#x72;&#64;b&#x75;&#115;&#115;m&#x61;&#110;n&#x73;&#x63;&#104;u&#x6c;&#x65;&#46;d&#x65;\">&#82;&#x2e;&#76;&#x65;r&#x63;h&#110;&#x65;&#114;&#x40;&#98;&#x75;s&#x73;m&#97;&#x6e;&#110;&#x73;c&#x68;u&#x6c;&#x65;&#46;&#x64;&#101;<\/a><\/td>\n<\/tr>\n<tr>\n<td>Lissowski, Lena (Klasse 6b)<\/td>\n<td><a href=\"&#x6d;&#97;i&#x6c;&#116;o&#x3a;&#76;&#46;&#x4c;&#x69;&#115;&#x73;&#x6f;&#119;s&#x6b;&#105;&#64;&#x62;&#117;s&#x73;&#x6d;&#97;&#x6e;&#x6e;&#115;c&#x68;&#117;l&#x65;&#46;d&#x65;\">&#x4c;&#46;&#x4c;i&#x73;&#115;&#x6f;&#119;s&#x6b;i&#x40;&#98;&#x75;&#115;&#x73;&#109;a&#x6e;n&#x73;&#99;&#x68;&#117;&#x6c;&#x65;&#46;&#x64;e<\/a><\/td>\n<\/tr>\n<tr>\n<td>Meyer, Wiebke&nbsp;<\/td>\n<td><a href=\"mail&#116;&#111;&#58;&#87;&#46;&#x4d;&#x65;&#x79;&#x65;&#x72;&#x40;&#x62;ussm&#97;&#110;&#110;&#115;&#99;&#x68;&#x75;&#x6c;&#x65;&#x2e;&#x64;&#x65;\">&#x57;&#46;M&#x65;&#121;&#101;&#x72;&#x40;&#98;u&#x73;&#115;m&#x61;&#x6e;&#110;s&#x63;&#104;u&#x6c;&#x65;&#46;d&#x65;<\/a><\/td>\n<\/tr>\n<tr>\n<td>Milosz, Nicole (Klasse 8b)<\/td>\n<td><a href=\"m&#97;&#x69;&#x6c;&#x74;o&#58;&#x4e;&#x2e;&#x4d;i&#108;&#x6f;&#x73;&#x7a;&#64;&#98;&#x75;&#x73;&#x73;m&#97;&#x6e;&#x6e;&#x73;c&#104;&#x75;&#x6c;&#x65;&#46;&#100;&#x65;\">&#x4e;&#x2e;&#x4d;&#x69;&#x6c;&#x6f;&#x73;&#x7a;&#x40;&#x62;&#x75;&#x73;&#x73;&#x6d;&#97;&#110;&#110;&#115;&#99;&#104;&#117;&#108;&#101;&#46;&#100;e<\/a><\/td>\n<\/tr>\n<tr>\n<td>Mitroulis, Daniela (<a href=\"https:\/\/heinrich-bussmann-schule.de\/?page_id=44\" target=\"_blank\" rel=\"noopener\">Sozialp\u00e4dagogin<\/a>)<\/td>\n<td><a href=\"&#109;&#97;&#x69;&#x6c;&#116;&#111;&#x3a;&#x44;&#46;&#77;&#x69;&#x74;&#114;&#111;&#x75;&#x6c;&#105;&#115;&#x40;&#x62;&#117;&#115;&#x73;&#x6d;&#97;&#110;&#x6e;&#x73;&#99;&#104;&#x75;&#x6c;&#101;&#46;&#x64;&#x65;\">D&#46;&#77;&#x69;&#x74;&#x72;o&#117;&#108;&#x69;&#x73;&#x40;bu&#115;&#x73;&#x6d;&#x61;nn&#115;&#99;&#x68;&#x75;&#x6c;e&#46;&#100;&#x65;<\/a><\/td>\n<\/tr>\n<tr>\n<td>Nazli, Hanefi (Klasse 7b)<\/td>\n<td><a href=\"&#x6d;&#x61;&#x69;&#x6c;&#116;&#111;:H&#46;&#x4e;&#x61;&#x7a;&#x6c;&#105;&#64;bus&#x73;&#x6d;&#x61;&#x6e;&#110;&#115;&#99;hu&#x6c;&#x65;&#x2e;&#x64;&#101;\">&#72;&#x2e;&#x4e;&#97;&#x7a;&#x6c;i&#x40;&#x62;u&#115;&#x73;m&#97;&#x6e;n&#115;&#x63;h&#117;&#x6c;e&#46;&#x64;&#x65;<\/a><\/td>\n<\/tr>\n<tr>\n<td>Pande, Aditya (Klasse 8a)<\/td>\n<td><a href=\"&#109;&#97;&#x69;&#x6c;&#116;&#111;&#x3a;&#x41;&#46;&#80;&#x61;&#x6e;&#100;&#101;&#x40;&#x62;&#117;&#115;&#x73;&#x6d;&#97;&#110;&#x6e;&#x73;&#99;&#104;&#x75;&#x6c;&#101;&#46;&#x64;&#x65;\">&#x41;&#46;&#80;a&#x6e;&#x64;&#101;&#64;&#x62;&#x75;&#115;sm&#x61;&#110;&#110;s&#x63;&#x68;&#117;l&#x65;&#x2e;&#100;&#101;<\/a><\/td>\n<\/tr>\n<tr>\n<td>Panek, Kim<\/td>\n<td><a href=\"&#x6d;&#97;i&#x6c;&#116;&#111;&#x3a;&#x4b;&#46;P&#x61;&#110;e&#x6b;&#x40;&#98;u&#x73;&#115;m&#x61;&#x6e;&#110;s&#x63;&#104;u&#x6c;&#x65;&#46;d&#x65;\">&#75;&#x2e;&#80;&#x61;&#110;&#x65;k&#x40;b&#117;&#x73;&#115;&#x6d;&#97;&#x6e;n&#x73;c&#104;&#x75;&#108;&#x65;&#46;&#x64;&#101;<\/a><\/td>\n<\/tr>\n<tr>\n<td>Reddemann, Bert<\/td>\n<td><a href=\"&#x6d;&#x61;&#x69;&#x6c;&#x74;&#111;&#58;&#66;&#46;Red&#x64;&#x65;&#x6d;&#x61;&#x6e;&#x6e;&#64;&#98;&#117;ssm&#x61;&#x6e;&#x6e;&#x73;&#x63;&#x68;&#117;&#108;&#101;&#46;de\">&#66;&#46;&#x52;e&#x64;&#100;&#x65;&#109;&#x61;&#110;n&#x40;b&#x75;&#115;&#x73;&#109;&#x61;&#110;&#x6e;&#115;c&#x68;u&#x6c;&#101;&#x2e;&#100;&#x65;<\/a><\/td>\n<\/tr>\n<tr>\n<td>Reick, Lea<\/td>\n<td><a href=\"&#x6d;a&#x69;&#108;&#x74;&#111;:&#x4c;&#46;&#x47;&#101;&#x72;&#108;i&#x63;&#104;&#x40;&#98;u&#x73;s&#x6d;&#97;&#x6e;&#110;s&#x63;h&#x75;&#108;&#x65;&#x2e;d&#x65;\">L&#46;Gerlich&#64;bu&#115;&#115;&#109;&#97;&#110;&#110;&#115;&#99;&#104;&#117;&#108;&#101;&#46;&#100;&#101;<\/a><\/td>\n<\/tr>\n<tr>\n<td>Rhoese, Carina (Klasse 5a)<\/td>\n<td><a href=\"&#x6d;&#x61;&#105;l&#x74;&#x6f;&#x3a;&#67;&#46;&#x52;&#x68;&#x6f;&#101;s&#x65;&#x40;&#x62;&#117;s&#x73;&#x6d;&#x61;&#110;n&#x73;&#x63;&#x68;&#117;l&#x65;&#x2e;&#x64;&#101;\">&#67;&#46;&#x52;h&#x6f;&#101;&#x73;&#101;&#x40;&#98;u&#x73;s&#x6d;&#97;&#x6e;&#110;&#x73;&#99;&#x68;&#117;l&#x65;&#46;&#x64;&#101;<\/a><\/td>\n<\/tr>\n<tr>\n<td>Sch\u00e4fer, Havva (Klasse 6a)<\/td>\n<td><a href=\"mailto: H&#46;&#83;&#99;&#104;&#x72;&#x61;&#x65;&#x66;er&#64;&#98;&#117;&#x73;&#x73;&#x6d;&#x61;nn&#115;&#99;&#104;&#x75;&#x6c;&#x65;&#x2e;de\">H&#46;&#83;&#99;&#x68;&#x61;&#x65;fe&#114;&#64;&#x62;&#x75;&#x73;&#x73;ma&#110;&#110;&#x73;&#x63;&#x68;&#x75;l&#101;&#46;&#100;&#x65;<\/a><\/td>\n<\/tr>\n<tr>\n<td>Schr\u00e4der, Kris<\/td>\n<td><a href=\"mailto: K&#46;&#x53;&#x63;h&#114;&#x61;&#x65;d&#101;&#114;&#x40;&#x62;u&#115;&#x73;&#x6d;a&#110;&#x6e;&#x73;c&#104;&#117;&#x6c;&#x65;&#46;&#100;&#x65;\">&#75;&#x2e;S&#99;&#x68;r&#97;&#x65;d&#x65;&#x72;&#64;&#x62;u&#115;&#x73;m&#97;&#x6e;n&#x73;&#x63;&#104;&#x75;&#x6c;&#101;&#x2e;d&#101;<\/a><\/td>\n<\/tr>\n<tr>\n<td>Schuchtmann, Anna (Klasse 8a)<\/td>\n<td><a href=\"&#x6d;&#97;&#105;l&#x74;&#x6f;&#58;A&#x2e;&#x53;&#99;hu&#x63;&#104;&#116;m&#x61;&#x6e;&#110;&#64;&#x62;&#x75;&#115;&#115;m&#x61;&#x6e;&#110;s&#x63;&#x68;&#117;l&#x65;&#x2e;&#100;&#101;\">&#x41;&#x2e;&#x53;&#x63;&#x68;&#x75;&#x63;&#x68;&#x74;&#x6d;&#x61;&#x6e;&#x6e;&#x40;&#98;&#117;&#115;&#115;&#109;&#97;&#110;&#110;&#115;&#99;&#104;ule&#46;de<\/a><\/td>\n<\/tr>\n<tr>\n<td>Seber, Akhim<\/td>\n<td><a href=\"&#x6d;&#97;i&#x6c;&#116;&#111;&#x3a;&#x41;&#46;S&#x65;&#98;e&#x72;&#x40;&#98;u&#x73;&#115;m&#x61;&#x6e;&#110;s&#x63;&#104;u&#x6c;&#x65;&#46;d&#x65;\">&#65;&#x2e;&#83;&#x65;&#98;&#x65;&#114;&#x40;&#98;&#x75;&#115;&#x73;&#109;&#x61;&#110;&#x6e;&#115;&#x63;&#104;&#x75;&#108;&#x65;&#46;&#x64;&#101;<\/a><\/td>\n<\/tr>\n<tr>\n<td>Sheida, Mandana<\/td>\n<td><a href=\"&#x6d;a&#x69;&#108;&#x74;&#111;:&#x4d;&#46;&#x53;&#104;&#x65;&#105;d&#x61;&#64;&#x62;&#117;s&#x73;m&#x61;&#110;&#x6e;&#115;c&#x68;u&#x6c;&#101;&#x2e;&#x64;e\">&#77;&#x2e;S&#104;&#x65;i&#100;&#x61;&#64;&#98;&#x75;s&#115;&#x6d;&#97;&#x6e;&#x6e;&#115;&#x63;&#x68;&#117;&#x6c;e&#46;&#x64;e<\/a><\/td>\n<\/tr>\n<tr>\n<td>Sprenger, Antje (Klasse 5b)<\/td>\n<td><a href=\"&#109;a&#105;l&#116;o&#x3a;A&#x2e;S&#x70;r&#x65;n&#x67;e&#x72;&#64;&#x62;u&#x73;s&#x6d;a&#x6e;&#110;&#x73;&#99;&#x68;&#117;&#x6c;&#101;&#x2e;&#100;&#x65;\">&#x41;&#x2e;&#x53;&#x70;&#x72;&#x65;&#x6e;&#x67;&#x65;&#x72;&#x40;&#x62;&#x75;&#x73;&#x73;&#x6d;&#x61;&#x6e;&#x6e;&#x73;&#x63;&#x68;&#x75;&#x6c;&#x65;&#x2e;&#x64;&#x65;<\/a><\/td>\n<\/tr>\n<tr>\n<td>Steer, Alex<\/td>\n<td><a href=\"&#x6d;&#x61;&#x69;&#108;&#116;o:&#x41;&#x2e;&#x53;&#116;&#101;er&#x40;&#x62;&#x75;&#115;&#115;ma&#x6e;&#x6e;&#x73;&#99;&#104;ul&#x65;&#x2e;&#x64;&#101;\">&#65;&#x2e;&#x53;&#116;&#x65;&#x65;&#114;&#x40;&#x62;&#117;&#x73;&#x73;&#109;&#x61;&#x6e;&#110;&#x73;&#x63;&#104;&#x75;&#x6c;&#101;&#x2e;&#x64;&#101;<\/a><\/td>\n<\/tr>\n<tr>\n<td>Stegemann, Julia (Klasse 6a)<\/td>\n<td><a href=\"&#109;&#x61;&#105;&#x6c;&#116;&#x6f;&#58;&#x4a;&#46;&#x53;c&#x68;m&#x75;e&#99;&#x6b;&#101;&#x72;&#64;&#x62;&#117;&#x73;&#115;&#x6d;a&#x6e;n&#x73;c&#x68;u&#108;&#x65;&#46;&#x64;&#101;\">J&#46;Schm&#117;&#101;&#99;&#107;&#101;&#114;&#64;&#x62;&#x75;&#x73;&#x73;&#x6d;&#x61;&#x6e;&#x6e;&#x73;&#x63;&#x68;&#x75;le&#46;de<\/a><\/td>\n<\/tr>\n<tr>\n<td>Streilein, Regina (Klasse 6b)<\/td>\n<td><a href=\"&#x6d;&#97;i&#x6c;&#116;&#111;&#x3a;&#x52;&#46;S&#x74;&#114;e&#x69;&#x6c;&#101;i&#x6e;&#64;b&#x75;&#x73;&#115;m&#x61;&#110;n&#x73;&#x63;&#104;u&#x6c;&#101;&#46;&#x64;&#x65;\">&#82;&#x2e;&#x53;&#116;&#x72;&#x65;i&#x6c;&#x65;i&#110;&#x40;b&#117;&#x73;s&#109;&#x61;n&#110;&#x73;c&#104;&#x75;&#x6c;&#101;&#x2e;&#x64;&#101;<\/a><\/td>\n<\/tr>\n<tr>\n<td>Tijani, Imad<\/td>\n<td><a href=\"&#x6d;&#x61;&#x69;&#x6c;&#x74;&#x6f;&#x3a;&#x49;&#x2e;&#x54;&#x69;&#106;&#97;&#110;&#105;&#64;&#98;&#117;ssmann&#x73;&#x63;&#x68;&#x75;&#x6c;&#x65;&#x2e;&#x64;&#x65;\">&#x49;&#46;&#84;i&#x6a;&#x61;&#110;i&#x40;&#x62;&#117;s&#x73;&#x6d;&#97;n&#x6e;&#x73;&#99;h&#x75;&#x6c;&#101;&#46;&#x64;&#x65;<\/a><\/td>\n<\/tr>\n<tr>\n<td>Tourali, Tugba<\/td>\n<\/tr>\n<tr>\n<td>\u00dcnal, Yasemin (MPT)<\/td>\n<\/tr>\n<tr>\n<td>Julia, Zlotin (MPT)<\/td>\n<\/tr>\n<\/tbody>\n<\/table>\n","protected":false},"excerpt":{"rendered":"<p>Das Kollegium der Heinrich-Bu\u00dfmann-Schule. D\u00fcrfen wir uns vorstellen? Wir sind das Kollegium der Heinrich-Bu\u00dfmann-Schule und f\u00fcr Sie und Ihre Kinder Lern- und Ansprechpartner im schulischen Alltag. Scheuen Sie sich nicht&hellip; <a class=\"excerpt-more-link\" href=\"https:\/\/heinrich-bussmann-schule.de\/?page_id=40\">Weiterlesen<\/a><\/p>\n","protected":false},"author":2,"featured_media":0,"parent":36,"menu_order":2,"comment_status":"closed","ping_status":"closed","template":"","meta":{"ngg_post_thumbnail":0,"footnotes":""},"class_list":["post-40","page","type-page","status-publish","hentry"],"_links":{"self":[{"href":"https:\/\/heinrich-bussmann-schule.de\/index.php?rest_route=\/wp\/v2\/pages\/40","targetHints":{"allow":["GET"]}}],"collection":[{"href":"https:\/\/heinrich-bussmann-schule.de\/index.php?rest_route=\/wp\/v2\/pages"}],"about":[{"href":"https:\/\/heinrich-bussmann-schule.de\/index.php?rest_route=\/wp\/v2\/types\/page"}],"author":[{"embeddable":true,"href":"https:\/\/heinrich-bussmann-schule.de\/index.php?rest_route=\/wp\/v2\/users\/2"}],"replies":[{"embeddable":true,"href":"https:\/\/heinrich-bussmann-schule.de\/index.php?rest_route=%2Fwp%2Fv2%2Fcomments&post=40"}],"version-history":[{"count":57,"href":"https:\/\/heinrich-bussmann-schule.de\/index.php?rest_route=\/wp\/v2\/pages\/40\/revisions"}],"predecessor-version":[{"id":4462,"href":"https:\/\/heinrich-bussmann-schule.de\/index.php?rest_route=\/wp\/v2\/pages\/40\/revisions\/4462"}],"up":[{"embeddable":true,"href":"https:\/\/heinrich-bussmann-schule.de\/index.php?rest_route=\/wp\/v2\/pages\/36"}],"wp:attachment":[{"href":"https:\/\/heinrich-bussmann-schule.de\/index.php?rest_route=%2Fwp%2Fv2%2Fmedia&parent=40"}],"curies":[{"name":"wp","href":"https:\/\/api.w.org\/{rel}","templated":true}]}}