{"id":4017,"date":"2024-12-17T12:01:00","date_gmt":"2024-12-17T11:01:00","guid":{"rendered":"https:\/\/heinrich-bussmann-schule.de\/?page_id=4017"},"modified":"2024-12-17T13:45:09","modified_gmt":"2024-12-17T12:45:09","slug":"unesco","status":"publish","type":"page","link":"https:\/\/heinrich-bussmann-schule.de\/?page_id=4017","title":{"rendered":"UNESCO"},"content":{"rendered":"<h3>Was ist die UNESCO?<\/h3>\n<p>Die UNESCO (United Nations Educational, Scientific and Cultural Organization) ist die Organisation der Vereinten Nationen f\u00fcr Bildung, Wissenschaft, Kultur und Kommunikation. Sie wurde 1945 gegr\u00fcndet und verfolgt das Ziel, den globalen Frieden und die internationale Zusammenarbeit durch Bildung, kulturellen Austausch und den Schutz des gemeinsamen Erbes der Menschheit zu f\u00f6rdern.<\/p>\n<h3>Aufgaben und Ziele der UNESCO<\/h3>\n<p>Die UNESCO setzt sich weltweit f\u00fcr die F\u00f6rderung von Bildung, Wissenschaft und Kultur ein und engagiert sich in verschiedenen Bereichen:<\/p>\n<ul>\n<li><strong>Bildung<\/strong>: Sicherstellung von hochwertiger Bildung f\u00fcr alle, unabh\u00e4ngig von Herkunft, Geschlecht oder sozialem Status.<\/li>\n<li><strong>Kultur<\/strong>: Schutz und Erhalt des kulturellen Erbes, beispielsweise durch die Ausweisung von Welterbest\u00e4tten.<\/li>\n<li><strong>Wissenschaft<\/strong>: F\u00f6rderung von Forschung und internationaler Zusammenarbeit, um globale Herausforderungen wie den Klimawandel zu bew\u00e4ltigen.<\/li>\n<li><strong>Kommunikation<\/strong>: Unterst\u00fctzung der Pressefreiheit und Zugang zu Informationen als Grundlage demokratischer Gesellschaften.<\/li>\n<\/ul>\n<h3>UNESCO-Projektschulen<\/h3>\n<p>Die UNESCO betreibt ein weltweites Netzwerk von Schulen, die sich aktiv f\u00fcr ihre Ziele einsetzen. Diese Schulen f\u00f6rdern Toleranz, kulturelle Vielfalt und nachhaltiges Denken im Unterricht und Schulalltag.<\/p>\n<p>Die UNESCO leistet somit einen wichtigen Beitrag zur St\u00e4rkung des globalen Zusammenhalts und zur Entwicklung einer gerechteren, friedlicheren und nachhaltigeren Welt.<br \/>\n<a href=\"https:\/\/heinrich-bussmann-schule.de\/wp-content\/uploads\/2024\/12\/DUK-Projektschulen_Grafik_Abb02-1-scaled.jpg\"><img fetchpriority=\"high\" decoding=\"async\" class=\"alignnone wp-image-4101 size-medium\" src=\"https:\/\/heinrich-bussmann-schule.de\/wp-content\/uploads\/2024\/12\/DUK-Projektschulen_Grafik_Abb02-1-330x233.jpg\" alt=\"\" width=\"330\" height=\"233\" srcset=\"https:\/\/heinrich-bussmann-schule.de\/wp-content\/uploads\/2024\/12\/DUK-Projektschulen_Grafik_Abb02-1-330x233.jpg 330w, https:\/\/heinrich-bussmann-schule.de\/wp-content\/uploads\/2024\/12\/DUK-Projektschulen_Grafik_Abb02-1-1024x724.jpg 1024w, https:\/\/heinrich-bussmann-schule.de\/wp-content\/uploads\/2024\/12\/DUK-Projektschulen_Grafik_Abb02-1-768x543.jpg 768w, https:\/\/heinrich-bussmann-schule.de\/wp-content\/uploads\/2024\/12\/DUK-Projektschulen_Grafik_Abb02-1-1536x1086.jpg 1536w, https:\/\/heinrich-bussmann-schule.de\/wp-content\/uploads\/2024\/12\/DUK-Projektschulen_Grafik_Abb02-1-2048x1448.jpg 2048w, https:\/\/heinrich-bussmann-schule.de\/wp-content\/uploads\/2024\/12\/DUK-Projektschulen_Grafik_Abb02-1-660x467.jpg 660w, https:\/\/heinrich-bussmann-schule.de\/wp-content\/uploads\/2024\/12\/DUK-Projektschulen_Grafik_Abb02-1-1000x707.jpg 1000w\" sizes=\"(max-width: 330px) 100vw, 330px\" \/><\/a><br \/>\n\u00a9 Deutsche UNESCO-Kommission&nbsp;<br \/>\nAm 25. September 2015 wurden in New York die 17 \u201eZiele f\u00fcr nachhaltige Entwicklung\u201c von der Generalversammlung der Vereinten Nationen verabschiedet. Die Orientierung an den nachhaltigen Entwicklungszielen &#8211; der sogenannten Agenda 2030 &#8211; verpflichtet die Staaten des globalen Nordens und S\u00fcdens gleicherma\u00dfen, relevante Verbesserungen in den 17 benannten Zielbereichen der SDGs zu erreichen.<\/p>\n<p><a href=\"https:\/\/heinrich-bussmann-schule.de\/wp-content\/uploads\/2024\/12\/SDGs_GermanUNESCO-1.jpg\"><img decoding=\"async\" class=\"alignnone wp-image-4102 size-medium\" src=\"https:\/\/heinrich-bussmann-schule.de\/wp-content\/uploads\/2024\/12\/SDGs_GermanUNESCO-1-330x163.jpg\" alt=\"\" width=\"330\" height=\"163\" srcset=\"https:\/\/heinrich-bussmann-schule.de\/wp-content\/uploads\/2024\/12\/SDGs_GermanUNESCO-1-330x163.jpg 330w, https:\/\/heinrich-bussmann-schule.de\/wp-content\/uploads\/2024\/12\/SDGs_GermanUNESCO-1-1024x505.jpg 1024w, https:\/\/heinrich-bussmann-schule.de\/wp-content\/uploads\/2024\/12\/SDGs_GermanUNESCO-1-768x379.jpg 768w, https:\/\/heinrich-bussmann-schule.de\/wp-content\/uploads\/2024\/12\/SDGs_GermanUNESCO-1-660x326.jpg 660w, https:\/\/heinrich-bussmann-schule.de\/wp-content\/uploads\/2024\/12\/SDGs_GermanUNESCO-1-1000x493.jpg 1000w, https:\/\/heinrich-bussmann-schule.de\/wp-content\/uploads\/2024\/12\/SDGs_GermanUNESCO-1.jpg 1220w\" sizes=\"(max-width: 330px) 100vw, 330px\" \/><\/a><br \/>\nAls UNESCO-Projektschule und Teilnehmer am \u201eClimate Action Projekt\u201c versuchen wir zur Verwirklichung der Ziele in allen Bereichen des Schullebens und dar\u00fcber hinaus beizutragen. Das Netzwerk der Unesco-Projektschulen ist Akteur und Impulsgeber zur Erreichung der Bildungsagenda 2030 in den Bereichen Global Citizenship Education und Bildung f\u00fcr nachhaltige Entwicklung. Besondere Bedeutung erh\u00e4lt in der Arbeit der Unesco-Schulen das Ziel 4.7. Bis 2030 sicherstellen, dass alle Lernenden die f\u00fcr nachhaltige Entwicklung notwendigen Kenntnisse und F\u00e4higkeiten erwerben, u.a. durch Bildung f\u00fcr nachhaltige Entwicklung, Global Citizenship Education und Wertsch\u00e4tzung kultureller Vielfalt.&nbsp;<\/p>\n","protected":false},"excerpt":{"rendered":"<p>Was ist die UNESCO? Die UNESCO (United Nations Educational, Scientific and Cultural Organization) ist die Organisation der Vereinten Nationen f\u00fcr Bildung, Wissenschaft, Kultur und Kommunikation. Sie wurde 1945 gegr\u00fcndet und&hellip; <a class=\"excerpt-more-link\" href=\"https:\/\/heinrich-bussmann-schule.de\/?page_id=4017\">Weiterlesen<\/a><\/p>\n","protected":false},"author":4,"featured_media":0,"parent":0,"menu_order":0,"comment_status":"closed","ping_status":"closed","template":"","meta":{"ngg_post_thumbnail":0,"footnotes":""},"class_list":["post-4017","page","type-page","status-publish","hentry"],"_links":{"self":[{"href":"https:\/\/heinrich-bussmann-schule.de\/index.php?rest_route=\/wp\/v2\/pages\/4017","targetHints":{"allow":["GET"]}}],"collection":[{"href":"https:\/\/heinrich-bussmann-schule.de\/index.php?rest_route=\/wp\/v2\/pages"}],"about":[{"href":"https:\/\/heinrich-bussmann-schule.de\/index.php?rest_route=\/wp\/v2\/types\/page"}],"author":[{"embeddable":true,"href":"https:\/\/heinrich-bussmann-schule.de\/index.php?rest_route=\/wp\/v2\/users\/4"}],"replies":[{"embeddable":true,"href":"https:\/\/heinrich-bussmann-schule.de\/index.php?rest_route=%2Fwp%2Fv2%2Fcomments&post=4017"}],"version-history":[{"count":4,"href":"https:\/\/heinrich-bussmann-schule.de\/index.php?rest_route=\/wp\/v2\/pages\/4017\/revisions"}],"predecessor-version":[{"id":4104,"href":"https:\/\/heinrich-bussmann-schule.de\/index.php?rest_route=\/wp\/v2\/pages\/4017\/revisions\/4104"}],"wp:attachment":[{"href":"https:\/\/heinrich-bussmann-schule.de\/index.php?rest_route=%2Fwp%2Fv2%2Fmedia&parent=4017"}],"curies":[{"name":"wp","href":"https:\/\/api.w.org\/{rel}","templated":true}]}}