{"id":4042,"date":"2024-12-13T12:24:49","date_gmt":"2024-12-13T11:24:49","guid":{"rendered":"https:\/\/heinrich-bussmann-schule.de\/?page_id=4042"},"modified":"2025-10-24T16:29:22","modified_gmt":"2025-10-24T14:29:22","slug":"digital-wellbeeing","status":"publish","type":"page","link":"https:\/\/heinrich-bussmann-schule.de\/?page_id=4042","title":{"rendered":"Digital Wellbeeing"},"content":{"rendered":"<div class=\"flex max-w-full flex-col flex-grow\">\n<div class=\"min-h-8 text-message flex w-full flex-col items-end gap-2 whitespace-normal break-words text-start [.text-message+&amp;]:mt-5\" dir=\"auto\" data-message-author-role=\"assistant\" data-message-id=\"a8741e47-469b-45e0-8b4d-b3eaf31f0c79\" data-message-model-slug=\"gpt-4o\">\n<div class=\"flex w-full flex-col gap-1 empty:hidden first:pt-[3px]\">\n<div class=\"markdown prose w-full break-words dark:prose-invert light\">\n<p><strong>Digital Wellbeing: Ein internationales Projekt an der Heinrich-Bu\u00dfmann-Schule<\/strong><\/p>\n<p>Die digitale Welt ist aus unserem Alltag nicht mehr wegzudenken \u2013 ob in der Schule, im Beruf oder in der Freizeit. Doch wie finden wir ein gesundes Gleichgewicht zwischen den Chancen und Herausforderungen, die uns die Digitalisierung bietet? Mit dieser Frage besch\u00e4ftigt sich das neue internationale Projekt <strong>\u201eDigital Wellbeing\u201c<\/strong>, das an der Heinrich-Bu\u00dfmann-Schule ins Leben gerufen wurde.<\/p>\n<h3>Ziel des Projekts<\/h3>\n<p>Das Hauptziel von \u201eDigital Wellbeing\u201c ist es, Sch\u00fclerInnen dabei zu unterst\u00fctzen, die M\u00f6glichkeiten der digitalen Welt sinnvoll und gesund zu nutzen. Gleichzeitig soll das Bewusstsein f\u00fcr die Risiken exzessiver Bildschirmzeiten, die Auswirkungen von Social Media und die Wichtigkeit von digitalem Datenschutz gesch\u00e4rft werden.<\/p>\n<h3>Inhalte und Themen<\/h3>\n<p>Das Projekt umfasst verschiedene Workshops und Aktivit\u00e4ten, die auf die Bed\u00fcrfnisse der Sch\u00fclerInnen zugeschnitten sind. Zu den Themenschwerpunkten geh\u00f6ren:<\/p>\n<ul>\n<li><strong>Medienkompetenz<\/strong>: Wie bewege ich mich sicher im digitalen Raum?<\/li>\n<li><strong>Zeitmanagement<\/strong>: Wie plane ich meine Bildschirmzeit sinnvoll, ohne andere Lebensbereiche zu vernachl\u00e4ssigen?<\/li>\n<li><strong>Social Media und Achtsamkeit<\/strong>: Welche Auswirkungen haben soziale Netzwerke auf mein Selbstbild und mein Wohlbefinden?<\/li>\n<li><strong>Digital Detox<\/strong>: In einem Experiment verzichten Sch\u00fcler*innen freiwillig f\u00fcr eine Woche auf soziale Medien, um die Auswirkungen auf ihren Alltag zu reflektieren.<\/li>\n<\/ul>\n<h3>Ein internationales Projekt<\/h3>\n<p>\u201eDigital Wellbeing\u201c ist ein internationales Gemeinschaftsprojekt, das Sch\u00fcler<em>innen aus <strong>Bulgarien, der T\u00fcrkei und Deutschland<\/strong> zusammenbringt. Im Rahmen des Projekts finden Austauschprogramme statt, bei denen die TeilnehmerI<\/em>nnen die M\u00f6glichkeit haben, neue Kulturen kennenzulernen und sich \u00fcber ihre Erfahrungen mit digitalen Medien auszutauschen.<\/p>\n<p>Die Sch\u00fclerInnen besuchen Partnerschulen in Bulgarien und der T\u00fcrkei, wo sie gemeinsam an Workshops und Projekttagen arbeiten. Auch an der Heinrich-Bu\u00dfmann-Schule werden G\u00e4ste aus den Partnerl\u00e4ndern empfangen, um den internationalen Dialog und die Zusammenarbeit zu st\u00e4rken.<\/p>\n<h3>Ausblick<\/h3>\n<p>Das Projekt \u201eDigital Wellbeing\u201c ist ein wichtiger Schritt, um die Schulgemeinschaft auf die Herausforderungen und M\u00f6glichkeiten der digitalen Welt vorzubereiten. Gleichzeitig st\u00e4rkt der Austausch mit den Partnerschulen in Bulgarien und der T\u00fcrkei das interkulturelle Verst\u00e4ndnis und f\u00f6rdert den internationalen Zusammenhalt.<\/p>\n<p>Wir freuen uns darauf, unsere Erfahrungen mit unseren Partnerschulen zu teilen und gemeinsam neue Wege f\u00fcr einen bewussten und gesunden Umgang mit der digitalen Welt zu entwickeln.<\/p>\n<p>\ud83c\udf10 <strong data-start=\"176\" data-end=\"275\">Weitere Informationen finden Sie auf unserer offiziellen Projekt-Homepage unter folgendem Link:<\/strong><br \/>\n<a href=\"https:\/\/www.erasmusdigitalwellbeing.eu\/\">Digital Wellbeing<\/a><\/p>\n<p><strong>Heinrich-Bu\u00dfmann-Schule<\/strong> \u2013 Gemeinsam lernen, gemeinsam wachsen, gemeinsam digital gesund bleiben!<\/p>\n<p><img decoding=\"async\" class=\"alignnone size-medium wp-image-4044\" src=\"https:\/\/heinrich-bussmann-schule.de\/wp-content\/uploads\/2024\/12\/Erasmus-330x69.jpg\" alt=\"\" width=\"330\" height=\"69\" srcset=\"https:\/\/heinrich-bussmann-schule.de\/wp-content\/uploads\/2024\/12\/Erasmus-330x69.jpg 330w, https:\/\/heinrich-bussmann-schule.de\/wp-content\/uploads\/2024\/12\/Erasmus-1024x214.jpg 1024w, https:\/\/heinrich-bussmann-schule.de\/wp-content\/uploads\/2024\/12\/Erasmus-768x161.jpg 768w, https:\/\/heinrich-bussmann-schule.de\/wp-content\/uploads\/2024\/12\/Erasmus-1536x322.jpg 1536w, https:\/\/heinrich-bussmann-schule.de\/wp-content\/uploads\/2024\/12\/Erasmus-660x138.jpg 660w, https:\/\/heinrich-bussmann-schule.de\/wp-content\/uploads\/2024\/12\/Erasmus-1000x209.jpg 1000w, https:\/\/heinrich-bussmann-schule.de\/wp-content\/uploads\/2024\/12\/Erasmus.jpg 1600w\" sizes=\"(max-width: 330px) 100vw, 330px\" \/> <img decoding=\"async\" class=\"alignnone wp-image-4043 \" src=\"https:\/\/heinrich-bussmann-schule.de\/wp-content\/uploads\/2024\/12\/Erasmus1-330x113.jpg\" alt=\"\" width=\"283\" height=\"97\" srcset=\"https:\/\/heinrich-bussmann-schule.de\/wp-content\/uploads\/2024\/12\/Erasmus1-330x113.jpg 330w, https:\/\/heinrich-bussmann-schule.de\/wp-content\/uploads\/2024\/12\/Erasmus1.jpg 605w\" sizes=\"(max-width: 283px) 100vw, 283px\" \/><\/p>\n<\/div>\n<\/div>\n<\/div>\n<\/div>\n<div class=\"mb-2 flex gap-3 empty:hidden -ml-2\">\n<div class=\"items-center justify-start rounded-xl p-1 flex\">\n<div class=\"flex items-center\">\n<p>Von der Europ\u00e4ischen Union finanziert. Die ge\u00e4u\u00dferten Ansichten und Meinungen entsprechen jedoch ausschlie\u00dflich denen des Autors bzw. der Autoren und spiegeln nicht zwingend die der Europ\u00e4ischen Union oder der Nationalen Agentur wider. Weder die Europ\u00e4ische Union noch die Nationale Agentur k\u00f6nnen daf\u00fcr verantwortlich gemacht werden.<\/p>\n<\/div>\n<\/div>\n<\/div>\n","protected":false},"excerpt":{"rendered":"<p>Digital Wellbeing: Ein internationales Projekt an der Heinrich-Bu\u00dfmann-Schule Die digitale Welt ist aus unserem Alltag nicht mehr wegzudenken \u2013 ob in der Schule, im Beruf oder in der Freizeit. Doch&hellip; <a class=\"excerpt-more-link\" href=\"https:\/\/heinrich-bussmann-schule.de\/?page_id=4042\">Weiterlesen<\/a><\/p>\n","protected":false},"author":4,"featured_media":4044,"parent":0,"menu_order":0,"comment_status":"closed","ping_status":"closed","template":"","meta":{"ngg_post_thumbnail":0,"footnotes":""},"class_list":["post-4042","page","type-page","status-publish","has-post-thumbnail","hentry"],"_links":{"self":[{"href":"https:\/\/heinrich-bussmann-schule.de\/index.php?rest_route=\/wp\/v2\/pages\/4042","targetHints":{"allow":["GET"]}}],"collection":[{"href":"https:\/\/heinrich-bussmann-schule.de\/index.php?rest_route=\/wp\/v2\/pages"}],"about":[{"href":"https:\/\/heinrich-bussmann-schule.de\/index.php?rest_route=\/wp\/v2\/types\/page"}],"author":[{"embeddable":true,"href":"https:\/\/heinrich-bussmann-schule.de\/index.php?rest_route=\/wp\/v2\/users\/4"}],"replies":[{"embeddable":true,"href":"https:\/\/heinrich-bussmann-schule.de\/index.php?rest_route=%2Fwp%2Fv2%2Fcomments&post=4042"}],"version-history":[{"count":4,"href":"https:\/\/heinrich-bussmann-schule.de\/index.php?rest_route=\/wp\/v2\/pages\/4042\/revisions"}],"predecessor-version":[{"id":4433,"href":"https:\/\/heinrich-bussmann-schule.de\/index.php?rest_route=\/wp\/v2\/pages\/4042\/revisions\/4433"}],"wp:featuredmedia":[{"embeddable":true,"href":"https:\/\/heinrich-bussmann-schule.de\/index.php?rest_route=\/wp\/v2\/media\/4044"}],"wp:attachment":[{"href":"https:\/\/heinrich-bussmann-schule.de\/index.php?rest_route=%2Fwp%2Fv2%2Fmedia&parent=4042"}],"curies":[{"name":"wp","href":"https:\/\/api.w.org\/{rel}","templated":true}]}}