{"id":42,"date":"2021-06-03T14:15:07","date_gmt":"2021-06-03T12:15:07","guid":{"rendered":"https:\/\/www.heinrich-bussmann-schule.de\/?page_id=42"},"modified":"2025-02-12T08:41:34","modified_gmt":"2025-02-12T07:41:34","slug":"sekretariat","status":"publish","type":"page","link":"https:\/\/heinrich-bussmann-schule.de\/?page_id=42","title":{"rendered":"Sekretariat"},"content":{"rendered":"<p><img fetchpriority=\"high\" decoding=\"async\" class=\"alignnone size-full wp-image-825\" src=\"https:\/\/heinrich-bussmann-schule.de\/wp-content\/uploads\/2021\/08\/Sekretariat-scaled.jpg\" alt=\"Sekretariat\" width=\"2560\" height=\"1707\" srcset=\"https:\/\/heinrich-bussmann-schule.de\/wp-content\/uploads\/2021\/08\/Sekretariat-scaled.jpg 2560w, https:\/\/heinrich-bussmann-schule.de\/wp-content\/uploads\/2021\/08\/Sekretariat-300x200.jpg 300w, https:\/\/heinrich-bussmann-schule.de\/wp-content\/uploads\/2021\/08\/Sekretariat-1024x683.jpg 1024w, https:\/\/heinrich-bussmann-schule.de\/wp-content\/uploads\/2021\/08\/Sekretariat-768x512.jpg 768w, https:\/\/heinrich-bussmann-schule.de\/wp-content\/uploads\/2021\/08\/Sekretariat-1536x1024.jpg 1536w, https:\/\/heinrich-bussmann-schule.de\/wp-content\/uploads\/2021\/08\/Sekretariat-2048x1365.jpg 2048w, https:\/\/heinrich-bussmann-schule.de\/wp-content\/uploads\/2021\/08\/Sekretariat-660x440.jpg 660w, https:\/\/heinrich-bussmann-schule.de\/wp-content\/uploads\/2021\/08\/Sekretariat-1000x667.jpg 1000w, https:\/\/heinrich-bussmann-schule.de\/wp-content\/uploads\/2021\/08\/Sekretariat-373x248.jpg 373w\" sizes=\"(max-width: 2560px) 100vw, 2560px\" \/><\/p>\n<p class=\"intro\">Das Schulsekretariat der Heinrich-Bu\u00dfmann-Schule finden Sie im Erdgeschoss. Hier erhalten Sie Ausk\u00fcnfte zu allen schulorganisatorischen Angelegenheiten mit Antr\u00e4gen, Bescheinigungen, Zeugnissen.<\/p>\n<p><span class=\"dropcap\">O<\/span>b am Telefon oder pers\u00f6nlich \u2013 unsere Schulsekret\u00e4rin ist die erste Anlaufstelle f\u00fcr schulische und au\u00dferschulische \u201eKunden\u201c, also f\u00fcr Sch\u00fcler:innen, Eltern, Lehrer:innen, das nicht p\u00e4dagogische Schulpersonal, Beh\u00f6rden, Handwerker, Ehemalige, Nachbarn, Stadtteilorganisationen, Lieferanten, Sponsoren, etc.<br \/>\nAls gute Seele des Hauses versorgt sie zudem kompetent die kleinen &#8222;Wehwechen&#8220; unserer Sch\u00fcler:innen.<br \/>\nF\u00fcr Schulbescheinigungen und andere Formulare, wenden sie sich als ersten Schritt an die Klassenlehrer\/In.<br \/>\n<div class=\"two-columns-one\">\n<p><strong>Sekretariat<\/strong><br \/>\n<strong>Frau S. Zielasko&nbsp;<\/strong><br \/>\nTel: 0 23 06 \/ 98126100<br \/>\nFax: 0 23 06 \/ 30 83 68<br \/>\nE-Mail: <a href=\"&#x6d;&#x61;&#x69;&#x6c;&#x74;&#x6f;&#x3a;&#x53;&#101;&#107;&#114;&#101;&#116;&#97;&#114;iat&#64;&#x62;&#x75;&#x73;&#x73;&#x6d;&#x61;&#x6e;&#x6e;&#x73;&#99;&#104;&#117;&#108;&#101;&#46;&#100;e\">&#x31;&#52;8&#x35;&#52;4&#x40;&#115;c&#x68;&#117;l&#x65;&#46;n&#x72;&#119;&#46;&#x64;&#101;<\/a><\/p>\n<\/div><\/p>\n<div class=\"two-columns-one last\">\n<p><strong>\u00d6ffnungszeiten<\/strong>:<br \/>\nMo. &#8211; Fr.: 08:00 Uhr \u2013 11:30 Uhr<\/p>\n<\/div><br \/>\n<div class=\"divider\"><\/div><\/p>\n","protected":false},"excerpt":{"rendered":"<p>Das Schulsekretariat der Heinrich-Bu\u00dfmann-Schule finden Sie im Erdgeschoss. Hier erhalten Sie Ausk\u00fcnfte zu allen schulorganisatorischen Angelegenheiten mit Antr\u00e4gen, Bescheinigungen, Zeugnissen. Ob am Telefon oder pers\u00f6nlich \u2013 unsere Schulsekret\u00e4rin ist die&hellip; <a class=\"excerpt-more-link\" href=\"https:\/\/heinrich-bussmann-schule.de\/?page_id=42\">Weiterlesen<\/a><\/p>\n","protected":false},"author":2,"featured_media":0,"parent":36,"menu_order":3,"comment_status":"closed","ping_status":"closed","template":"","meta":{"ngg_post_thumbnail":0,"footnotes":""},"class_list":["post-42","page","type-page","status-publish","hentry"],"_links":{"self":[{"href":"https:\/\/heinrich-bussmann-schule.de\/index.php?rest_route=\/wp\/v2\/pages\/42","targetHints":{"allow":["GET"]}}],"collection":[{"href":"https:\/\/heinrich-bussmann-schule.de\/index.php?rest_route=\/wp\/v2\/pages"}],"about":[{"href":"https:\/\/heinrich-bussmann-schule.de\/index.php?rest_route=\/wp\/v2\/types\/page"}],"author":[{"embeddable":true,"href":"https:\/\/heinrich-bussmann-schule.de\/index.php?rest_route=\/wp\/v2\/users\/2"}],"replies":[{"embeddable":true,"href":"https:\/\/heinrich-bussmann-schule.de\/index.php?rest_route=%2Fwp%2Fv2%2Fcomments&post=42"}],"version-history":[{"count":14,"href":"https:\/\/heinrich-bussmann-schule.de\/index.php?rest_route=\/wp\/v2\/pages\/42\/revisions"}],"predecessor-version":[{"id":4149,"href":"https:\/\/heinrich-bussmann-schule.de\/index.php?rest_route=\/wp\/v2\/pages\/42\/revisions\/4149"}],"up":[{"embeddable":true,"href":"https:\/\/heinrich-bussmann-schule.de\/index.php?rest_route=\/wp\/v2\/pages\/36"}],"wp:attachment":[{"href":"https:\/\/heinrich-bussmann-schule.de\/index.php?rest_route=%2Fwp%2Fv2%2Fmedia&parent=42"}],"curies":[{"name":"wp","href":"https:\/\/api.w.org\/{rel}","templated":true}]}}