{"id":44,"date":"2021-06-03T14:15:30","date_gmt":"2021-06-03T12:15:30","guid":{"rendered":"https:\/\/www.heinrich-bussmann-schule.de\/?page_id=44"},"modified":"2024-10-04T12:55:49","modified_gmt":"2024-10-04T10:55:49","slug":"schulsozialarbeit","status":"publish","type":"page","link":"https:\/\/heinrich-bussmann-schule.de\/?page_id=44","title":{"rendered":"Schulsozialarbeit"},"content":{"rendered":"<p><a href=\"https:\/\/heinrich-bussmann-schule.de\/wp-content\/uploads\/2023\/08\/IMG-20230808-WA0007.jpg\"><img fetchpriority=\"high\" decoding=\"async\" class=\"size-medium wp-image-3395 aligncenter\" src=\"https:\/\/heinrich-bussmann-schule.de\/wp-content\/uploads\/2023\/08\/IMG-20230808-WA0007-330x220.jpg\" alt=\"\" width=\"330\" height=\"220\" srcset=\"https:\/\/heinrich-bussmann-schule.de\/wp-content\/uploads\/2023\/08\/IMG-20230808-WA0007-330x220.jpg 330w, https:\/\/heinrich-bussmann-schule.de\/wp-content\/uploads\/2023\/08\/IMG-20230808-WA0007-768x512.jpg 768w, https:\/\/heinrich-bussmann-schule.de\/wp-content\/uploads\/2023\/08\/IMG-20230808-WA0007-660x440.jpg 660w, https:\/\/heinrich-bussmann-schule.de\/wp-content\/uploads\/2023\/08\/IMG-20230808-WA0007-1000x667.jpg 1000w, https:\/\/heinrich-bussmann-schule.de\/wp-content\/uploads\/2023\/08\/IMG-20230808-WA0007-373x248.jpg 373w, https:\/\/heinrich-bussmann-schule.de\/wp-content\/uploads\/2023\/08\/IMG-20230808-WA0007.jpg 1024w\" sizes=\"(max-width: 330px) 100vw, 330px\" \/><\/a><\/p>\n<p>Daniela Mitroulis (Dipl. Sozialp\u00e4dagogin)&nbsp;<br \/>\nSaliha Ali\u0107 (Dipl. Sozialp\u00e4dagogin)<\/p>\n<p class=\"intro\">In unserer Arbeit als Schulsozialarbeiterinnen begleiten und unterst\u00fctzen wir Kinder und Jugendliche sowie deren Familien auf ihrem Weg. Eine gute und vertrauensvolle Beziehung zu den Sch\u00fcler:innen liegt uns dabei besonders am Herzen.<\/p>\n<p><span class=\"dropcap\">S<\/span>chulsozialarbeit kn\u00fcpft an den Lebenswelten der Sch\u00fcler:innen an. Gleichzeitig ist sie Schnittstelle zwischen Schule und Jugendhilfe und schafft ein Netzwerk f\u00fcr alle Beteiligten.<\/p>\n<p class=\"pull-right\">&#8222;Jeder Sch\u00fcler, jede Sch\u00fclerin und jede Sorge ist uns wichtig.&#8220;<\/p>\n<p><strong>Schulsozialarbeit ist:<\/strong><\/p>\n<ul>\n<li>eine pr\u00e4ventive Form der Jugendhilfe;<\/li>\n<li>eine Anlaufstelle f\u00fcr Sch\u00fcler, Eltern &amp; Lehrkr\u00e4fte, die in Konflikt- und Problemsituationen p\u00e4dagogische Unterst\u00fctzung suchen;<\/li>\n<li>eine Interessensvertretung f\u00fcr Kinder- und Jugendliche.<\/li>\n<\/ul>\n<p><strong>Zu unserer Arbeit z\u00e4hlen folgende Arbeitsfelder:<\/strong><\/p>\n<ul>\n<li>Einzelfallhilfe und Beratung in individuellen Fragen und Problemlagen f\u00fcr Sch\u00fcler:innen, Eltern und Lehrkr\u00e4fte<\/li>\n<li>Projekte und soziale Gruppenarbeit in den Klassen<\/li>\n<li>Krisenintervention<\/li>\n<li>Angebote und Durchf\u00fchrung von Projekten<\/li>\n<li>Zusammenarbeit mit au\u00dferschulischen Institutionen, wie z.B. Beratungsstelle, Jugendhilfedienst, Therapeuten, Polizei u.a.<\/li>\n<li>Kinderschutz<\/li>\n<\/ul>\n<p><strong>Unsere Arbeit findet unter Ber\u00fccksichtigung folgender Grundprinzipien statt:<\/strong><\/p>\n<ul>\n<li>Vertraulichkeit<\/li>\n<li>Neutralit\u00e4t<\/li>\n<li>Freiwilligkeit<\/li>\n<li>Ressourcen- und L\u00f6sungsorientierung<\/li>\n<\/ul>\n<p>Wir freuen uns auf eine gute Zusammenarbeit. F\u00fcr weitere Fragen oder Terminvereinbarungen stehen wir gerne zur Verf\u00fcgung!<\/p>\n<p>Kontaktdaten:<\/p>\n<p>Saliha Ali\u0107&nbsp;<br \/>\nTel.: 02306 206027<br \/>\nE-Mail: <a href=\"&#x6d;&#97;&#x69;&#x6c;&#116;&#x6f;&#58;s&#x2e;&#97;l&#x69;&#99;&#64;&#x62;&#117;s&#x73;&#109;&#x61;&#x6e;&#110;&#x73;&#x63;&#104;&#x75;&#108;e&#x2e;&#100;e\">&#x73;&#x2e;&#97;&#108;&#105;c&#x40;&#x62;&#x75;&#115;&#115;ma&#x6e;&#x6e;&#x73;&#99;&#104;u&#x6c;&#x65;&#x2e;&#100;&#101;<\/a><\/p>\n<p>Daniela Mitroulis<br \/>\nE-Mail:<a href=\"ma&#105;&#108;&#x74;&#x6f;&#x3a;&#x44;&#46;M&#105;&#116;&#x72;&#x6f;&#x75;&#x6c;is&#64;&#98;&#117;&#x73;&#x73;&#x6d;&#x61;nn&#115;&#99;&#x68;&#x75;&#x6c;&#x65;&#46;d&#101;\" data-wpel-link=\"internal\">&#x64;&#x2e;&#x6d;&#x69;&#x74;&#114;&#111;&#117;&#108;is&#64;&#x62;&#x75;&#x73;&#x73;&#x6d;&#x61;&#110;&#110;&#115;chu&#x6c;&#x65;&#x2e;&#x64;&#x65;<\/a><\/p>\n<p>&nbsp;<\/p>\n<p>&nbsp;<\/p>\n<p>&nbsp;<\/p>\n<p>&nbsp;<\/p>\n<p>&nbsp;<\/p>\n<p>&nbsp;<\/p>\n<p>&nbsp;<\/p>\n<p>&nbsp;<\/p>\n<div class=\"divider\"><\/div>\n","protected":false},"excerpt":{"rendered":"<p>Daniela Mitroulis (Dipl. Sozialp\u00e4dagogin)&nbsp; Saliha Ali\u0107 (Dipl. Sozialp\u00e4dagogin) In unserer Arbeit als Schulsozialarbeiterinnen begleiten und unterst\u00fctzen wir Kinder und Jugendliche sowie deren Familien auf ihrem Weg. Eine gute und vertrauensvolle&hellip; <a class=\"excerpt-more-link\" href=\"https:\/\/heinrich-bussmann-schule.de\/?page_id=44\">Weiterlesen<\/a><\/p>\n","protected":false},"author":2,"featured_media":121,"parent":36,"menu_order":4,"comment_status":"closed","ping_status":"closed","template":"","meta":{"ngg_post_thumbnail":0,"footnotes":""},"class_list":["post-44","page","type-page","status-publish","has-post-thumbnail","hentry"],"_links":{"self":[{"href":"https:\/\/heinrich-bussmann-schule.de\/index.php?rest_route=\/wp\/v2\/pages\/44","targetHints":{"allow":["GET"]}}],"collection":[{"href":"https:\/\/heinrich-bussmann-schule.de\/index.php?rest_route=\/wp\/v2\/pages"}],"about":[{"href":"https:\/\/heinrich-bussmann-schule.de\/index.php?rest_route=\/wp\/v2\/types\/page"}],"author":[{"embeddable":true,"href":"https:\/\/heinrich-bussmann-schule.de\/index.php?rest_route=\/wp\/v2\/users\/2"}],"replies":[{"embeddable":true,"href":"https:\/\/heinrich-bussmann-schule.de\/index.php?rest_route=%2Fwp%2Fv2%2Fcomments&post=44"}],"version-history":[{"count":16,"href":"https:\/\/heinrich-bussmann-schule.de\/index.php?rest_route=\/wp\/v2\/pages\/44\/revisions"}],"predecessor-version":[{"id":3670,"href":"https:\/\/heinrich-bussmann-schule.de\/index.php?rest_route=\/wp\/v2\/pages\/44\/revisions\/3670"}],"up":[{"embeddable":true,"href":"https:\/\/heinrich-bussmann-schule.de\/index.php?rest_route=\/wp\/v2\/pages\/36"}],"wp:featuredmedia":[{"embeddable":true,"href":"https:\/\/heinrich-bussmann-schule.de\/index.php?rest_route=\/wp\/v2\/media\/121"}],"wp:attachment":[{"href":"https:\/\/heinrich-bussmann-schule.de\/index.php?rest_route=%2Fwp%2Fv2%2Fmedia&parent=44"}],"curies":[{"name":"wp","href":"https:\/\/api.w.org\/{rel}","templated":true}]}}