{"id":46,"date":"2021-06-03T14:15:55","date_gmt":"2021-06-03T12:15:55","guid":{"rendered":"https:\/\/www.heinrich-bussmann-schule.de\/?page_id=46"},"modified":"2024-10-04T13:01:15","modified_gmt":"2024-10-04T11:01:15","slug":"sonderpaedagogische-foerderung","status":"publish","type":"page","link":"https:\/\/heinrich-bussmann-schule.de\/?page_id=46","title":{"rendered":"Sonderp\u00e4dagogische F\u00f6rderung"},"content":{"rendered":"<p><a href=\"https:\/\/heinrich-bussmann-schule.de\/wp-content\/uploads\/2024\/10\/AK_4.jpg\"><img fetchpriority=\"high\" decoding=\"async\" class=\"alignleft wp-image-3671 size-medium\" src=\"https:\/\/heinrich-bussmann-schule.de\/wp-content\/uploads\/2024\/10\/AK_4-330x330.jpg\" alt=\"\" width=\"330\" height=\"330\" srcset=\"https:\/\/heinrich-bussmann-schule.de\/wp-content\/uploads\/2024\/10\/AK_4-330x330.jpg 330w, https:\/\/heinrich-bussmann-schule.de\/wp-content\/uploads\/2024\/10\/AK_4-1024x1024.jpg 1024w, https:\/\/heinrich-bussmann-schule.de\/wp-content\/uploads\/2024\/10\/AK_4-150x150.jpg 150w, https:\/\/heinrich-bussmann-schule.de\/wp-content\/uploads\/2024\/10\/AK_4-768x768.jpg 768w, https:\/\/heinrich-bussmann-schule.de\/wp-content\/uploads\/2024\/10\/AK_4-660x660.jpg 660w, https:\/\/heinrich-bussmann-schule.de\/wp-content\/uploads\/2024\/10\/AK_4-1000x1000.jpg 1000w, https:\/\/heinrich-bussmann-schule.de\/wp-content\/uploads\/2024\/10\/AK_4-373x373.jpg 373w, https:\/\/heinrich-bussmann-schule.de\/wp-content\/uploads\/2024\/10\/AK_4.jpg 1052w\" sizes=\"(max-width: 330px) 100vw, 330px\" \/><\/a>An unserer Schule sind Barbara H\u00fcttmann (Sonderp\u00e4dagogin),Yasemin \u00dcnal (Diplomp\u00e4dagogin, MPT) und Julia Zlotin (MPT) die Ansprechpartnerinnen f\u00fcr das Gemeinsame Lernen. Stets ansprechbar sind sie eine gro\u00dfe Bereicherung f\u00fcr das Kollegium. Mit ihrem Fachwissen tragen sie wesentlich dazu bei, dass der gemeinsame Unterricht mit Sch\u00fcler:innen mit und ohne F\u00f6rderbedarf funktioniert.<\/p>\n<p><span class=\"dropcap\">F<\/span>\u00fcr manche Sch\u00fcler:innen wird ein Bedarf an sonderp\u00e4dagogischer Unterst\u00fctzung festgestellt. Sie werden nach ihrem individuellen Bedarf sonderp\u00e4dagogisch gef\u00f6rdert.&nbsp;<\/p>\n<p>An der HBS werden die F\u00f6rderschwerpunkte gef\u00f6rdert:<\/p>\n<ul>\n<li>Lernen,<\/li>\n<li>Sprache,<\/li>\n<li>Emotionale und soziale Entwicklung<\/li>\n<li>Sehen<\/li>\n<li>Geistige Entwicklung<\/li>\n<li>K\u00f6rperliche und motorische Entwicklung.<\/li>\n<\/ul>\n<p>Die sonderp\u00e4dagogische F\u00f6rderung hat bei zielgleicher F\u00f6rderung grunds\u00e4tzlich das Ziel, die Sch\u00fcler:innen mit Bedarf an sonderp\u00e4dagogischer Unterst\u00fctzung nach den Vorgaben der allgemeinen Schule zu unterrichten und strebt damit Bildungsabschl\u00fcsse der allgemeinen Schulen an.<br \/>\nIm Bildungsgang des F\u00f6rderschwerpunkts Lernen und im Bildungsgang des F\u00f6rderschwerpunkts Geistige Entwicklung werden die Sch\u00fcler:innen zieldifferent unterrichtet, d.h. zu eigenen Abschl\u00fcssen gef\u00fchrt.<\/p>\n<p><strong>Testausleihe<\/strong><br \/>\n<a href=\"&#x6d;&#97;i&#x6c;&#116;o&#x3a;&#84;e&#x73;&#116;a&#x75;&#115;l&#x65;&#105;h&#x65;&#64;b&#x75;&#115;s&#x6d;&#97;n&#x6e;&#115;c&#x68;&#117;l&#x65;&#46;d&#x65;\">&#84;&#x65;&#x73;t&#97;&#x75;s&#108;&#x65;&#x69;h&#101;&#x40;b&#117;&#x73;&#x73;m&#97;&#x6e;n&#115;&#x63;&#x68;&#117;&#108;&#x65;&#46;&#100;&#x65;<\/a><\/p>\n","protected":false},"excerpt":{"rendered":"<p>An unserer Schule sind Barbara H\u00fcttmann (Sonderp\u00e4dagogin),Yasemin \u00dcnal (Diplomp\u00e4dagogin, MPT) und Julia Zlotin (MPT) die Ansprechpartnerinnen f\u00fcr das Gemeinsame Lernen. Stets ansprechbar sind sie eine gro\u00dfe Bereicherung f\u00fcr das Kollegium.&hellip; <a class=\"excerpt-more-link\" href=\"https:\/\/heinrich-bussmann-schule.de\/?page_id=46\">Weiterlesen<\/a><\/p>\n","protected":false},"author":2,"featured_media":0,"parent":36,"menu_order":5,"comment_status":"closed","ping_status":"closed","template":"","meta":{"ngg_post_thumbnail":0,"footnotes":""},"class_list":["post-46","page","type-page","status-publish","hentry"],"_links":{"self":[{"href":"https:\/\/heinrich-bussmann-schule.de\/index.php?rest_route=\/wp\/v2\/pages\/46","targetHints":{"allow":["GET"]}}],"collection":[{"href":"https:\/\/heinrich-bussmann-schule.de\/index.php?rest_route=\/wp\/v2\/pages"}],"about":[{"href":"https:\/\/heinrich-bussmann-schule.de\/index.php?rest_route=\/wp\/v2\/types\/page"}],"author":[{"embeddable":true,"href":"https:\/\/heinrich-bussmann-schule.de\/index.php?rest_route=\/wp\/v2\/users\/2"}],"replies":[{"embeddable":true,"href":"https:\/\/heinrich-bussmann-schule.de\/index.php?rest_route=%2Fwp%2Fv2%2Fcomments&post=46"}],"version-history":[{"count":8,"href":"https:\/\/heinrich-bussmann-schule.de\/index.php?rest_route=\/wp\/v2\/pages\/46\/revisions"}],"predecessor-version":[{"id":3675,"href":"https:\/\/heinrich-bussmann-schule.de\/index.php?rest_route=\/wp\/v2\/pages\/46\/revisions\/3675"}],"up":[{"embeddable":true,"href":"https:\/\/heinrich-bussmann-schule.de\/index.php?rest_route=\/wp\/v2\/pages\/36"}],"wp:attachment":[{"href":"https:\/\/heinrich-bussmann-schule.de\/index.php?rest_route=%2Fwp%2Fv2%2Fmedia&parent=46"}],"curies":[{"name":"wp","href":"https:\/\/api.w.org\/{rel}","templated":true}]}}