{"id":48,"date":"2021-06-03T14:17:42","date_gmt":"2021-06-03T12:17:42","guid":{"rendered":"https:\/\/www.heinrich-bussmann-schule.de\/?page_id=48"},"modified":"2024-12-04T12:01:15","modified_gmt":"2024-12-04T11:01:15","slug":"schuelerinnen-elternvertretung","status":"publish","type":"page","link":"https:\/\/heinrich-bussmann-schule.de\/?page_id=48","title":{"rendered":"Sch\u00fcler:innen- &#038; Elternvertretung"},"content":{"rendered":"<p><img fetchpriority=\"high\" decoding=\"async\" class=\"alignnone size-full wp-image-812\" src=\"https:\/\/heinrich-bussmann-schule.de\/wp-content\/uploads\/2021\/08\/Eltern-und-Schuelervertretung-scaled.jpg\" alt=\"Eltern und Sch\u00fclervertretung\" width=\"2560\" height=\"1707\" srcset=\"https:\/\/heinrich-bussmann-schule.de\/wp-content\/uploads\/2021\/08\/Eltern-und-Schuelervertretung-scaled.jpg 2560w, https:\/\/heinrich-bussmann-schule.de\/wp-content\/uploads\/2021\/08\/Eltern-und-Schuelervertretung-300x200.jpg 300w, https:\/\/heinrich-bussmann-schule.de\/wp-content\/uploads\/2021\/08\/Eltern-und-Schuelervertretung-1024x683.jpg 1024w, https:\/\/heinrich-bussmann-schule.de\/wp-content\/uploads\/2021\/08\/Eltern-und-Schuelervertretung-768x512.jpg 768w, https:\/\/heinrich-bussmann-schule.de\/wp-content\/uploads\/2021\/08\/Eltern-und-Schuelervertretung-1536x1024.jpg 1536w, https:\/\/heinrich-bussmann-schule.de\/wp-content\/uploads\/2021\/08\/Eltern-und-Schuelervertretung-2048x1365.jpg 2048w, https:\/\/heinrich-bussmann-schule.de\/wp-content\/uploads\/2021\/08\/Eltern-und-Schuelervertretung-660x440.jpg 660w, https:\/\/heinrich-bussmann-schule.de\/wp-content\/uploads\/2021\/08\/Eltern-und-Schuelervertretung-1000x667.jpg 1000w, https:\/\/heinrich-bussmann-schule.de\/wp-content\/uploads\/2021\/08\/Eltern-und-Schuelervertretung-373x248.jpg 373w\" sizes=\"(max-width: 2560px) 100vw, 2560px\" \/><\/p>\n<p class=\"intro\">Sch\u00fcler:innen und Eltern bzw. Erziehungsberechtigte k\u00f6nnen bei der Gestaltung des Schulwesens wesentlich beitragen.<\/p>\n<p><span class=\"dropcap\">E<\/span>ltern haben nicht nur das Recht, die Schule ihres Kindes mitzugestalten. Es kann auch Spa\u00df machen, jenen Ort kennenzulernen, an dem ihr Kind lernt. Wer sich engagiert, bekommt wichtige Informationen, bringt eigene Ideen und wenn n\u00f6tig auch Kritik ein.<\/p>\n<p><strong>Die Klassenpflegschaft <\/strong><br \/>\nDie erste Ebene ist die Schulklasse: Hier k\u00f6nnen Eltern im Rahmen von Klassenpflegschaftssitzungen (Elternabenden) t\u00e4tig werden. Sie bekommen wichtige Informationen \u00fcber Angelegenheiten der Schule, vor allem aber \u00fcber die Unterrichts- und Erziehungsarbeit der Klasse.<\/p>\n<p><strong>Die Schulpflegschaft<\/strong><br \/>\nDie n\u00e4chste Ebene ist die Schulebene: Die gew\u00e4hlten Vertreter aus den Klassenpflegschaften setzen sich f\u00fcr die Interessen der Eltern in der Schulpflegschaft ein. Diese vertritt die Interessen aller Eltern der Schule bei der Gestaltung der Bildungs- und Erziehungsarbeit der Schule. Sie ber\u00e4t und diskutiert \u00fcber alle wichtigen Angelegenheiten der Schule. Die Schulpflegschaft kann auch eigene Antr\u00e4ge an die Schulkonferenz richten, \u00fcber die dort entschieden wird.<\/p>\n<p><strong>Die Schulkonferenz<\/strong><br \/>\nSchulebene: Die Schulkonferenz ist das h\u00f6chste Gremium der Schule. Ihr geh\u00f6ren an einer Schule mit unserer Gr\u00f6\u00dfe zu gleichen Teilen im Verh\u00e4ltnis 1 : 1 : 1 aus Lehrkr\u00e4ften, Elternvertreter:innen und Sch\u00fcler:innen an. Die Schulkonferenz befasst sich mit allen grunds\u00e4tzlichen Angelegenheiten der Schule und vermittelt bei Konflikten innerhalb der Schule.<\/p>\n<p><strong>Die Sch\u00fclervertretung<\/strong><br \/>\nDie grunds\u00e4tzliche Aufgabe der Sch\u00fclervertretung besteht darin, das Mitspracherecht der Sch\u00fcler umzusetzen. Das bedeutet, dass die Sch\u00fclervertretung sich f\u00fcr die Interessen der Sch\u00fcler einsetzt und diese gegen\u00fcber der Schulleitung einbringt.<\/p>\n<p>Im Schuljahr 2024\/2025 sind die Sch\u00fclersprecherinnen<\/p>\n<p><em>Islaa Sleiman<br \/>\nShakira B\u00f6nisch<\/em><\/p>\n<p>&nbsp;<\/p>\n","protected":false},"excerpt":{"rendered":"<p>Sch\u00fcler:innen und Eltern bzw. Erziehungsberechtigte k\u00f6nnen bei der Gestaltung des Schulwesens wesentlich beitragen. Eltern haben nicht nur das Recht, die Schule ihres Kindes mitzugestalten. Es kann auch Spa\u00df machen, jenen&hellip; <a class=\"excerpt-more-link\" href=\"https:\/\/heinrich-bussmann-schule.de\/?page_id=48\">Weiterlesen<\/a><\/p>\n","protected":false},"author":2,"featured_media":0,"parent":36,"menu_order":6,"comment_status":"closed","ping_status":"closed","template":"","meta":{"ngg_post_thumbnail":0,"footnotes":""},"class_list":["post-48","page","type-page","status-publish","hentry"],"_links":{"self":[{"href":"https:\/\/heinrich-bussmann-schule.de\/index.php?rest_route=\/wp\/v2\/pages\/48","targetHints":{"allow":["GET"]}}],"collection":[{"href":"https:\/\/heinrich-bussmann-schule.de\/index.php?rest_route=\/wp\/v2\/pages"}],"about":[{"href":"https:\/\/heinrich-bussmann-schule.de\/index.php?rest_route=\/wp\/v2\/types\/page"}],"author":[{"embeddable":true,"href":"https:\/\/heinrich-bussmann-schule.de\/index.php?rest_route=\/wp\/v2\/users\/2"}],"replies":[{"embeddable":true,"href":"https:\/\/heinrich-bussmann-schule.de\/index.php?rest_route=%2Fwp%2Fv2%2Fcomments&post=48"}],"version-history":[{"count":7,"href":"https:\/\/heinrich-bussmann-schule.de\/index.php?rest_route=\/wp\/v2\/pages\/48\/revisions"}],"predecessor-version":[{"id":4035,"href":"https:\/\/heinrich-bussmann-schule.de\/index.php?rest_route=\/wp\/v2\/pages\/48\/revisions\/4035"}],"up":[{"embeddable":true,"href":"https:\/\/heinrich-bussmann-schule.de\/index.php?rest_route=\/wp\/v2\/pages\/36"}],"wp:attachment":[{"href":"https:\/\/heinrich-bussmann-schule.de\/index.php?rest_route=%2Fwp%2Fv2%2Fmedia&parent=48"}],"curies":[{"name":"wp","href":"https:\/\/api.w.org\/{rel}","templated":true}]}}