{"id":59,"date":"2021-06-03T14:24:53","date_gmt":"2021-06-03T12:24:53","guid":{"rendered":"https:\/\/www.heinrich-bussmann-schule.de\/?page_id=59"},"modified":"2024-12-20T09:42:28","modified_gmt":"2024-12-20T08:42:28","slug":"projekte","status":"publish","type":"page","link":"https:\/\/heinrich-bussmann-schule.de\/?page_id=59","title":{"rendered":"Angebote"},"content":{"rendered":"<p class=\"intro\">Mehr als nur Unterricht!<\/p>\n<p><span class=\"dropcap\">L<\/span>ehrstoff und klassischer Unterricht pr\u00e4gen den Schulalltag. Hausaufgabenhilfe, Arbeitsgemeinschaften und viele weitere Projekte sorgen daf\u00fcr, dass sich unsere Sch\u00fcler:innen mit der Heinrich-Bu\u00dfmann-Schule identifizieren.<\/p>\n<p><a href=\"https:\/\/heinrich-bussmann-schule.de\/?page_id=63\">Hausaufgabenbetreuung<\/a><br \/>\n<a href=\"https:\/\/heinrich-bussmann-schule.de\/?page_id=61\">Nachmittagsangebote<\/a><br \/>\n<a href=\"https:\/\/heinrich-bussmann-schule.de\/?page_id=70\">Schulsanit\u00e4tsdienst<\/a><br \/>\n<a href=\"https:\/\/heinrich-bussmann-schule.de\/?page_id=68\">Streitschlichtung<\/a><\/p>\n","protected":false},"excerpt":{"rendered":"<p>Mehr als nur Unterricht! Lehrstoff und klassischer Unterricht pr\u00e4gen den Schulalltag. Hausaufgabenhilfe, Arbeitsgemeinschaften und viele weitere Projekte sorgen daf\u00fcr, dass sich unsere Sch\u00fcler:innen mit der Heinrich-Bu\u00dfmann-Schule identifizieren. Hausaufgabenbetreuung Nachmittagsangebote Schulsanit\u00e4tsdienst&hellip; <a class=\"excerpt-more-link\" href=\"https:\/\/heinrich-bussmann-schule.de\/?page_id=59\">Weiterlesen<\/a><\/p>\n","protected":false},"author":2,"featured_media":0,"parent":0,"menu_order":4,"comment_status":"closed","ping_status":"closed","template":"","meta":{"ngg_post_thumbnail":0,"footnotes":""},"class_list":["post-59","page","type-page","status-publish","hentry"],"_links":{"self":[{"href":"https:\/\/heinrich-bussmann-schule.de\/index.php?rest_route=\/wp\/v2\/pages\/59","targetHints":{"allow":["GET"]}}],"collection":[{"href":"https:\/\/heinrich-bussmann-schule.de\/index.php?rest_route=\/wp\/v2\/pages"}],"about":[{"href":"https:\/\/heinrich-bussmann-schule.de\/index.php?rest_route=\/wp\/v2\/types\/page"}],"author":[{"embeddable":true,"href":"https:\/\/heinrich-bussmann-schule.de\/index.php?rest_route=\/wp\/v2\/users\/2"}],"replies":[{"embeddable":true,"href":"https:\/\/heinrich-bussmann-schule.de\/index.php?rest_route=%2Fwp%2Fv2%2Fcomments&post=59"}],"version-history":[{"count":7,"href":"https:\/\/heinrich-bussmann-schule.de\/index.php?rest_route=\/wp\/v2\/pages\/59\/revisions"}],"predecessor-version":[{"id":4115,"href":"https:\/\/heinrich-bussmann-schule.de\/index.php?rest_route=\/wp\/v2\/pages\/59\/revisions\/4115"}],"wp:attachment":[{"href":"https:\/\/heinrich-bussmann-schule.de\/index.php?rest_route=%2Fwp%2Fv2%2Fmedia&parent=59"}],"curies":[{"name":"wp","href":"https:\/\/api.w.org\/{rel}","templated":true}]}}