{"id":63,"date":"2021-06-03T14:26:39","date_gmt":"2021-06-03T12:26:39","guid":{"rendered":"https:\/\/www.heinrich-bussmann-schule.de\/?page_id=63"},"modified":"2022-12-22T19:39:29","modified_gmt":"2022-12-22T18:39:29","slug":"hausaufgabenbetreuung","status":"publish","type":"page","link":"https:\/\/heinrich-bussmann-schule.de\/?page_id=63","title":{"rendered":"Hausaufgabenbetreuung"},"content":{"rendered":"<p><img fetchpriority=\"high\" decoding=\"async\" class=\"aligncenter size-full wp-image-505\" src=\"https:\/\/heinrich-bussmann-schule.de\/wp-content\/uploads\/2021\/06\/Hausaufgabenbetreuung-scaled.jpg\" alt=\"Hausaufgabenbetreuung\" width=\"2560\" height=\"1707\" srcset=\"https:\/\/heinrich-bussmann-schule.de\/wp-content\/uploads\/2021\/06\/Hausaufgabenbetreuung-scaled.jpg 2560w, https:\/\/heinrich-bussmann-schule.de\/wp-content\/uploads\/2021\/06\/Hausaufgabenbetreuung-300x200.jpg 300w, https:\/\/heinrich-bussmann-schule.de\/wp-content\/uploads\/2021\/06\/Hausaufgabenbetreuung-1024x683.jpg 1024w, https:\/\/heinrich-bussmann-schule.de\/wp-content\/uploads\/2021\/06\/Hausaufgabenbetreuung-768x512.jpg 768w, https:\/\/heinrich-bussmann-schule.de\/wp-content\/uploads\/2021\/06\/Hausaufgabenbetreuung-1536x1024.jpg 1536w, https:\/\/heinrich-bussmann-schule.de\/wp-content\/uploads\/2021\/06\/Hausaufgabenbetreuung-2048x1365.jpg 2048w, https:\/\/heinrich-bussmann-schule.de\/wp-content\/uploads\/2021\/06\/Hausaufgabenbetreuung-660x440.jpg 660w, https:\/\/heinrich-bussmann-schule.de\/wp-content\/uploads\/2021\/06\/Hausaufgabenbetreuung-1000x667.jpg 1000w, https:\/\/heinrich-bussmann-schule.de\/wp-content\/uploads\/2021\/06\/Hausaufgabenbetreuung-373x248.jpg 373w\" sizes=\"(max-width: 2560px) 100vw, 2560px\" \/><\/p>\n<p class=\"intro\">Nicht allen Sch\u00fcler:innen f\u00e4llt es leicht, die Hausaufgaben zu erledigen. Als Unterst\u00fctzung bietet die HBS die Hausaufgabenbetreuung an.<\/p>\n<p><span class=\"dropcap\">I<\/span>m Rahmen dieser Hausaufgabenbetreuung erhalten unsere Sch\u00fcler:innen die M\u00f6glichkeit, ihre Hausaufgaben in einer ruhigen und angenehmen Lernatmosph\u00e4re zu erledigen. Hierbei orientieren wir uns an dem Prinzip \u201eHilfe zur Selbsthilfe&#8220;. Ihr Kind erh\u00e4lt Hilfestellungen und Anleitungen zum selbstst\u00e4ndigen und konzentrierten Bearbeiten der Aufgaben. Dieses Angebot beinhaltet daher keine Nachhilfe.<\/p>\n<p>F\u00fcr die Hausaufgabenbetreuung ist keine vorherige Anmeldung erforderlich.&nbsp;<\/p>\n<p>Dienstags von 13.45 Uhr bis 14.45 Uhr,<br \/>\nMittwochs von 13.45 Uhr bis 14.45 Uhr und<br \/>\nDonnerstags von 13.45 Uhr bis 14.45 Uhr.<\/p>\n<p><img decoding=\"async\" class=\"aligncenter wp-image-510 size-full\" src=\"https:\/\/heinrich-bussmann-schule.de\/wp-content\/uploads\/2021\/06\/Hausaufgabenbetreuung-2-scaled.jpg\" alt=\"Hausaufgabenbetreuung \" width=\"2560\" height=\"1706\" srcset=\"https:\/\/heinrich-bussmann-schule.de\/wp-content\/uploads\/2021\/06\/Hausaufgabenbetreuung-2-scaled.jpg 2560w, https:\/\/heinrich-bussmann-schule.de\/wp-content\/uploads\/2021\/06\/Hausaufgabenbetreuung-2-300x200.jpg 300w, https:\/\/heinrich-bussmann-schule.de\/wp-content\/uploads\/2021\/06\/Hausaufgabenbetreuung-2-1024x683.jpg 1024w, https:\/\/heinrich-bussmann-schule.de\/wp-content\/uploads\/2021\/06\/Hausaufgabenbetreuung-2-768x512.jpg 768w, https:\/\/heinrich-bussmann-schule.de\/wp-content\/uploads\/2021\/06\/Hausaufgabenbetreuung-2-1536x1024.jpg 1536w, https:\/\/heinrich-bussmann-schule.de\/wp-content\/uploads\/2021\/06\/Hausaufgabenbetreuung-2-2048x1365.jpg 2048w, https:\/\/heinrich-bussmann-schule.de\/wp-content\/uploads\/2021\/06\/Hausaufgabenbetreuung-2-660x440.jpg 660w, https:\/\/heinrich-bussmann-schule.de\/wp-content\/uploads\/2021\/06\/Hausaufgabenbetreuung-2-1000x667.jpg 1000w, https:\/\/heinrich-bussmann-schule.de\/wp-content\/uploads\/2021\/06\/Hausaufgabenbetreuung-2-373x248.jpg 373w\" sizes=\"(max-width: 2560px) 100vw, 2560px\" \/><\/p>\n","protected":false},"excerpt":{"rendered":"<p>Nicht allen Sch\u00fcler:innen f\u00e4llt es leicht, die Hausaufgaben zu erledigen. Als Unterst\u00fctzung bietet die HBS die Hausaufgabenbetreuung an. Im Rahmen dieser Hausaufgabenbetreuung erhalten unsere Sch\u00fcler:innen die M\u00f6glichkeit, ihre Hausaufgaben in&hellip; <a class=\"excerpt-more-link\" href=\"https:\/\/heinrich-bussmann-schule.de\/?page_id=63\">Weiterlesen<\/a><\/p>\n","protected":false},"author":2,"featured_media":505,"parent":59,"menu_order":2,"comment_status":"closed","ping_status":"closed","template":"","meta":{"ngg_post_thumbnail":0,"footnotes":""},"class_list":["post-63","page","type-page","status-publish","has-post-thumbnail","hentry"],"_links":{"self":[{"href":"https:\/\/heinrich-bussmann-schule.de\/index.php?rest_route=\/wp\/v2\/pages\/63","targetHints":{"allow":["GET"]}}],"collection":[{"href":"https:\/\/heinrich-bussmann-schule.de\/index.php?rest_route=\/wp\/v2\/pages"}],"about":[{"href":"https:\/\/heinrich-bussmann-schule.de\/index.php?rest_route=\/wp\/v2\/types\/page"}],"author":[{"embeddable":true,"href":"https:\/\/heinrich-bussmann-schule.de\/index.php?rest_route=\/wp\/v2\/users\/2"}],"replies":[{"embeddable":true,"href":"https:\/\/heinrich-bussmann-schule.de\/index.php?rest_route=%2Fwp%2Fv2%2Fcomments&post=63"}],"version-history":[{"count":6,"href":"https:\/\/heinrich-bussmann-schule.de\/index.php?rest_route=\/wp\/v2\/pages\/63\/revisions"}],"predecessor-version":[{"id":3177,"href":"https:\/\/heinrich-bussmann-schule.de\/index.php?rest_route=\/wp\/v2\/pages\/63\/revisions\/3177"}],"up":[{"embeddable":true,"href":"https:\/\/heinrich-bussmann-schule.de\/index.php?rest_route=\/wp\/v2\/pages\/59"}],"wp:featuredmedia":[{"embeddable":true,"href":"https:\/\/heinrich-bussmann-schule.de\/index.php?rest_route=\/wp\/v2\/media\/505"}],"wp:attachment":[{"href":"https:\/\/heinrich-bussmann-schule.de\/index.php?rest_route=%2Fwp%2Fv2%2Fmedia&parent=63"}],"curies":[{"name":"wp","href":"https:\/\/api.w.org\/{rel}","templated":true}]}}