{"id":70,"date":"2021-06-03T14:30:35","date_gmt":"2021-06-03T12:30:35","guid":{"rendered":"https:\/\/www.heinrich-bussmann-schule.de\/?page_id=70"},"modified":"2021-09-20T09:36:04","modified_gmt":"2021-09-20T07:36:04","slug":"schulsanitaetsdienst","status":"publish","type":"page","link":"https:\/\/heinrich-bussmann-schule.de\/?page_id=70","title":{"rendered":"Schulsanit\u00e4tsdienst"},"content":{"rendered":"<p><img fetchpriority=\"high\" decoding=\"async\" class=\"aligncenter wp-image-538 size-large\" src=\"https:\/\/heinrich-bussmann-schule.de\/wp-content\/uploads\/2021\/06\/Schulsanitaetsdienst-1024x683.jpg\" alt=\"Schulsanit\u00e4tsdienst\" width=\"660\" height=\"440\" srcset=\"https:\/\/heinrich-bussmann-schule.de\/wp-content\/uploads\/2021\/06\/Schulsanitaetsdienst-1024x683.jpg 1024w, https:\/\/heinrich-bussmann-schule.de\/wp-content\/uploads\/2021\/06\/Schulsanitaetsdienst-300x200.jpg 300w, https:\/\/heinrich-bussmann-schule.de\/wp-content\/uploads\/2021\/06\/Schulsanitaetsdienst-768x512.jpg 768w, https:\/\/heinrich-bussmann-schule.de\/wp-content\/uploads\/2021\/06\/Schulsanitaetsdienst-1536x1024.jpg 1536w, https:\/\/heinrich-bussmann-schule.de\/wp-content\/uploads\/2021\/06\/Schulsanitaetsdienst-2048x1365.jpg 2048w, https:\/\/heinrich-bussmann-schule.de\/wp-content\/uploads\/2021\/06\/Schulsanitaetsdienst-660x440.jpg 660w, https:\/\/heinrich-bussmann-schule.de\/wp-content\/uploads\/2021\/06\/Schulsanitaetsdienst-1000x667.jpg 1000w, https:\/\/heinrich-bussmann-schule.de\/wp-content\/uploads\/2021\/06\/Schulsanitaetsdienst-373x248.jpg 373w\" sizes=\"(max-width: 660px) 100vw, 660px\" \/><\/p>\n<p class=\"intro\">An der Heinrich-Bu\u00dfmann-Schule \u00fcbernehmen Sch\u00fcler:innen Verantwortung f\u00fcr ihre Mitsch\u00fcler:innen. Sie helfen, wo es n\u00f6tig ist und k\u00f6nnen in Notsituationen qualifiziert Erste Hilfe leisten.<\/p>\n<p><span class=\"dropcap\">B<\/span>ereits seit Jahren ist der Schulsanit\u00e4tsdienst ein wichtiger Teil unserer Schulgemeinschaft. Er gew\u00e4hrleistet die schnelle und sichere medizinische Versorgung von erkrankten und verletzten Mitsch\u00fcler:innen in den verschiedenen Bereichen des Schullebens. Ob im Schulalltag, bei Sportveranstaltungen oder auch Ausfl\u00fcgen &#8211; die Erstversorgung ist jederzeit sichergestellt.<\/p>\n<p>Unsere Schulsanit\u00e4ter:innen werden speziell f\u00fcr ihre Aufgaben durch die Johanniter Hilfs- und Wohlfahrtsorganisationen geschult und von erfahrenen Kollegen unterst\u00fctzt.<br \/>\nNicht selten \u00fcbernehmen unsere Sch\u00fcler:innen diesen Dienst in h\u00f6hrenen Stufen als freiwilliges Engagement.<\/p>\n<p>F\u00fcr deren berufliches Leben vermerken wir diese zusetzliche Qualifikation auf dem Zeugnis unserer Sch\u00fcler:innen.<\/p>\n<p><img decoding=\"async\" src=\"https:\/\/heinrich-bussmann-schule.de\/wp-content\/uploads\/2021\/08\/Schulsanitaetsdienst-2-scaled.jpg\" alt=\"Schulsanit\u00e4tsdienst \" width=\"2560\" height=\"1707\" class=\"alignnone size-full wp-image-791\" srcset=\"https:\/\/heinrich-bussmann-schule.de\/wp-content\/uploads\/2021\/08\/Schulsanitaetsdienst-2-scaled.jpg 2560w, https:\/\/heinrich-bussmann-schule.de\/wp-content\/uploads\/2021\/08\/Schulsanitaetsdienst-2-300x200.jpg 300w, https:\/\/heinrich-bussmann-schule.de\/wp-content\/uploads\/2021\/08\/Schulsanitaetsdienst-2-1024x683.jpg 1024w, https:\/\/heinrich-bussmann-schule.de\/wp-content\/uploads\/2021\/08\/Schulsanitaetsdienst-2-768x512.jpg 768w, https:\/\/heinrich-bussmann-schule.de\/wp-content\/uploads\/2021\/08\/Schulsanitaetsdienst-2-1536x1024.jpg 1536w, https:\/\/heinrich-bussmann-schule.de\/wp-content\/uploads\/2021\/08\/Schulsanitaetsdienst-2-2048x1365.jpg 2048w, https:\/\/heinrich-bussmann-schule.de\/wp-content\/uploads\/2021\/08\/Schulsanitaetsdienst-2-660x440.jpg 660w, https:\/\/heinrich-bussmann-schule.de\/wp-content\/uploads\/2021\/08\/Schulsanitaetsdienst-2-1000x667.jpg 1000w, https:\/\/heinrich-bussmann-schule.de\/wp-content\/uploads\/2021\/08\/Schulsanitaetsdienst-2-373x248.jpg 373w\" sizes=\"(max-width: 2560px) 100vw, 2560px\" \/><\/p>\n","protected":false},"excerpt":{"rendered":"<p>An der Heinrich-Bu\u00dfmann-Schule \u00fcbernehmen Sch\u00fcler:innen Verantwortung f\u00fcr ihre Mitsch\u00fcler:innen. Sie helfen, wo es n\u00f6tig ist und k\u00f6nnen in Notsituationen qualifiziert Erste Hilfe leisten. Bereits seit Jahren ist der Schulsanit\u00e4tsdienst ein&hellip; <a class=\"excerpt-more-link\" href=\"https:\/\/heinrich-bussmann-schule.de\/?page_id=70\">Weiterlesen<\/a><\/p>\n","protected":false},"author":2,"featured_media":0,"parent":59,"menu_order":5,"comment_status":"closed","ping_status":"closed","template":"","meta":{"ngg_post_thumbnail":0,"footnotes":""},"class_list":["post-70","page","type-page","status-publish","hentry"],"_links":{"self":[{"href":"https:\/\/heinrich-bussmann-schule.de\/index.php?rest_route=\/wp\/v2\/pages\/70","targetHints":{"allow":["GET"]}}],"collection":[{"href":"https:\/\/heinrich-bussmann-schule.de\/index.php?rest_route=\/wp\/v2\/pages"}],"about":[{"href":"https:\/\/heinrich-bussmann-schule.de\/index.php?rest_route=\/wp\/v2\/types\/page"}],"author":[{"embeddable":true,"href":"https:\/\/heinrich-bussmann-schule.de\/index.php?rest_route=\/wp\/v2\/users\/2"}],"replies":[{"embeddable":true,"href":"https:\/\/heinrich-bussmann-schule.de\/index.php?rest_route=%2Fwp%2Fv2%2Fcomments&post=70"}],"version-history":[{"count":2,"href":"https:\/\/heinrich-bussmann-schule.de\/index.php?rest_route=\/wp\/v2\/pages\/70\/revisions"}],"predecessor-version":[{"id":2341,"href":"https:\/\/heinrich-bussmann-schule.de\/index.php?rest_route=\/wp\/v2\/pages\/70\/revisions\/2341"}],"up":[{"embeddable":true,"href":"https:\/\/heinrich-bussmann-schule.de\/index.php?rest_route=\/wp\/v2\/pages\/59"}],"wp:attachment":[{"href":"https:\/\/heinrich-bussmann-schule.de\/index.php?rest_route=%2Fwp%2Fv2%2Fmedia&parent=70"}],"curies":[{"name":"wp","href":"https:\/\/api.w.org\/{rel}","templated":true}]}}