{"id":74,"date":"2021-06-03T15:13:39","date_gmt":"2021-06-03T13:13:39","guid":{"rendered":"https:\/\/www.heinrich-bussmann-schule.de\/?page_id=74"},"modified":"2021-11-03T08:51:20","modified_gmt":"2021-11-03T07:51:20","slug":"inklusion","status":"publish","type":"page","link":"https:\/\/heinrich-bussmann-schule.de\/?page_id=74","title":{"rendered":"Inklusion"},"content":{"rendered":"<p><img fetchpriority=\"high\" decoding=\"async\" class=\"aligncenter wp-image-188 size-full\" src=\"https:\/\/heinrich-bussmann-schule.de\/wp-content\/uploads\/2021\/06\/Gemeinschaft-scaled.jpg\" alt=\"Gemeinschaft\" width=\"2560\" height=\"1707\" srcset=\"https:\/\/heinrich-bussmann-schule.de\/wp-content\/uploads\/2021\/06\/Gemeinschaft-scaled.jpg 2560w, https:\/\/heinrich-bussmann-schule.de\/wp-content\/uploads\/2021\/06\/Gemeinschaft-300x200.jpg 300w, https:\/\/heinrich-bussmann-schule.de\/wp-content\/uploads\/2021\/06\/Gemeinschaft-1024x683.jpg 1024w, https:\/\/heinrich-bussmann-schule.de\/wp-content\/uploads\/2021\/06\/Gemeinschaft-768x512.jpg 768w, https:\/\/heinrich-bussmann-schule.de\/wp-content\/uploads\/2021\/06\/Gemeinschaft-1536x1024.jpg 1536w, https:\/\/heinrich-bussmann-schule.de\/wp-content\/uploads\/2021\/06\/Gemeinschaft-2048x1365.jpg 2048w, https:\/\/heinrich-bussmann-schule.de\/wp-content\/uploads\/2021\/06\/Gemeinschaft-660x440.jpg 660w, https:\/\/heinrich-bussmann-schule.de\/wp-content\/uploads\/2021\/06\/Gemeinschaft-1000x667.jpg 1000w, https:\/\/heinrich-bussmann-schule.de\/wp-content\/uploads\/2021\/06\/Gemeinschaft-373x248.jpg 373w\" sizes=\"(max-width: 2560px) 100vw, 2560px\" \/><\/p>\n<p class=\"intro\">Der Herausforderung inklusive Strukturen zu schaffen, begegnete die Heinrich-Bu\u00dfmann-Schule zun\u00e4chst durch die Teilnahme am ruhrgebietsweiten Projekt &#8222;Inkluvision&#8220; der Aktion Mensch als einzige Schule im Kreis Unna.<\/p>\n<p><span class=\"dropcap\">I<\/span>nklusive Schulentwicklung bedeutet f\u00fcr die HBS gleichberechtigtes, chancengleiches Lernen f\u00fcr alle Sch\u00fcler:innen. Bei der Entwicklung einer inklusiven Schulkultur sind alle am Prozess Beteiligte \u201eGewinner&#8220; dieser Kultur, gleichzeitig aber auch in den Entwicklungsprozess miteingebunden: Vom Kollegium, \u00fcber die Schulsozialarbeiter:innen, vom Sekret\u00e4t bis zum Hausmeister, vom Schulleitungsteam bis zu den Eltern und nat\u00fcrlich den Sch\u00fcler:innen selbst.<\/p>\n<p>Auf dem Weg zu einer inklusiven Schule gewann die Heinrich -Bu\u00dfmann-Schule im M\u00e4rz 2013 und im April 2015 zweimal den ersten Platz beim F\u00f6rderpreis f\u00fcr inklusive Schulentwicklung im Kreis Unna.<\/p>\n<p>Die Kriterien lauteten bei der ersten Ausschreibung &#8222;willkommen hei\u00dfender Umgang mit Heterogenit\u00e4t&#8220;, &#8222;Gestaltung inklusiver Lehr- und Lernprozesse&#8220;, sowie die &#8222;Kultur des Behaltens&#8220;. Die Entwicklung in den ersten beiden Kriterien wurde von der Jury ausdr\u00fccklich gelobt. Die erfolgreiche Einbindung einer integrativen Lerngruppe in ein Jugendtheaterfestival \u00fcbertrifft Standards und zeigt auch den Willen, gelebte Inklusion au\u00dferhalb des schulischen Lernens bekannt und transparent zu machen&#8220;.<\/p>\n<p>Bei der zweiten Ausschreibung lag der Schwerpunkt auf der Entwicklung und Durchf\u00fchrung nachhaltiger Projekte zur Gestaltung inklusiven Schullebens.<br \/>\nIn Zusammenarbeit mit den Sonderp\u00e4dagog:innen entstand das Projekt &#8222;Mit Feuer und Flamme an der HBS&#8220;, ein ganzj\u00e4hriges, feuerp\u00e4dagogisches Projekt f\u00fcr 40 Sch\u00fcler:innen. Feuer ist ein perfektes Medium zum Lernen.<\/p>\n<p>Feuerp\u00e4dagogik schafft Momente und Situationen des Lernens, der pers\u00f6nlichen Bereicherung, des Wohlbehagens. Als Ziele im Vordergrund stehen das Erkennen der eigenen St\u00e4rken, das richtige Einsch\u00e4tzen und Nutzen der eigenen St\u00e4rken sowie der Aufbau eines positiven Selbst- und Gruppenbildes. \u00dcbergeordnetes Ziel ist es, ein nachhaltiges Angebot der au\u00dferschulischen F\u00f6rderung im Schulalltag zu implementieren, in dem die Kinder und Jugendlichen ihre eigenen F\u00e4higkeiten neu erleben und weiterentwickeln. Dieses Projekt wurde im Schuljahr 2015\/2016 an der HBS umgesetzt.<\/p>\n<p><img decoding=\"async\" src=\"https:\/\/heinrich-bussmann-schule.de\/wp-content\/uploads\/2021\/06\/Unterstuetzung-2-scaled.jpg\" alt=\"Unterst\u00fctzung 2\" width=\"2560\" height=\"1706\" class=\"aligncenter size-full wp-image-193\" srcset=\"https:\/\/heinrich-bussmann-schule.de\/wp-content\/uploads\/2021\/06\/Unterstuetzung-2-scaled.jpg 2560w, https:\/\/heinrich-bussmann-schule.de\/wp-content\/uploads\/2021\/06\/Unterstuetzung-2-300x200.jpg 300w, https:\/\/heinrich-bussmann-schule.de\/wp-content\/uploads\/2021\/06\/Unterstuetzung-2-1024x683.jpg 1024w, https:\/\/heinrich-bussmann-schule.de\/wp-content\/uploads\/2021\/06\/Unterstuetzung-2-768x512.jpg 768w, https:\/\/heinrich-bussmann-schule.de\/wp-content\/uploads\/2021\/06\/Unterstuetzung-2-1536x1024.jpg 1536w, https:\/\/heinrich-bussmann-schule.de\/wp-content\/uploads\/2021\/06\/Unterstuetzung-2-2048x1365.jpg 2048w, https:\/\/heinrich-bussmann-schule.de\/wp-content\/uploads\/2021\/06\/Unterstuetzung-2-660x440.jpg 660w, https:\/\/heinrich-bussmann-schule.de\/wp-content\/uploads\/2021\/06\/Unterstuetzung-2-1000x667.jpg 1000w, https:\/\/heinrich-bussmann-schule.de\/wp-content\/uploads\/2021\/06\/Unterstuetzung-2-373x248.jpg 373w\" sizes=\"(max-width: 2560px) 100vw, 2560px\" \/><br \/>\nWeitere Konzeptbausteine sind:<\/p>\n<ul>\n<li>regelm\u00e4\u00dfige Teamsitzungen mit Fachkolleg:innenen und Sonderp\u00e4dagog:innenen<\/li>\n<li>SchiLf zum Thema &#8222;Inklusion in der Praxis&#8220;<\/li>\n<li>differenziertes Lehrmaterial; oft in Eigenherstellung<\/li>\n<li>Arbeit an differenzierten Curricula f\u00fcr zieldifferent zu unterrichtende Sch\u00fcler:innen und die Erstellung eines Konzeptes zur inklusiven Schulentwicklung<\/li>\n<\/ul>\n<p>Erg\u00e4nzend zu diesen Ausf\u00fchrungen sieht das Konzept zur inklusiven Schulentwicklung an der HBS folgende Eckpunkte vor, die zum Teil auch erweiterter Ressourcen bed\u00fcrfen:<\/p>\n<ul>\n<li>Einsatz der Sonderp\u00e4dagog:innenen im Klassenleitungsteam<\/li>\n<li>Einsatz der Sonderp\u00e4dagog:innenen in nicht mehr als zwei Klassen<\/li>\n<li>Fest implementierte Diagnose- und \u00dcbergabebesuche an den abgebenden Grund- und F\u00f6rderschulen<\/li>\n<li>Die Parallelsetzung der Hauptf\u00e4cher in der Erprobungsstufe, zus\u00e4tzlich zur Differenzierung ab der Klasse 7, zur klassen\u00fcbergreifenden Differenzierung von Sch\u00fcler:innen mit Unterst\u00fctzungsbedarf, ob durch AO-SF festgestellt oder nicht.<\/li>\n<\/ul>\n<p>Aktuell arbeitet die HBS gemeinsam mit der Schulleitung, ihren Sonderp\u00e4dagog:innenen, der Stadt L\u00fcnen und einem Raumkonzeptplaner an einem besonderen Raumkonzept f\u00fcr Sch\u00fcler:innen mit sonderp\u00e4dagogischem F\u00f6rderbedarf um diese optimal zu beschulen und deren Anspr\u00fcchen gerecht zu werden.<\/p>\n<p><strong>Testausleihe<\/strong><br \/>\n<a href=\"&#109;&#x61;&#x69;l&#116;&#x6f;:&#84;&#x65;&#x73;&#116;&#x61;&#x75;s&#108;&#x65;i&#104;&#x65;&#x40;&#98;&#x75;&#x73;s&#109;&#x61;n&#110;&#x73;&#x63;&#104;&#x75;&#x6c;e&#46;&#x64;e\">&#x54;&#x65;&#115;&#116;&#97;u&#x73;&#x6c;&#x65;&#105;&#104;e&#64;&#x62;&#x75;&#x73;&#115;&#109;a&#x6e;&#x6e;&#x73;&#99;&#104;&#117;l&#x65;&#x2e;&#x64;&#101;<\/a><\/p>\n","protected":false},"excerpt":{"rendered":"<p>Der Herausforderung inklusive Strukturen zu schaffen, begegnete die Heinrich-Bu\u00dfmann-Schule zun\u00e4chst durch die Teilnahme am ruhrgebietsweiten Projekt &#8222;Inkluvision&#8220; der Aktion Mensch als einzige Schule im Kreis Unna. Inklusive Schulentwicklung bedeutet f\u00fcr&hellip; <a class=\"excerpt-more-link\" href=\"https:\/\/heinrich-bussmann-schule.de\/?page_id=74\">Weiterlesen<\/a><\/p>\n","protected":false},"author":2,"featured_media":188,"parent":11,"menu_order":3,"comment_status":"closed","ping_status":"closed","template":"","meta":{"ngg_post_thumbnail":0,"footnotes":""},"class_list":["post-74","page","type-page","status-publish","has-post-thumbnail","hentry"],"_links":{"self":[{"href":"https:\/\/heinrich-bussmann-schule.de\/index.php?rest_route=\/wp\/v2\/pages\/74","targetHints":{"allow":["GET"]}}],"collection":[{"href":"https:\/\/heinrich-bussmann-schule.de\/index.php?rest_route=\/wp\/v2\/pages"}],"about":[{"href":"https:\/\/heinrich-bussmann-schule.de\/index.php?rest_route=\/wp\/v2\/types\/page"}],"author":[{"embeddable":true,"href":"https:\/\/heinrich-bussmann-schule.de\/index.php?rest_route=\/wp\/v2\/users\/2"}],"replies":[{"embeddable":true,"href":"https:\/\/heinrich-bussmann-schule.de\/index.php?rest_route=%2Fwp%2Fv2%2Fcomments&post=74"}],"version-history":[{"count":3,"href":"https:\/\/heinrich-bussmann-schule.de\/index.php?rest_route=\/wp\/v2\/pages\/74\/revisions"}],"predecessor-version":[{"id":2449,"href":"https:\/\/heinrich-bussmann-schule.de\/index.php?rest_route=\/wp\/v2\/pages\/74\/revisions\/2449"}],"up":[{"embeddable":true,"href":"https:\/\/heinrich-bussmann-schule.de\/index.php?rest_route=\/wp\/v2\/pages\/11"}],"wp:featuredmedia":[{"embeddable":true,"href":"https:\/\/heinrich-bussmann-schule.de\/index.php?rest_route=\/wp\/v2\/media\/188"}],"wp:attachment":[{"href":"https:\/\/heinrich-bussmann-schule.de\/index.php?rest_route=%2Fwp%2Fv2%2Fmedia&parent=74"}],"curies":[{"name":"wp","href":"https:\/\/api.w.org\/{rel}","templated":true}]}}