{"id":76,"date":"2021-06-03T15:15:06","date_gmt":"2021-06-03T13:15:06","guid":{"rendered":"https:\/\/www.heinrich-bussmann-schule.de\/?page_id=76"},"modified":"2021-09-11T17:03:34","modified_gmt":"2021-09-11T15:03:34","slug":"go-in-sprachfoerderung","status":"publish","type":"page","link":"https:\/\/heinrich-bussmann-schule.de\/?page_id=76","title":{"rendered":"Go-In &#8211; Sprachf\u00f6rderung"},"content":{"rendered":"<p><img fetchpriority=\"high\" decoding=\"async\" class=\"alignnone size-full wp-image-1169\" src=\"https:\/\/heinrich-bussmann-schule.de\/wp-content\/uploads\/2021\/08\/Schrachfoerderung-02-scaled.jpg\" alt=\"\" width=\"2560\" height=\"1707\" srcset=\"https:\/\/heinrich-bussmann-schule.de\/wp-content\/uploads\/2021\/08\/Schrachfoerderung-02-scaled.jpg 2560w, https:\/\/heinrich-bussmann-schule.de\/wp-content\/uploads\/2021\/08\/Schrachfoerderung-02-300x200.jpg 300w, https:\/\/heinrich-bussmann-schule.de\/wp-content\/uploads\/2021\/08\/Schrachfoerderung-02-1024x683.jpg 1024w, https:\/\/heinrich-bussmann-schule.de\/wp-content\/uploads\/2021\/08\/Schrachfoerderung-02-768x512.jpg 768w, https:\/\/heinrich-bussmann-schule.de\/wp-content\/uploads\/2021\/08\/Schrachfoerderung-02-1536x1024.jpg 1536w, https:\/\/heinrich-bussmann-schule.de\/wp-content\/uploads\/2021\/08\/Schrachfoerderung-02-2048x1365.jpg 2048w, https:\/\/heinrich-bussmann-schule.de\/wp-content\/uploads\/2021\/08\/Schrachfoerderung-02-660x440.jpg 660w, https:\/\/heinrich-bussmann-schule.de\/wp-content\/uploads\/2021\/08\/Schrachfoerderung-02-1000x667.jpg 1000w, https:\/\/heinrich-bussmann-schule.de\/wp-content\/uploads\/2021\/08\/Schrachfoerderung-02-373x248.jpg 373w\" sizes=\"(max-width: 2560px) 100vw, 2560px\" \/><\/p>\n<p class=\"intro\">Hauptverantwortlich f\u00fcr die Sprachf\u00f6rderung an der Heinrich-Bu\u00dfmann-Schule ist unsere Kollegin Ramona Lerchner.<\/p>\n<p><span class=\"dropcap\">I<\/span>n den letzten Jahren hat sich durch den Zuzug vieler Fl\u00fcchtlingsfamilien die Schullandschaft in Deutschland deutlich ver\u00e4ndert. Es gibt viele Konzepte, die versuchen, dieser neuen Entwicklung Rechnung zu tragen und \u00fcber neue Formen des Unterrichtens die Sch\u00fcler:innen aus den verschiedenen Herkunftsl\u00e4ndern zu f\u00f6rdern, in den Schulalltag zu integrieren und die individuellen Gegebenheiten eines jeden Kindes\/Jugendlichen zu ber\u00fccksichtigen.<\/p>\n<p>Auch die Heinrich-Bu\u00dfmann-Schule hat sich diesen Neuerungen angepasst und sie in den t\u00e4glichen p\u00e4dagogischen Ablauf in Form eines integrativen Konzeptes des Kreises Unna eingearbeitet: dem Go-In-Konzept.<\/p>\n<p>Unsere Schule ist eine Go-In-Schule. Von unseren insgesamt 360 Sch\u00fcler:innen haben 49 % einen Migrationshintergrund. Von diesen sind 20% Go-In-Sch\u00fcler:innen, die ihrem Alter entsprechend in Regelklassen (Jahrgangsstufe 5 \u2013 10) beschult werden. Zus\u00e4tzlich erfahren sie mit ca. zehn Stunden pro Woche eine intensive individuelle Sprachf\u00f6rderung in der deutschen Sprache. Die vorherrschenden Familien- und Muttersprachen sind Polnisch, Syrisch, Russisch, Bulgarisch, Kurdisch, T\u00fcrkisch, Albanisch, Spanisch, Arabisch, Paschtu und Thail\u00e4ndisch.<\/p>\n<p><img decoding=\"async\" class=\"alignnone size-full wp-image-1167\" src=\"https:\/\/heinrich-bussmann-schule.de\/wp-content\/uploads\/2021\/08\/Multikulturell-scaled.jpg\" alt=\"\" width=\"2560\" height=\"1735\" srcset=\"https:\/\/heinrich-bussmann-schule.de\/wp-content\/uploads\/2021\/08\/Multikulturell-scaled.jpg 2560w, https:\/\/heinrich-bussmann-schule.de\/wp-content\/uploads\/2021\/08\/Multikulturell-300x203.jpg 300w, https:\/\/heinrich-bussmann-schule.de\/wp-content\/uploads\/2021\/08\/Multikulturell-1024x694.jpg 1024w, https:\/\/heinrich-bussmann-schule.de\/wp-content\/uploads\/2021\/08\/Multikulturell-768x521.jpg 768w, https:\/\/heinrich-bussmann-schule.de\/wp-content\/uploads\/2021\/08\/Multikulturell-1536x1041.jpg 1536w, https:\/\/heinrich-bussmann-schule.de\/wp-content\/uploads\/2021\/08\/Multikulturell-2048x1388.jpg 2048w, https:\/\/heinrich-bussmann-schule.de\/wp-content\/uploads\/2021\/08\/Multikulturell-660x447.jpg 660w, https:\/\/heinrich-bussmann-schule.de\/wp-content\/uploads\/2021\/08\/Multikulturell-1000x678.jpg 1000w\" sizes=\"(max-width: 2560px) 100vw, 2560px\" \/><\/p>\n<p>Nach einem einf\u00fchrenden Gespr\u00e4ch mit den Eltern, den Kindern und einem Dolmetscher teilen wir unsere neu zugewanderten Sch\u00fclerinnen und Sch\u00fcler entsprechend ihres K\u00f6nnens in f\u00fcnf unterschiedliche Gruppen ein:<\/p>\n<ol>\n<li>Indiv. F\u00f6rderung der Gruppe der absoluten \u201eSchriftlerner\u201c Sch\u00fcler:innen ohne Schulbesuch im Herkunftsland und\/oder<br \/>\nDeutschland, die weder die Muttersprache noch die lateinische Schriftsprache beherrschen.<\/li>\n<li>Indiv. F\u00f6rderung der Gruppe der \u201eSchriftsprachlerner\u201c Sch\u00fcler:innen, die aus Gebieten mit anderen Schriftzeichen<br \/>\nStammen (z.B. Arabisch\/Kyrillisch) und die die lateinische Schriftsprache nicht beherrschen.<\/li>\n<li>Indiv. F\u00f6rderung der Gruppe der \u201eSprachlerner\u201c Sch\u00fcler:innen, die die lateinische Schriftsprache in Ans\u00e4tzen<br \/>\noder fortgeschritten beherrschen jedoch keine Erfahrungen mit der deutschen Sprache haben.<\/li>\n<li>Indiv. F\u00f6rderung der Gruppe der \u201eSprachfortgeschrittene\u201c Sch\u00fcler:innen, die schon l\u00e4nger im deutschen Sprachraum<br \/>\nleben und die deutsche Sprache (m\u00fcndlich und schriftlich) rudiment\u00e4r beherrschen.<\/li>\n<li>Indiv. F\u00f6rderung der Gruppe der \u201eSprachprofis\u201c Sch\u00fcler:innen, die schon l\u00e4nger im deutschen Sprachraum leben und die \u00fcber einen andauernden Schulbesuch fachkundige Sprachkenntnisse der deutschen Sprache (m\u00fcndlich und schriftlich) erworben haben. Besonders f\u00fcr Sch\u00fcler:innen zur Pr\u00fcfungsvorbereitung und Wechsel in eine h\u00f6heres Bildungssystem.<\/li>\n<\/ol>\n<p><strong>Weitere institutionalisierte Punkte unseres Go-In-Konzeptes sind:<\/strong><\/p>\n<ul>\n<li>Aufbau eines Dolmetscher-Pools f\u00fcr die verschiedenen Familiensprachen<\/li>\n<li>Planung von Veranstaltungen mit Eltern \/ f\u00fcr Eltern (Elternsprechtage, Elternabende,\u2026)<\/li>\n<li>Erstellung verschiedensprachlicher Eltern- und Infobriefe, Vorlagen f\u00fcr Entschuldigungsschreiben und Hilfen im Alltag (Krankmeldungen des Kindes,\u2026)<\/li>\n<li>Einrichtung von Elternpatenschaften in unterrichtlichen und au\u00dferunterrichtlichen Bereichen<\/li>\n<li>Unterrichtsg\u00e4nge (Kennenlernen der Schule, der Schulumgebung, \u2026)<\/li>\n<li>au\u00dferschulische Projektangebote f\u00fcr unsere Go-In-Sch\u00fcler:innen (Bahnfahrten, Besuch eines B\u00e4ckers, Stadterkundungen,\u2026)<\/li>\n<li>Integration und Akzeptanz durch das Kennenlernen der verschiedenen Kulturen (gemeinsames Kochen landesspezifischer Rezepte,\u2026)<\/li>\n<li>Teilnahme an weiterf\u00fchrenden Fortbildungen durch die Lehrer (z.B. KI Unna)<\/li>\n<\/ul>\n<p>Zudem kooperiert unsere Schule mit einer Vielzahl von au\u00dferschulischen Institutionen und Partnern, um eine m\u00f6glichst individuelle F\u00f6rderung in vielen Bereichen f\u00fcr unsere Go-In-Sch\u00fcler:innen zu erlangen. So arbeiten wir zum Beispiel auch mit Sportvereinen in L\u00fcnen zusammen, sodass die Sch\u00fcler:innen nach Wunsch an verschiedenen Sportarten teilnehmen und so im allt\u00e4glichen Geschehen Kontakte zu anderen Jugendlichen aufbauen k\u00f6nnen. Auch ein Wechsel zu einer anderen weiterf\u00fchrenden Schulform (z.B. Gymnasium) wird bei entsprechenden Noten und Engagement unterst\u00fctzt, ein Austausch findet regelm\u00e4\u00dfig mit den entsprechenden Schulen statt.<\/p>\n<p>Das Sprachf\u00f6rderkonzept der Heinrich-Bu\u00dfmann-Schule unterliegt nach wie vor der Zuteilung von Fl\u00fcchtlingskindern und wird dementsprechend durch unsere BikUS und der DaZ \u2013 Lehrerin stets aktualisiert und modifiziert, eine sehr gro\u00dfe Herausforderung, der sich die HBS gerne stellt.<\/p>\n","protected":false},"excerpt":{"rendered":"<p>Hauptverantwortlich f\u00fcr die Sprachf\u00f6rderung an der Heinrich-Bu\u00dfmann-Schule ist unsere Kollegin Ramona Lerchner. In den letzten Jahren hat sich durch den Zuzug vieler Fl\u00fcchtlingsfamilien die Schullandschaft in Deutschland deutlich ver\u00e4ndert. Es&hellip; <a class=\"excerpt-more-link\" href=\"https:\/\/heinrich-bussmann-schule.de\/?page_id=76\">Weiterlesen<\/a><\/p>\n","protected":false},"author":2,"featured_media":0,"parent":11,"menu_order":4,"comment_status":"closed","ping_status":"closed","template":"","meta":{"ngg_post_thumbnail":0,"footnotes":""},"class_list":["post-76","page","type-page","status-publish","hentry"],"_links":{"self":[{"href":"https:\/\/heinrich-bussmann-schule.de\/index.php?rest_route=\/wp\/v2\/pages\/76","targetHints":{"allow":["GET"]}}],"collection":[{"href":"https:\/\/heinrich-bussmann-schule.de\/index.php?rest_route=\/wp\/v2\/pages"}],"about":[{"href":"https:\/\/heinrich-bussmann-schule.de\/index.php?rest_route=\/wp\/v2\/types\/page"}],"author":[{"embeddable":true,"href":"https:\/\/heinrich-bussmann-schule.de\/index.php?rest_route=\/wp\/v2\/users\/2"}],"replies":[{"embeddable":true,"href":"https:\/\/heinrich-bussmann-schule.de\/index.php?rest_route=%2Fwp%2Fv2%2Fcomments&post=76"}],"version-history":[{"count":1,"href":"https:\/\/heinrich-bussmann-schule.de\/index.php?rest_route=\/wp\/v2\/pages\/76\/revisions"}],"predecessor-version":[{"id":2007,"href":"https:\/\/heinrich-bussmann-schule.de\/index.php?rest_route=\/wp\/v2\/pages\/76\/revisions\/2007"}],"up":[{"embeddable":true,"href":"https:\/\/heinrich-bussmann-schule.de\/index.php?rest_route=\/wp\/v2\/pages\/11"}],"wp:attachment":[{"href":"https:\/\/heinrich-bussmann-schule.de\/index.php?rest_route=%2Fwp%2Fv2%2Fmedia&parent=76"}],"curies":[{"name":"wp","href":"https:\/\/api.w.org\/{rel}","templated":true}]}}