{"id":87,"date":"2021-06-03T15:35:28","date_gmt":"2021-06-03T13:35:28","guid":{"rendered":"https:\/\/www.heinrich-bussmann-schule.de\/?page_id=87"},"modified":"2021-09-20T07:08:46","modified_gmt":"2021-09-20T05:08:46","slug":"mitarbeiter","status":"publish","type":"page","link":"https:\/\/heinrich-bussmann-schule.de\/?page_id=87","title":{"rendered":"Mitarbeiter:innen"},"content":{"rendered":"<p><img fetchpriority=\"high\" decoding=\"async\" src=\"https:\/\/heinrich-bussmann-schule.de\/wp-content\/uploads\/2021\/08\/Reinigungskraft-scaled.jpg\" alt=\"Reinigungskraft\" width=\"2560\" height=\"1706\" class=\"alignnone size-full wp-image-800\" srcset=\"https:\/\/heinrich-bussmann-schule.de\/wp-content\/uploads\/2021\/08\/Reinigungskraft-scaled.jpg 2560w, https:\/\/heinrich-bussmann-schule.de\/wp-content\/uploads\/2021\/08\/Reinigungskraft-300x200.jpg 300w, https:\/\/heinrich-bussmann-schule.de\/wp-content\/uploads\/2021\/08\/Reinigungskraft-1024x683.jpg 1024w, https:\/\/heinrich-bussmann-schule.de\/wp-content\/uploads\/2021\/08\/Reinigungskraft-768x512.jpg 768w, https:\/\/heinrich-bussmann-schule.de\/wp-content\/uploads\/2021\/08\/Reinigungskraft-1536x1024.jpg 1536w, https:\/\/heinrich-bussmann-schule.de\/wp-content\/uploads\/2021\/08\/Reinigungskraft-2048x1365.jpg 2048w, https:\/\/heinrich-bussmann-schule.de\/wp-content\/uploads\/2021\/08\/Reinigungskraft-660x440.jpg 660w, https:\/\/heinrich-bussmann-schule.de\/wp-content\/uploads\/2021\/08\/Reinigungskraft-1000x667.jpg 1000w, https:\/\/heinrich-bussmann-schule.de\/wp-content\/uploads\/2021\/08\/Reinigungskraft-373x248.jpg 373w\" sizes=\"(max-width: 2560px) 100vw, 2560px\" \/><\/p>\n<p class=\"intro\">T\u00e4glich wird unser Team Schule zuverl\u00e4ssig durch unseren Hausmeister und die Reinigungskr\u00e4fte unterst\u00fctzt.<\/p>\n<p><span class=\"dropcap\">U<\/span>nser Hausmeister Herr Mroczkowski, f\u00fcr alle kurz Gregor, ist morgens der Erste im Schulgeb\u00e4ude. Auf einem ersten Rundgang vergewissert er sich, dass alles in Ordnung ist und \u00f6ffnet die T\u00fcren f\u00fcr Lehrer:innen und Sch\u00fcler:innen.<br \/>\nKleine und gro\u00dfe Reparaturen im Schulgeb\u00e4ude z\u00e4hlen u.a. zu seinen Aufgaben. Als Ansprechpartner f\u00fcr Handwerker und Lieferanten sorgt er t\u00e4glich daf\u00fcr, dass unser Schulgeb\u00e4ude und die Au\u00dfenfl\u00e4chen in einem guten und sauberen Zustand sind. Ganz neu im Team ist er schon jetzt ein fester Bestandteil.<\/p>\n<p>F\u00fcr die Sauberkeit in der Heinrich-Bu\u00dfmann-Schule sind unsere gesch\u00e4tzten Reinigungskr\u00e4fte zust\u00e4ndig. Nicht zuletzt seit der Corona-Pandemie wissen wir um ihren wertvollen Beitrag am Schulleben. Dank ihnen d\u00fcrfen wir jeden Tags von einer sauberen Lern- und Arbeitsatmosph\u00e4re profitieren. Sie sind die Letzten im Haus ehe ein neuer bunter, lehrreicher und ereignisreicher Schultag beginnt.  <\/p>\n<p>Sie alle sind unverzichtbare Alltagshelfer:innen und ein wichtiger Teil unserer Schule!<\/p>\n","protected":false},"excerpt":{"rendered":"<p>T\u00e4glich wird unser Team Schule zuverl\u00e4ssig durch unseren Hausmeister und die Reinigungskr\u00e4fte unterst\u00fctzt. Unser Hausmeister Herr Mroczkowski, f\u00fcr alle kurz Gregor, ist morgens der Erste im Schulgeb\u00e4ude. Auf einem ersten&hellip; <a class=\"excerpt-more-link\" href=\"https:\/\/heinrich-bussmann-schule.de\/?page_id=87\">Weiterlesen<\/a><\/p>\n","protected":false},"author":2,"featured_media":0,"parent":36,"menu_order":90,"comment_status":"closed","ping_status":"closed","template":"","meta":{"ngg_post_thumbnail":0,"footnotes":""},"class_list":["post-87","page","type-page","status-publish","hentry"],"_links":{"self":[{"href":"https:\/\/heinrich-bussmann-schule.de\/index.php?rest_route=\/wp\/v2\/pages\/87","targetHints":{"allow":["GET"]}}],"collection":[{"href":"https:\/\/heinrich-bussmann-schule.de\/index.php?rest_route=\/wp\/v2\/pages"}],"about":[{"href":"https:\/\/heinrich-bussmann-schule.de\/index.php?rest_route=\/wp\/v2\/types\/page"}],"author":[{"embeddable":true,"href":"https:\/\/heinrich-bussmann-schule.de\/index.php?rest_route=\/wp\/v2\/users\/2"}],"replies":[{"embeddable":true,"href":"https:\/\/heinrich-bussmann-schule.de\/index.php?rest_route=%2Fwp%2Fv2%2Fcomments&post=87"}],"version-history":[{"count":2,"href":"https:\/\/heinrich-bussmann-schule.de\/index.php?rest_route=\/wp\/v2\/pages\/87\/revisions"}],"predecessor-version":[{"id":2269,"href":"https:\/\/heinrich-bussmann-schule.de\/index.php?rest_route=\/wp\/v2\/pages\/87\/revisions\/2269"}],"up":[{"embeddable":true,"href":"https:\/\/heinrich-bussmann-schule.de\/index.php?rest_route=\/wp\/v2\/pages\/36"}],"wp:attachment":[{"href":"https:\/\/heinrich-bussmann-schule.de\/index.php?rest_route=%2Fwp%2Fv2%2Fmedia&parent=87"}],"curies":[{"name":"wp","href":"https:\/\/api.w.org\/{rel}","templated":true}]}}