{"id":92,"date":"2021-06-03T16:05:37","date_gmt":"2021-06-03T14:05:37","guid":{"rendered":"https:\/\/www.heinrich-bussmann-schule.de\/?page_id=92"},"modified":"2022-12-21T15:08:24","modified_gmt":"2022-12-21T14:08:24","slug":"service","status":"publish","type":"page","link":"https:\/\/heinrich-bussmann-schule.de\/?page_id=92","title":{"rendered":"Service"},"content":{"rendered":"<p class=\"intro\">Nachfolgend finden Sie Informationen f\u00fcr Eltern und Erziehungsberechtigte und Ihre Kinder.<\/p>\n<p><span class=\"dropcap\">Z<\/span>us\u00e4tzlich stellen wir Ihnen Links und Downloads rund um das Schulleben an der Heinrich-Bu\u00dfmann-Schule zusammen. Das Serviceangebot wird kontinuierlich erg\u00e4nzt. <\/p>\n<p><a href=\"https:\/\/heinrich-bussmann-schule.de\/?page_id=90\">Informationen<\/a><br \/>\n<a href=\"https:\/\/heinrich-bussmann-schule.de\/?page_id=1198\">Termine<\/a><br \/>\n<a href=\"https:\/\/heinrich-bussmann-schule.de\/?page_id=1189\">Schulordnung<\/a><br \/>\n<a href=\"https:\/\/heinrich-bussmann-schule.de\/?page_id=1196\">Links &#038; Downloads<\/a><br \/>\n<a href=\"https:\/\/heinrich-bussmann-schule.de\/?page_id=1192\">Herkunftssprachlicher Unterricht<\/a><\/p>\n","protected":false},"excerpt":{"rendered":"<p>Nachfolgend finden Sie Informationen f\u00fcr Eltern und Erziehungsberechtigte und Ihre Kinder. Zus\u00e4tzlich stellen wir Ihnen Links und Downloads rund um das Schulleben an der Heinrich-Bu\u00dfmann-Schule zusammen. Das Serviceangebot wird kontinuierlich&hellip; <a class=\"excerpt-more-link\" href=\"https:\/\/heinrich-bussmann-schule.de\/?page_id=92\">Weiterlesen<\/a><\/p>\n","protected":false},"author":2,"featured_media":0,"parent":0,"menu_order":5,"comment_status":"closed","ping_status":"closed","template":"","meta":{"ngg_post_thumbnail":0,"footnotes":""},"class_list":["post-92","page","type-page","status-publish","hentry"],"_links":{"self":[{"href":"https:\/\/heinrich-bussmann-schule.de\/index.php?rest_route=\/wp\/v2\/pages\/92","targetHints":{"allow":["GET"]}}],"collection":[{"href":"https:\/\/heinrich-bussmann-schule.de\/index.php?rest_route=\/wp\/v2\/pages"}],"about":[{"href":"https:\/\/heinrich-bussmann-schule.de\/index.php?rest_route=\/wp\/v2\/types\/page"}],"author":[{"embeddable":true,"href":"https:\/\/heinrich-bussmann-schule.de\/index.php?rest_route=\/wp\/v2\/users\/2"}],"replies":[{"embeddable":true,"href":"https:\/\/heinrich-bussmann-schule.de\/index.php?rest_route=%2Fwp%2Fv2%2Fcomments&post=92"}],"version-history":[{"count":4,"href":"https:\/\/heinrich-bussmann-schule.de\/index.php?rest_route=\/wp\/v2\/pages\/92\/revisions"}],"predecessor-version":[{"id":3134,"href":"https:\/\/heinrich-bussmann-schule.de\/index.php?rest_route=\/wp\/v2\/pages\/92\/revisions\/3134"}],"wp:attachment":[{"href":"https:\/\/heinrich-bussmann-schule.de\/index.php?rest_route=%2Fwp%2Fv2%2Fmedia&parent=92"}],"curies":[{"name":"wp","href":"https:\/\/api.w.org\/{rel}","templated":true}]}}